{"id":86,"date":"2020-01-10T18:54:41","date_gmt":"2020-01-10T17:54:41","guid":{"rendered":"http:\/\/jfpiquet.com\/?page_id=86"},"modified":"2020-01-10T19:17:14","modified_gmt":"2020-01-10T18:17:14","slug":"loeil-de-boeuf","status":"publish","type":"page","link":"https:\/\/jfpiquet.com\/?page_id=86","title":{"rendered":"L&rsquo;\u0152il de b\u0153uf"},"content":{"rendered":"\n<p>\u00c9ditions de la Diff\u00e9rence, 1983.<\/p>\n\n\n\n<p>Ouvrage \u00e9puis\u00e9 dans cette version mais r\u00e9\u00e9dit\u00e9 en 2004 aux \u00c9ditions Joca Seria dans une version enti\u00e8rement revue et corrig\u00e9e [cf : <em><a href=\"https:\/\/jfpiquet.com\/?page_id=93\">L&rsquo;\u0152il de b\u0153uf (2004)<\/a><\/em>].<br>Peinture de couverture&nbsp;: James Ensor. <\/p>\n\n\n\n<div class=\"wp-block-image\"><figure class=\"aligncenter\"><img decoding=\"async\" loading=\"lazy\" width=\"200\" height=\"300\" src=\"https:\/\/jfpiquet.com\/wp-content\/uploads\/2020\/01\/OdB_83-200x300.jpg\" alt=\"Couverture de l'\u00e9dition originale de L'Oeil de Boeuf (1983)\" class=\"wp-image-90\" srcset=\"https:\/\/jfpiquet.com\/wp-content\/uploads\/2020\/01\/OdB_83-200x300.jpg 200w, https:\/\/jfpiquet.com\/wp-content\/uploads\/2020\/01\/OdB_83-768x1150.jpg 768w, https:\/\/jfpiquet.com\/wp-content\/uploads\/2020\/01\/OdB_83-684x1024.jpg 684w, https:\/\/jfpiquet.com\/wp-content\/uploads\/2020\/01\/OdB_83.jpg 1215w\" sizes=\"(max-width: 200px) 100vw, 200px\" \/><\/figure><\/div>\n\n\n\n<p><em>Coupures de presse<\/em><\/p>\n\n\n\n<p>\u00ab M\u00e9ditation philosophique sur le temps, ce premier roman est aussi le commencement d&rsquo;un monde, o\u00f9 la parole tente son \u00e9chapp\u00e9e, sa m\u00e9tamorphose. Une exp\u00e9rience litt\u00e9raire v\u00e9cue jusqu&rsquo;\u00e0 la limite du supportable. Un livre violent, chaotique, mais n\u00e9cessaire.&nbsp;\u00bb<br>J.-M.G. LE CLEZIO, <br><em>Le Monde<\/em>, 24 f\u00e9vrier 1984<br><\/p>\n\n\n\n<hr class=\"wp-block-separator\"\/>\n\n\n\n<p>\u00ab &#8230;dans cette premi\u00e8re \u0153uvre, l&rsquo;auteur a bien su \u00e9tablir une distinction entre le r\u00e9seau proprement romanesque (&#8230;) et les fils plus l\u00e2ches d&rsquo;une narration bris\u00e9e \u00e0 l&rsquo;image des fragments d\u00e9cevants, d\u00e9risoires, du r\u00e9el qu&rsquo;il per\u00e7oit.&nbsp;\u00bb<br>Francine de MARTINOIR,<br><em>La Nouvelle Revue Fran\u00e7aise<\/em>, janvier 1984<br><\/p>\n\n\n\n<hr class=\"wp-block-separator\"\/>\n\n\n\n<p>\u00ab Roman selon l&rsquo;\u00e9diteur, ce tr\u00e8s beau texte m&rsquo;appara\u00eet plut\u00f4t comme un long po\u00e8me en prose. J-F. a le talent de voir&nbsp;\u00bb<br>Pascal LAINE,<br><em>VSD<\/em>, 20-26 octobre 1983<br><\/p>\n\n\n\n<hr class=\"wp-block-separator\"\/>\n\n\n\n<p>\u00ab &#8230;un roman \u00e0 l&rsquo;image de la m\u00e9moire, oeil-de-boeuf elle-m\u00eame sur notre pass\u00e9 : infid\u00e8le sans doute, parce que seulement fid\u00e8le \u00e0 son propre regard et convaincant.&nbsp;\u00bb<br>Louise LAMBERT,<br><em>La Croix<\/em>, 15 octobre 1983<br><\/p>\n\n\n\n<hr class=\"wp-block-separator\"\/>\n\n\n\n<p>\u00ab &#8230;un surprenant premier livre (\u2026). 1983, qui nous a d\u00e9j\u00e0 donn\u00e9 Host nous donne aujourd\u2019hui Piquet. Ann\u00e9e \u00e0 marquer d\u2019une pierre blanche.&nbsp;\u00bb<br>Pierre BOURGEADE,<br><em>F.Magazine<\/em>, d\u00e9cembre 1983 <\/p>\n","protected":false},"excerpt":{"rendered":"<p>\u00c9ditions de la Diff\u00e9rence, 1983. Ouvrage \u00e9puis\u00e9 dans cette version mais r\u00e9\u00e9dit\u00e9 en 2004 aux \u00c9ditions Joca Seria dans une version enti\u00e8rement [&hellip;]<\/p>\n","protected":false},"author":2,"featured_media":90,"parent":0,"menu_order":0,"comment_status":"closed","ping_status":"closed","template":"","meta":[],"_links":{"self":[{"href":"https:\/\/jfpiquet.com\/index.php?rest_route=\/wp\/v2\/pages\/86"}],"collection":[{"href":"https:\/\/jfpiquet.com\/index.php?rest_route=\/wp\/v2\/pages"}],"about":[{"href":"https:\/\/jfpiquet.com\/index.php?rest_route=\/wp\/v2\/types\/page"}],"author":[{"embeddable":true,"href":"https:\/\/jfpiquet.com\/index.php?rest_route=\/wp\/v2\/users\/2"}],"replies":[{"embeddable":true,"href":"https:\/\/jfpiquet.com\/index.php?rest_route=%2Fwp%2Fv2%2Fcomments&post=86"}],"version-history":[{"count":8,"href":"https:\/\/jfpiquet.com\/index.php?rest_route=\/wp\/v2\/pages\/86\/revisions"}],"predecessor-version":[{"id":111,"href":"https:\/\/jfpiquet.com\/index.php?rest_route=\/wp\/v2\/pages\/86\/revisions\/111"}],"wp:featuredmedia":[{"embeddable":true,"href":"https:\/\/jfpiquet.com\/index.php?rest_route=\/wp\/v2\/media\/90"}],"wp:attachment":[{"href":"https:\/\/jfpiquet.com\/index.php?rest_route=%2Fwp%2Fv2%2Fmedia&parent=86"}],"curies":[{"name":"wp","href":"https:\/\/api.w.org\/{rel}","templated":true}]}}