{"id":786,"date":"2021-08-26T08:57:19","date_gmt":"2021-08-26T06:57:19","guid":{"rendered":"https:\/\/jfpiquet.com\/?page_id=786"},"modified":"2021-08-26T08:57:19","modified_gmt":"2021-08-26T06:57:19","slug":"archives","status":"publish","type":"page","link":"https:\/\/jfpiquet.com\/?page_id=786","title":{"rendered":"Archives"},"content":{"rendered":"\n<p class=\"has-text-align-center\"> <strong>Mars-avril 2020 : Des jours extraordinaires<\/strong><br><em>Journaux crois\u00e9s de Fran\u00e7oise Roques<\/em><br><em>&amp; Jacques-Fran\u00e7ois Piquet<\/em><br><a href=\"https:\/\/jfpiquet.com\/?page_id=685\">Semaine 1<\/a> \u2022 <a href=\"https:\/\/jfpiquet.com\/?page_id=593\">Semaine 2<\/a> \u2022 <a href=\"https:\/\/jfpiquet.com\/?page_id=642\">Semaine 3<\/a> <\/p>\n","protected":false},"excerpt":{"rendered":"<p>Mars-avril 2020 : Des jours extraordinairesJournaux crois\u00e9s de Fran\u00e7oise Roques&amp; Jacques-Fran\u00e7ois PiquetSemaine 1 \u2022 Semaine 2 \u2022 Semaine 3<\/p>\n","protected":false},"author":2,"featured_media":0,"parent":0,"menu_order":0,"comment_status":"closed","ping_status":"closed","template":"","meta":[],"_links":{"self":[{"href":"https:\/\/jfpiquet.com\/index.php?rest_route=\/wp\/v2\/pages\/786"}],"collection":[{"href":"https:\/\/jfpiquet.com\/index.php?rest_route=\/wp\/v2\/pages"}],"about":[{"href":"https:\/\/jfpiquet.com\/index.php?rest_route=\/wp\/v2\/types\/page"}],"author":[{"embeddable":true,"href":"https:\/\/jfpiquet.com\/index.php?rest_route=\/wp\/v2\/users\/2"}],"replies":[{"embeddable":true,"href":"https:\/\/jfpiquet.com\/index.php?rest_route=%2Fwp%2Fv2%2Fcomments&post=786"}],"version-history":[{"count":1,"href":"https:\/\/jfpiquet.com\/index.php?rest_route=\/wp\/v2\/pages\/786\/revisions"}],"predecessor-version":[{"id":787,"href":"https:\/\/jfpiquet.com\/index.php?rest_route=\/wp\/v2\/pages\/786\/revisions\/787"}],"wp:attachment":[{"href":"https:\/\/jfpiquet.com\/index.php?rest_route=%2Fwp%2Fv2%2Fmedia&parent=786"}],"curies":[{"name":"wp","href":"https:\/\/api.w.org\/{rel}","templated":true}]}}