{"id":734,"date":"2020-12-19T07:56:47","date_gmt":"2020-12-19T06:56:47","guid":{"rendered":"http:\/\/jfpiquet.com\/?page_id=734"},"modified":"2021-11-08T16:34:01","modified_gmt":"2021-11-08T15:34:01","slug":"blog-archives","status":"publish","type":"page","link":"https:\/\/jfpiquet.com\/?page_id=734","title":{"rendered":"Blog"},"content":{"rendered":"\n<figure class=\"wp-block-image size-large\"><img decoding=\"async\" loading=\"lazy\" width=\"1024\" height=\"659\" src=\"https:\/\/jfpiquet.com\/wp-content\/uploads\/2021\/10\/carte-tableau-verso-site-1024x659.jpg\" alt=\"\" class=\"wp-image-797\" srcset=\"https:\/\/jfpiquet.com\/wp-content\/uploads\/2021\/10\/carte-tableau-verso-site-1024x659.jpg 1024w, https:\/\/jfpiquet.com\/wp-content\/uploads\/2021\/10\/carte-tableau-verso-site-600x386.jpg 600w, https:\/\/jfpiquet.com\/wp-content\/uploads\/2021\/10\/carte-tableau-verso-site-300x193.jpg 300w, https:\/\/jfpiquet.com\/wp-content\/uploads\/2021\/10\/carte-tableau-verso-site-768x494.jpg 768w, https:\/\/jfpiquet.com\/wp-content\/uploads\/2021\/10\/carte-tableau-verso-site-1536x988.jpg 1536w, https:\/\/jfpiquet.com\/wp-content\/uploads\/2021\/10\/carte-tableau-verso-site-830x534.jpg 830w, https:\/\/jfpiquet.com\/wp-content\/uploads\/2021\/10\/carte-tableau-verso-site-230x148.jpg 230w, https:\/\/jfpiquet.com\/wp-content\/uploads\/2021\/10\/carte-tableau-verso-site-350x225.jpg 350w, https:\/\/jfpiquet.com\/wp-content\/uploads\/2021\/10\/carte-tableau-verso-site-480x309.jpg 480w, https:\/\/jfpiquet.com\/wp-content\/uploads\/2021\/10\/carte-tableau-verso-site.jpg 1772w\" sizes=\"(max-width: 1024px) 100vw, 1024px\" \/><figcaption><em>JFP ou L&rsquo;invention de soi, <\/em>huile sur toile 116cmx0,73cm, <strong>Sabine Stellittano, <\/strong>2021<\/figcaption><\/figure>\n\n\n\n<p class=\"has-text-align-right has-medium-font-size\"><strong><a href=\"https:\/\/jfpiquet.com\/?page_id=786\">ARCHIVES<\/a><\/strong><\/p>\n\n\n\n<p>             Dans un de mes livres, <em>Suite nantaise, <\/em>publi\u00e9 en 2013 aux Editions Rhubarbe, je m\u2019impose un exercice d\u2019\u00e9criture qui consiste \u00e0 dresser un autoportrait \u00e0 partir des lettres qui composent mon pr\u00e9nom. D\u00e8s la premi\u00e8re lettre de Jacques, je disais qu\u2019elle \u00e9tait tout \u00e0 la fois le J du JE et le J du JEU, et que pour moi l\u2019\u00e9criture ne pouvait se concevoir qu\u2019entre ces deux p\u00f4les\u00a0: hors JE, disais-je, elle rel\u00e8ve de l\u2019imposture\u00a0; hors JEU, elle s\u2019expose \u00e0 l\u2019ennui. J\u2019entendais par-l\u00e0 que ne pas mettre de soi, ne pas s\u2019impliquer personnellement dans un \u00e9crit est une forme d\u2019imposture puisqu\u2019on pr\u00e9tend \u00eatre ce que l\u2019on n\u2019est pas, un personnage qui n\u2019est pas soi\u00a0; par ailleurs, sans le recours aux artifices de style et de forme qui accrochent le lecteur et quelque part se jouent de lui, le livre risquerait d\u2019\u00eatre ennuyeux. Le JEU induit \u00e9galement une prise de distance par rapport \u00e0 soi et, en l&rsquo;occurrence, \u00e0 l&rsquo;image de soi.<\/p>\n\n\n\n<p>&nbsp;&nbsp;&nbsp;&nbsp;&nbsp;&nbsp;&nbsp;&nbsp;&nbsp;&nbsp;&nbsp; En acceptant de poser pour ce tableau, j\u2019avais ces m\u00eames notions de JE et de JEU en t\u00eate. Sans doute celles-ci ne se sont-elles pas impos\u00e9es d\u2019embl\u00e9e puisqu\u2019il m\u2019a fallu plusieurs ann\u00e9es avant de r\u00e9pondre positivement \u00e0 l\u2019invitation de Sabine Stellittano. J\u2019avais vu plusieurs des portraits qu\u2019elle avait r\u00e9alis\u00e9s, notamment lorsque nous partagions une r\u00e9sidence d\u2019artistes dans un h\u00f4pital psychiatrique et chaque fois, m\u00eame si j\u2019admirais l\u2019\u0153uvre termin\u00e9e, je ne pouvais m\u2019emp\u00eacher de penser que ce n\u2019\u00e9tait pas pour moi, que je ne pourrais pas poser ainsi, me montrer de la sorte au public, que le r\u00e9sultat m\u2019indisposerait forc\u00e9ment, voire me d\u00e9plairait.<\/p>\n\n\n\n<p>&nbsp;&nbsp;&nbsp;&nbsp;&nbsp;&nbsp;&nbsp;&nbsp;&nbsp;&nbsp;&nbsp; Qu\u2019est-il alors advenu pour que je change d\u2019avis et r\u00e9ponde un jour \u00e0 l\u2019invitation de Sabine&nbsp;par un oui, pourquoi pas&nbsp;?<\/p>\n\n\n\n<p>&nbsp;&nbsp;&nbsp;&nbsp;&nbsp;&nbsp;&nbsp;&nbsp;&nbsp;&nbsp;&nbsp; Deux choses, l\u2019une, tr\u00e8s contextuelle, je venais de finir un livre et me sentais d\u00e9tendu comme cela m\u2019arrive rarement&nbsp;; l\u2019autre, j\u2019avais visit\u00e9 quelque temps auparavant une exposition d\u2019une douzaine de toiles du Caravage (1571-1610) au mus\u00e9e Jacquemart-Andr\u00e9 dans le 8<sup>\u00e8me<\/sup> arrondissement de Paris, dont l\u2019une m\u2019avait beaucoup impressionn\u00e9 par son th\u00e8me et par la force qui s\u2019en d\u00e9gageait&nbsp;: il s\u2019agissait de <em>Saint-J\u00e9r\u00f4me \u00e9crivant, <\/em>peint en 1605-1606, conserv\u00e9 \u00e0 la galerie Borgh\u00e8se de Rome. Pr\u00e9tendre que je me suis identifi\u00e9 \u00e0 ce haut personnage qui consacra sa vie enti\u00e8re \u00e0 l\u2019\u00e9criture serait exag\u00e9r\u00e9, mais quelque chose dans la repr\u00e9sentation d\u2019un homme en train d\u2019\u00e9crire m\u2019a touch\u00e9 au plus profond. Le premier confinement \u2013 en mars et avril 2020 \u2013 m\u2019avait en quelque sorte rapproch\u00e9 de la figure de Saint-J\u00e9r\u00f4me du fait que moi aussi, priv\u00e9 de tout autre sortie et loisir, je ne faisais plus qu\u2019\u00e9crire, au point que mon amie Fran\u00e7oise osa la comparaison sur le mode comique en publiant sur Facebook trois fois la toile du Caravage qu\u2019elle l\u00e9genda respectivement avant, pendant et apr\u00e8s le confinement, signifiant par-l\u00e0 que quelles que soient les circonstances, la vie de l\u2019\u00e9crivain \u2013 la mienne en l\u2019occurrence &#8211; ne changeait gu\u00e8re. Nul doute aujourd\u2019hui que cette moquerie bienveillante a influ\u00e9 sur ma d\u00e9cision de me faire peindre en Saint-J\u00e9r\u00f4me. Sabine, il va sans dire, a d\u2019embl\u00e9e appr\u00e9ci\u00e9 l\u2019id\u00e9e et, toutes affaires cessantes, peut-\u00eatre par crainte que je me r\u00e9tracte, s\u2019est mise au travail d\u2019abord en prenant notes et croquis de tout ce que je lui disais sur ma vision du tableau et ce que j\u2019aimerais y voir figurer \u2013 c\u2019est en effet ainsi que Sabine proc\u00e8de quels que soient ses mod\u00e8les \u2013 puis en choisissant la toile au format le mieux appropri\u00e9. Cela fait, il ne me restait plus qu\u2019\u00e0 poser\u2026 enfin, fa\u00e7on de parler, mais j\u2019y reviens dans quelques lignes.<\/p>\n\n\n\n<figure class=\"wp-block-image size-large\"><img decoding=\"async\" loading=\"lazy\" width=\"822\" height=\"1024\" src=\"https:\/\/jfpiquet.com\/wp-content\/uploads\/2021\/10\/Detail-JFP-ou-linvention-de-soi-822x1024.png\" alt=\"\" class=\"wp-image-801\" srcset=\"https:\/\/jfpiquet.com\/wp-content\/uploads\/2021\/10\/Detail-JFP-ou-linvention-de-soi-822x1024.png 822w, https:\/\/jfpiquet.com\/wp-content\/uploads\/2021\/10\/Detail-JFP-ou-linvention-de-soi-482x600.png 482w, https:\/\/jfpiquet.com\/wp-content\/uploads\/2021\/10\/Detail-JFP-ou-linvention-de-soi-241x300.png 241w, https:\/\/jfpiquet.com\/wp-content\/uploads\/2021\/10\/Detail-JFP-ou-linvention-de-soi-768x956.png 768w, https:\/\/jfpiquet.com\/wp-content\/uploads\/2021\/10\/Detail-JFP-ou-linvention-de-soi-1234x1536.png 1234w, https:\/\/jfpiquet.com\/wp-content\/uploads\/2021\/10\/Detail-JFP-ou-linvention-de-soi-1645x2048.png 1645w, https:\/\/jfpiquet.com\/wp-content\/uploads\/2021\/10\/Detail-JFP-ou-linvention-de-soi-830x1034.png 830w, https:\/\/jfpiquet.com\/wp-content\/uploads\/2021\/10\/Detail-JFP-ou-linvention-de-soi-230x286.png 230w, https:\/\/jfpiquet.com\/wp-content\/uploads\/2021\/10\/Detail-JFP-ou-linvention-de-soi-350x436.png 350w, https:\/\/jfpiquet.com\/wp-content\/uploads\/2021\/10\/Detail-JFP-ou-linvention-de-soi-480x598.png 480w\" sizes=\"(max-width: 822px) 100vw, 822px\" \/><figcaption>Mon chat Puck en Lion de Saint-J\u00e9r\u00f4me<\/figcaption><\/figure>\n\n\n\n<p>Lorsque j\u2019ai inform\u00e9 mon amie Fran\u00e7oise de ma d\u00e9cision, celle-ci m\u2019a tout de suite r\u00e9torqu\u00e9 qu\u2019il \u00e9tait hors de question que je campe Saint-J\u00e9r\u00f4me si mon chat ne rempla\u00e7ait pas le lion qui souvent figure \u00e0 ses pieds. Mon air ahuri l\u2019a forc\u00e9e \u00e0 me raconter la l\u00e9gende de Saint-J\u00e9r\u00f4me et du fauve rencontr\u00e9 dans le d\u00e9sert et soign\u00e9 d\u2019une vilaine blessure en raison d\u2019une \u00e9pine enfonc\u00e9e dans sa patte, et de la relation qui s\u2019instaura entre l\u2019homme et la b\u00eate, relation belle et enti\u00e8re comme seuls les contes et l\u00e9gendes savent en produire. C\u2019est ainsi que mon chat, moins gros qu\u2019un lion mais par chance presque de la m\u00eame couleur, se trouva embarqu\u00e9 dans l\u2019histoire. Pour lui, toutefois, pas question de poser, une photo suffirait \u00e0 Sabine.<\/p>\n\n\n\n<p>&nbsp;&nbsp;&nbsp;&nbsp;&nbsp;&nbsp;&nbsp;&nbsp;&nbsp;&nbsp;&nbsp; Il en alla autrement pour moi, rompu \u00e0 l\u2019observation des autres, enclin m\u00eame au voyeurisme, mais pas du tout habitu\u00e9 \u00e0 me livrer au regard d\u2019autrui, \u00e0 endosser le r\u00f4le du mod\u00e8le, d\u00e9j\u00e0 que je rechigne pour un instantan\u00e9 photographique, alors l\u00e0, poser pendant de longues minutes\u2026 Pour me donner contenance, j\u2019ai parl\u00e9 et m\u00eame lu \u00e0 voix haute un texte que j\u2019avais fait appara\u00eetre sur l\u2019\u00e9cran de mon ordinateur plac\u00e9 devant moi, et forc\u00e9ment quand on parle on bouge et \u00e0 deux reprises Sabine m\u2019a demand\u00e9 de me taire car elle \u00ab&nbsp;m\u2019avait perdu&nbsp;\u00bb, ce sont ses termes et ils signifiaient qu\u2019elle n\u2019arrivait pas \u00e0 me fixer sur la toile, que mes yeux mon visage \u00e9taient tant\u00f4t tourn\u00e9s vers la droite, tant\u00f4t vers la gauche.&nbsp; Alors je me suis tu, le plus longtemps que j\u2019ai pu, m\u2019effor\u00e7ant de garder mon regard fix\u00e9 sur un point pr\u00e9cis, de ne penser \u00e0 rien en particulier, autant dire \u00e0 tout et n\u2019importe quoi, du moment que ma presque parfaite immobilit\u00e9 ne s\u2019en trouv\u00e2t pas alt\u00e9r\u00e9e. La t\u00eate en place sur la toile, le plus dur \u00e9tait fait, le reste, bras et mains, n\u00e9cessitaient certes de ne pas bouger mais au moins je pouvais parler&nbsp;! En trois s\u00e9ances de pose sur trois jours, le portrait \u00e9tait fait, \u00e0 Sabine ensuite d\u2019habiller le tableau avec les \u00e9l\u00e9ments du d\u00e9cor, chat, livres, \u00e9cran, etc. lesquels ne n\u00e9cessitaient pas ma pr\u00e9sence. C\u2019est ainsi qu\u2019\u00e0 la mi-mars 2021, soit \u00e0 peine deux mois apr\u00e8s sa mise en chantier, le tableau \u00e9tait fini et Sabine m\u2019invitait \u00e0 le d\u00e9couvrir. D\u2019embl\u00e9e j\u2019en ai aim\u00e9 la composition et d\u2019embl\u00e9e je m\u2019y suis reconnu et ai appr\u00e9ci\u00e9 l\u2019image de moi qu\u2019elle avait fix\u00e9e sur la toile. Je voulais un portrait \u00ab&nbsp;litt\u00e9raire&nbsp;\u00bb et mon souhait \u00e9tait exauc\u00e9&nbsp;: on me voyait en train d\u2019\u00e9crire entour\u00e9 de mes livres et d\u2019\u00e9l\u00e9ments de d\u00e9cor qui, pour l\u2019essentiel, appartenaient \u00e0 mon univers romanesque. Je voulais que la repr\u00e9sentation souvent trop s\u00e9rieuse de l\u2019\u00e9crivain soit \u00e9gratign\u00e9e par des touches d\u2019humour&nbsp;et l\u00e0 encore mon souhait \u00e9tait exauc\u00e9&nbsp;: moi en Saint-J\u00e9r\u00f4me, mon chat en lion et la pr\u00e9sence du cr\u00e2ne me rappelant la vanit\u00e9 de l\u2019entreprise.<\/p>\n\n\n\n<figure class=\"wp-block-image size-large\"><img decoding=\"async\" loading=\"lazy\" width=\"931\" height=\"1024\" src=\"https:\/\/jfpiquet.com\/wp-content\/uploads\/2021\/10\/carte-tableau-verso-site-2-931x1024.jpg\" alt=\"\" class=\"wp-image-805\" srcset=\"https:\/\/jfpiquet.com\/wp-content\/uploads\/2021\/10\/carte-tableau-verso-site-2-931x1024.jpg 931w, https:\/\/jfpiquet.com\/wp-content\/uploads\/2021\/10\/carte-tableau-verso-site-2-545x600.jpg 545w, https:\/\/jfpiquet.com\/wp-content\/uploads\/2021\/10\/carte-tableau-verso-site-2-273x300.jpg 273w, https:\/\/jfpiquet.com\/wp-content\/uploads\/2021\/10\/carte-tableau-verso-site-2-768x845.jpg 768w, https:\/\/jfpiquet.com\/wp-content\/uploads\/2021\/10\/carte-tableau-verso-site-2-830x913.jpg 830w, https:\/\/jfpiquet.com\/wp-content\/uploads\/2021\/10\/carte-tableau-verso-site-2-230x253.jpg 230w, https:\/\/jfpiquet.com\/wp-content\/uploads\/2021\/10\/carte-tableau-verso-site-2-350x385.jpg 350w, https:\/\/jfpiquet.com\/wp-content\/uploads\/2021\/10\/carte-tableau-verso-site-2-480x528.jpg 480w, https:\/\/jfpiquet.com\/wp-content\/uploads\/2021\/10\/carte-tableau-verso-site-2.jpg 1009w\" sizes=\"(max-width: 931px) 100vw, 931px\" \/><\/figure>\n\n\n\n<p>Toute \u0153uvre se devant de conserver une part de myst\u00e8re, je ne souhaite pas \u00ab&nbsp;expliquer&nbsp;\u00bb le tableau dans ses moindres d\u00e9tails. Il est toutefois difficile de faire l\u2019impasse sur la repr\u00e9sentation des livres en suspens qui occupent toute la partie gauche de la toile. A l\u2019origine, et cela remonte pr\u00e9cis\u00e9ment au 22 septembre 2015, la volont\u00e9 de tourner symboliquement une page de ma vie d\u2019avant et pour ce faire, de pendre aux branches d\u2019un arbre de mon jardin les treize livres que j\u2019avais alors \u00e9crits. La d\u00e9marche \u00e9tait th\u00e9\u00e2trale, j\u2019en conviens, mais j\u2019avais besoin de la mat\u00e9rialit\u00e9 de cette installation pour pouvoir avancer et envisager mon avenir. L\u2019id\u00e9e premi\u00e8re sous-jacente \u00e9tait de tenir journal de la d\u00e9gradation de mes livres soumis aux intemp\u00e9ries comme je l\u2019aurais fait de mon propre vieillissement. En v\u00e9rit\u00e9, et cela est souvent le cas, le plaisir d\u2019\u00e9crire m\u2019a amen\u00e9 \u00e0 en dire bien davantage, m\u00ealant pass\u00e9, pr\u00e9sent et futur au fil des pages de ce journal tenu pendant neuf mois. Il en a r\u00e9sult\u00e9 un livre intitul\u00e9 <em>L\u2019\u00e9preuve du temps,<\/em> qui n\u2019\u00e9chappe pas aux artifices de la fiction \u2013 j\u2019en suis incapable \u2013 mais qui n\u2019en dit pas moins l\u2019essentiel sur mon rapport au monde et au temps qui passe.<\/p>\n\n\n\n<p>&nbsp;&nbsp;&nbsp;&nbsp;&nbsp;&nbsp;&nbsp;&nbsp;&nbsp;&nbsp;&nbsp; Sabine Stellittano a souhait\u00e9 repr\u00e9senter ces livres en suspens d\u2019une part parce que l\u2019installation lui semblait en harmonie avec l\u2019esprit de la toile, d\u2019autre part parce que les livres eux-m\u00eames, en tant qu\u2019objets ab\u00eem\u00e9s par le temps, l\u2019ont s\u00e9duite sur le plan pictural. C\u2019est sans doute cette partie du tableau qui lui a demand\u00e9 le plus de temps et de travail. Que puis-je en dire si ce n\u2019est qu\u2019en voyant ainsi mes livres flotter dans l\u2019espace, je ne retrouve plus seulement la volont\u00e9 premi\u00e8re de ma d\u00e9marche mais y vois un sens nouveau, \u00e0 savoir que mes livres, une fois publi\u00e9s, ne m\u2019appartiennent plus et vivent leur propre vie dans le monde, anim\u00e9s par un souffle qui n\u2019est plus le mien. Ainsi, de l\u2019\u00e9crivain en \u00e9criture \u00e0 ses livres \u00e9voluant dans l\u2019espace, l\u2019\u00e9lan cr\u00e9atif prend forme d\u2019une courbe que souligne le signet bleu du grand livre que repr\u00e9sente la toile&nbsp;: dire que ce signet \u00e9pouse les m\u00e9andres de la Loire est d\u00e9j\u00e0 trop en dire sur le rapport de l\u2019auteur \u00e0 ce fleuve et sur l\u2019un de ses livres dont il est le fil conducteur jusqu\u2019\u00e0 la mer\u2026<\/p>\n\n\n\n<p>&nbsp;&nbsp;&nbsp;&nbsp;&nbsp;&nbsp;&nbsp;&nbsp;&nbsp;&nbsp;&nbsp; Pour conclure sans entrer plus avant dans les d\u00e9tails du tableau, j\u2019ajouterais quelques mots \u00e0 propos de ce petit espace vierge en haut \u00e0 gauche de la toile \u2013 d\u00e9sign\u00e9 \u00ab&nbsp;r\u00e9serve&nbsp;\u00bb en termes de peinture \u2013 qui fait pendant en quelque sorte au cr\u00e2ne pos\u00e9 sur la table de travail de l\u2019\u00e9crivain, ce dernier, \u00e9l\u00e9ment majeur de toute vanit\u00e9, symbolisant&nbsp; la bri\u00e8vet\u00e9 et la fragilit\u00e9 de la vie, quand la r\u00e9serve dirait l\u2019incompl\u00e9tude en tout, art et vie confondus, ce qu\u2019il reste \u00e0 vivre et \u00e0 cr\u00e9er&nbsp;: ainsi le tableau reste-t-il inachev\u00e9\u2026 A chaque regardant de voir dans cette r\u00e9serve ce qu\u2019il souhaite voir ou de s\u2019y pencher comme au bord d\u2019une fen\u00eatre pour y voir au-del\u00e0, une artiste peintre et un \u00e9crivain dans le jeu m\u00eal\u00e9 de leur cr\u00e9ation\u2026<\/p>\n\n\n\n<p><em>Jacques-Fran\u00e7ois Piquet<\/em><\/p>\n\n\n\n<p>Juin-octobre 2021<\/p>\n\n\n\n<p><\/p>\n","protected":false},"excerpt":{"rendered":"<p>ARCHIVES Dans un de mes livres, Suite nantaise, publi\u00e9 en 2013 aux Editions Rhubarbe, je m\u2019impose un exercice d\u2019\u00e9criture qui consiste \u00e0 [&hellip;]<\/p>\n","protected":false},"author":2,"featured_media":0,"parent":0,"menu_order":0,"comment_status":"closed","ping_status":"closed","template":"","meta":[],"_links":{"self":[{"href":"https:\/\/jfpiquet.com\/index.php?rest_route=\/wp\/v2\/pages\/734"}],"collection":[{"href":"https:\/\/jfpiquet.com\/index.php?rest_route=\/wp\/v2\/pages"}],"about":[{"href":"https:\/\/jfpiquet.com\/index.php?rest_route=\/wp\/v2\/types\/page"}],"author":[{"embeddable":true,"href":"https:\/\/jfpiquet.com\/index.php?rest_route=\/wp\/v2\/users\/2"}],"replies":[{"embeddable":true,"href":"https:\/\/jfpiquet.com\/index.php?rest_route=%2Fwp%2Fv2%2Fcomments&post=734"}],"version-history":[{"count":16,"href":"https:\/\/jfpiquet.com\/index.php?rest_route=\/wp\/v2\/pages\/734\/revisions"}],"predecessor-version":[{"id":814,"href":"https:\/\/jfpiquet.com\/index.php?rest_route=\/wp\/v2\/pages\/734\/revisions\/814"}],"wp:attachment":[{"href":"https:\/\/jfpiquet.com\/index.php?rest_route=%2Fwp%2Fv2%2Fmedia&parent=734"}],"curies":[{"name":"wp","href":"https:\/\/api.w.org\/{rel}","templated":true}]}}