{"id":723,"date":"2020-12-16T08:14:23","date_gmt":"2020-12-16T07:14:23","guid":{"rendered":"http:\/\/jfpiquet.com\/?page_id=723"},"modified":"2021-08-07T18:10:24","modified_gmt":"2021-08-07T16:10:24","slug":"ecrits-en-marge","status":"publish","type":"page","link":"https:\/\/jfpiquet.com\/?page_id=723","title":{"rendered":"\u00c9crits en marge"},"content":{"rendered":"\n<p>\u00c9ditions Rhubarbe, 2020.<\/p>\n\n\n\n<p>Illustration de couverture&nbsp;: <a href=\"https:\/\/www.parvati-artwork.com\/\">Parvati<\/a><\/p>\n\n\n\n<div class=\"wp-block-image\"><figure class=\"aligncenter size-thumbnail\"><img decoding=\"async\" loading=\"lazy\" width=\"192\" height=\"300\" src=\"https:\/\/jfpiquet.com\/wp-content\/uploads\/2020\/12\/Photo-de-promo_e\u0301crits-en-marge-192x300.jpg\" alt=\"\" class=\"wp-image-724\" srcset=\"https:\/\/jfpiquet.com\/wp-content\/uploads\/2020\/12\/Photo-de-promo_e\u0301crits-en-marge-192x300.jpg 192w, https:\/\/jfpiquet.com\/wp-content\/uploads\/2020\/12\/Photo-de-promo_e\u0301crits-en-marge-384x600.jpg 384w, https:\/\/jfpiquet.com\/wp-content\/uploads\/2020\/12\/Photo-de-promo_e\u0301crits-en-marge-655x1024.jpg 655w, https:\/\/jfpiquet.com\/wp-content\/uploads\/2020\/12\/Photo-de-promo_e\u0301crits-en-marge-768x1201.jpg 768w, https:\/\/jfpiquet.com\/wp-content\/uploads\/2020\/12\/Photo-de-promo_e\u0301crits-en-marge-982x1536.jpg 982w, https:\/\/jfpiquet.com\/wp-content\/uploads\/2020\/12\/Photo-de-promo_e\u0301crits-en-marge-830x1298.jpg 830w, https:\/\/jfpiquet.com\/wp-content\/uploads\/2020\/12\/Photo-de-promo_e\u0301crits-en-marge-230x360.jpg 230w, https:\/\/jfpiquet.com\/wp-content\/uploads\/2020\/12\/Photo-de-promo_e\u0301crits-en-marge-350x547.jpg 350w, https:\/\/jfpiquet.com\/wp-content\/uploads\/2020\/12\/Photo-de-promo_e\u0301crits-en-marge-480x751.jpg 480w, https:\/\/jfpiquet.com\/wp-content\/uploads\/2020\/12\/Photo-de-promo_e\u0301crits-en-marge.jpg 1230w\" sizes=\"(max-width: 192px) 100vw, 192px\" \/><\/figure><\/div>\n\n\n\n<p><em>Quatri\u00e8me de couverture<\/em><\/p>\n\n\n\n<p>Entre 2013 et 2018 j\u2019ai publi\u00e9 chaque mois ou presque un texte in\u00e9dit sur mon site Internet, dans une rubrique intitul\u00e9e \u00e0 juste titre <em>Miscellan\u00e9es <\/em>puisqu\u2019elle accueillait aussi bien des pages de livres en chantier que des extraits de mon Journal, des nouvelles, des po\u00e8mes ou encore des chroniques. C\u2019\u00e9tait l\u00e0 mani\u00e8re, en des temps difficiles, de garder contact avec mes lecteurs, de leur dire \u00ab&nbsp;je suis l\u00e0 j\u2019\u00e9cris la vie continue&nbsp;\u00bb. Aujourd\u2019hui, avec le recul et l\u2019assentiment de mon \u00e9diteur, il m\u2019a sembl\u00e9 int\u00e9ressant de publier en recueil un floril\u00e8ge de ces \u00ab&nbsp;\u00e9crits en marge&nbsp;\u00bb, comme j\u2019aime \u00e0 les nommer, justement pour la place qu\u2019ils ont occup\u00e9e pendant ces ann\u00e9es de tourmente et de renaissance.<\/p>\n\n\n\n<hr class=\"wp-block-separator\"\/>\n\n\n\n<p><em>Note de lecture sur le site de <\/em><a href=\"https:\/\/www.dechargelarevue.com\/\">D\u00e9charge<\/a><em> n\u00b0188<\/em><\/p>\n\n\n\n<p>Un livre de Jacques-Fran\u00e7ois Piquet, quel qu\u2019il soit, on sait qu\u2019on y trouvera une \u00e9criture sensible, intelligente et lumineuse. Celui-ci est un peu sp\u00e9cial puisqu\u2019il s\u2019agit d\u2019un recueil de <em>miscellan\u00e9es<\/em>, \u00e0 savoir un m\u00e9lange de petites choses \u00e9crites pendant cinq ann\u00e9es d\u2019une p\u00e9riode difficile pour l\u2019auteur, publi\u00e9es chaque mois en ligne, dont il d\u00e9finit la diversit\u00e9 ainsi en avant-propos&nbsp;: <em>pages de livres en chantier, extraits de journal, nouvelles, chroniques, po\u00e8mes\u2026<\/em> et il est vrai que le lecteur avait peu lu jusque-l\u00e0 de po\u00e8mes de l\u2019auteur de <em>Vers la mer <\/em>ou <em>L\u2019\u00e9preuve du temps<\/em>, ses derniers livres. <em>J\u2019ai march\u00e9 le long des \u00e9tangs gel\u00e9s \/ jusqu\u2019\u00e0 sentir la morsure du froid \/ aux lobes des oreilles\u2026<\/em>&nbsp; Le c\u00f4t\u00e9 mosa\u00efque de l\u2019ouvrage donne divers aper\u00e7us sur l\u2019\u00e9crivain. Dans son travail ou l\u2019animation d\u2019atelier d\u2019\u00e9criture, ses pages de r\u00e9flexion, de fl\u00e2nerie, de fiction. Beaucoup de pages sont en rapport avec la maladie de sa compagne. <em>Partie trop t\u00f4t, mon aim\u00e9e [\u2026] nous ne vieillirons jamais ensemble.<\/em> Et le d\u00e9couragement, l\u2019abattement qui s\u2019en suivit&nbsp;: <em>\u2026j\u2019ai perdu confiance dans la vie, ainsi que dans l\u2019homme et dans l\u2019\u00e9crivain que je suis\u2026<\/em> Mais l\u2019\u00e9criture, si difficile soit-elle \u00e0 revenir, permet de se raccrocher aux autres valeurs qui importent comme l\u2019art avec Garouste ou Nicolas Rouxel-Chaurey, la musique avec Baschet et reprendre doucement \u00ab&nbsp;le chemin de la vie&nbsp;\u00bb avec comme objectif du \u00ab&nbsp;bleu dans la t\u00eate&nbsp;\u00bb. Anecdotes, fictions, r\u00e9cits qui ne seront pas repris, nouvelles en passant, l\u2019ouvrage est fait de toutes sortes de mat\u00e9riaux mais se tient solidement par cette multiplicit\u00e9 m\u00eame. Peut-\u00eatre est-ce le passage des extraits de roman aux pages de journal, plus personnelles par l\u2019essence m\u00eame, qui conf\u00e8re finalement le charme \u00e0 ce nouveau livre de Jacques-Fran\u00e7ois Piquet.<\/p>\n\n\n\n<p class=\"has-text-align-right\"><em>Jacmot<\/em><\/p>\n\n\n\n<hr class=\"wp-block-separator\"\/>\n\n\n\n<p><em>Ce qu\u2019en dit \u00c9ric Pessan, \u00e9crivain, <a href=\"https:\/\/www.facebook.com\/eric.pessan\">sur Facebook<\/a><\/em><\/p>\n\n\n\n<p>Jacques-Fran\u00e7ois Piquet est un \u00e9crivain d\u00e9licat, dans ces \u00e9crits en marge, il regarde le monde avec bienveillance, s&rsquo;observe lui-m\u00eame, tente de retrouver go\u00fbt \u00e0. Ce livre qui vient de sortir aux \u00e9ditions Rhubarbe est un tr\u00e8s beau pr\u00e9cis d&rsquo;\u00e9criture, o\u00f9 le regard se porte avec une certaine malice sur le monde, o\u00f9 la m\u00e9lancolie assum\u00e9e devient un moteur de l\u2019\u0153uvre.<\/p>\n\n\n\n<hr class=\"wp-block-separator\"\/>\n\n\n\n<p><em>Ce qu\u2019en dit Jo\u00eblle Cuvilliez, \u00e9crivain &amp; journaliste, in <\/em>Ensemble &amp; Solidaires<em> n\u00b044<\/em><\/p>\n\n\n\n<p>En 2013, l\u2019\u00e9crivain Jacques-Fran\u00e7ois Piquet entreprend de publier un texte in\u00e9dit chaque mois. Il choisit le 13 comme date de publication car c\u2019est un 13 qu\u2019il a connu la femme qu\u2019il aime et qui se meurt. Il ne le sait pas encore mais, quelque temps plus tard, c\u2019est aussi un 13 qu\u2019elle partira. Ces textes, rassembl\u00e9s dans <em>Ecrits en marge<\/em> et publi\u00e9s aux \u00e9ditions Rhubarbe, explosent \u00ab <em>comme autant de flamm\u00e8ches qui disent que la lumi\u00e8re est toujours l\u00e0<\/em> \u00bb, m\u00eame au c\u0153ur de la pire des tourmentes.<\/p>\n\n\n\n<hr class=\"wp-block-separator\"\/>\n\n\n\n<p><em>Ce qu&rsquo;en dit Brigitte Aubonnet, in<\/em> Encres Vagabondes (21\/04\/21)<\/p>\n\n\n\n<p>Ce journal de souvenirs poursuit l\u2019\u00e9criture de <em>Vers la mer<\/em>, tr\u00e8s beau texte qui \u00e9voquait la fin de vie de l\u2019\u00eatre aim\u00e9. Ce carnet de bord sur les bonheurs de la vie personnelle et artistique avec des rencontres litt\u00e9raires et picturales est aussi ouvert sur le monde, ses probl\u00e9matiques et ses luttes. (&#8230;) Nous retrouvons avec plaisir l\u2019\u00e9criture po\u00e9tique de Jacques-Fran\u00e7ois Piquet. (&#8230;) Le r\u00f4le des amis est essentiel ainsi que la lecture des \u00e9crits de ceux qui \u00e9crivent comme Isabelle Mini\u00e8re, Claude Pujade-Renaud, Alain Kewes, Sylvie Gracia\u2026 (&#8230;) De nombreuses pistes de r\u00e9flexions s\u2019ouvrent dans ces <em>\u00c9crits en marge <\/em>qui sont un voyage dans le monde de la cr\u00e9ation contemporaine. (&#8230;) \u00ab\u00a0Je pensais au temps \u00e9coul\u00e9 ces derniers mois, ces derni\u00e8res ann\u00e9es et j&rsquo;en \u00e9prouvais le caract\u00e8re implacable et irr\u00e9versible en songeant \u00e0 ceux qui n&rsquo;\u00e9taient plus, aux autres que la vie avait ab\u00eem\u00e9s. Quand les nacelles lumineuses de la grande roue ont commenc\u00e9 de brasser le ciel gris, je me suis remis en marche.\u00a0\u00bb<\/p>\n","protected":false},"excerpt":{"rendered":"<p>\u00c9ditions Rhubarbe, 2020. Illustration de couverture&nbsp;: Parvati Quatri\u00e8me de couverture Entre 2013 et 2018 j\u2019ai publi\u00e9 chaque mois ou presque un texte [&hellip;]<\/p>\n","protected":false},"author":2,"featured_media":0,"parent":0,"menu_order":0,"comment_status":"closed","ping_status":"closed","template":"","meta":[],"_links":{"self":[{"href":"https:\/\/jfpiquet.com\/index.php?rest_route=\/wp\/v2\/pages\/723"}],"collection":[{"href":"https:\/\/jfpiquet.com\/index.php?rest_route=\/wp\/v2\/pages"}],"about":[{"href":"https:\/\/jfpiquet.com\/index.php?rest_route=\/wp\/v2\/types\/page"}],"author":[{"embeddable":true,"href":"https:\/\/jfpiquet.com\/index.php?rest_route=\/wp\/v2\/users\/2"}],"replies":[{"embeddable":true,"href":"https:\/\/jfpiquet.com\/index.php?rest_route=%2Fwp%2Fv2%2Fcomments&post=723"}],"version-history":[{"count":4,"href":"https:\/\/jfpiquet.com\/index.php?rest_route=\/wp\/v2\/pages\/723\/revisions"}],"predecessor-version":[{"id":748,"href":"https:\/\/jfpiquet.com\/index.php?rest_route=\/wp\/v2\/pages\/723\/revisions\/748"}],"wp:attachment":[{"href":"https:\/\/jfpiquet.com\/index.php?rest_route=%2Fwp%2Fv2%2Fmedia&parent=723"}],"curies":[{"name":"wp","href":"https:\/\/api.w.org\/{rel}","templated":true}]}}