{"id":517,"date":"2020-01-20T13:22:05","date_gmt":"2020-01-20T12:22:05","guid":{"rendered":"http:\/\/jfpiquet.com\/?page_id=517"},"modified":"2020-01-23T17:39:36","modified_gmt":"2020-01-23T16:39:36","slug":"francoise-roques","status":"publish","type":"page","link":"https:\/\/jfpiquet.com\/?page_id=517","title":{"rendered":"Fran\u00e7oise Roques"},"content":{"rendered":"\n<div class=\"wp-block-image\"><figure class=\"aligncenter is-resized\"><a href=\"https:\/\/jfpiquet.com\/wp-content\/uploads\/2020\/01\/Partenariat-2.jpg\"><img decoding=\"async\" loading=\"lazy\" src=\"https:\/\/jfpiquet.com\/wp-content\/uploads\/2020\/01\/Partenariat-2-300x300.jpg\" alt=\"\" class=\"wp-image-518\" width=\"207\" height=\"300\" srcset=\"https:\/\/jfpiquet.com\/wp-content\/uploads\/2020\/01\/Partenariat-2-415x600.jpg 415w, https:\/\/jfpiquet.com\/wp-content\/uploads\/2020\/01\/Partenariat-2-768x1111.jpg 768w, https:\/\/jfpiquet.com\/wp-content\/uploads\/2020\/01\/Partenariat-2-708x1024.jpg 708w, https:\/\/jfpiquet.com\/wp-content\/uploads\/2020\/01\/Partenariat-2-830x1200.jpg 830w, https:\/\/jfpiquet.com\/wp-content\/uploads\/2020\/01\/Partenariat-2-230x333.jpg 230w, https:\/\/jfpiquet.com\/wp-content\/uploads\/2020\/01\/Partenariat-2-350x506.jpg 350w, https:\/\/jfpiquet.com\/wp-content\/uploads\/2020\/01\/Partenariat-2-480x694.jpg 480w\" sizes=\"(max-width: 207px) 100vw, 207px\" \/><\/a><\/figure><\/div>\n\n\n\n<p>Fran\u00e7oise Roques est biblioth\u00e9caire, directrice de la m\u00e9diath\u00e8que et du service culturel d\u2019un village de moins de trois mille habitants\u00a0: Vert-le-Grand, en Essonne. Avec le soutien quasi inconditionnel du maire de la commune et de son adjointe \u00e0 la culture, Fran\u00e7oise Roques a pu mettre en \u0153uvre des actions d\u2019envergure dont nombre de villes aimeraient s\u2019enorgueillir. \u00c0 savoir\u00a0: r\u00e9sidences d\u2019\u00e9crivain (dont j\u2019ai \u00e9t\u00e9 le premier b\u00e9n\u00e9ficiaire, Benoit Richter le second, dans le cadre des dispositifs d\u2019aides \u00e0 la cr\u00e9ation de la r\u00e9gion \u00cele-de-France), ateliers d\u2019\u00e9criture, rencontres d\u2019auteurs, lectures publiques, soir\u00e9e contes, conf\u00e9rences, concerts, spectacles oulipiens, expositions textes-photos et arts plastiques\u2026Certes, la commune a les moyens, mais sans la volont\u00e9 de faire, sans l\u2019exigence d\u2019une vraie programmation culturelle qui vise \u00e0 remplir les t\u00eates autant que les salles, aucune de ces actions n\u2019aurait pu \u00eatre mise en \u0153uvre. <\/p>\n\n\n\n<p>Tous les auteurs (Fran\u00e7oise Ascal, Bruno Doucey,  Marie-H\u00e9l\u00e8ne Lafon, Michel S\u00e9onnet, et une quinzaine d\u2019autres), tous les artistes (Lionel Antoni &#8211; photographe, Dominique Masse \u2013 peintre, Laurence Samson-Hincapi\u00e9 \u2013 chef de ch\u0153ur, Michel Ziegler \u2013 sculpteur, Thierry Machuel \u2013 compositeur, Jehanne Carillon \u2013 com\u00e9dienne, et une vingtaine d\u2019autres) disent volontiers combien ils ont \u00e9t\u00e9 surpris par la chaleur de l\u2019accueil et la qualit\u00e9 de la pr\u00e9paration \u00e0 leur venue&nbsp;; \u00e9galement par le rayonnement des actions gr\u00e2ce \u00e0 une bonne communication au-del\u00e0 de la seule commune de Vert-le-Grand, d\u2019o\u00f9 la pr\u00e9sence d\u2019un public fid\u00e8le, en nombre inesp\u00e9r\u00e9, jusqu\u2019\u00e0 80 personnes certains jours et l\u2019obligation de pousser les murs, \u00e0 tout le moins les rayonnages et autres mobiliers&nbsp;!<\/p>\n\n\n\n<p>La d\u00e9marche de Fran\u00e7oise Roques s\u2019inscrit \u00e0 contre-courant d\u2019une tendance qui voudrait que l\u2019on distraie et amuse le public au pr\u00e9texte qu\u2019il aime \u00e7a (surtout ne pas lui \u00ab&nbsp;prendre la t\u00eate&nbsp;\u00bb, l\u2019expression est horripilante mais tellement entendue&nbsp;!). Certes, mais il aime aussi, ce public, qu\u2019on le nourrisse, le surprenne, lui fasse d\u00e9couvrir des \u0153uvres et entendre de nouvelles voix. Pour preuve, il est l\u00e0, il revient, il en redemande&nbsp;!<\/p>\n\n\n\n<p>Ces quelque trente derni\u00e8res ann\u00e9es, je suis intervenu dans bon nombre de m\u00e9diath\u00e8ques, en qualit\u00e9 d\u2019auteur, de mod\u00e9rateur de rencontres litt\u00e9raires ou d\u2019animateur d\u2019ateliers d\u2019\u00e9criture, et je peux dire que la pr\u00e9paration de ces actions p\u00eachait souvent par manque d\u2019exigence, or c\u2019est pr\u00e9cis\u00e9ment cette exigence qui donne sens \u00e0 ce type d\u2019interventions. Pourquoi et pour qui on fait ce qu\u2019on fait&nbsp;? Dans quel ensemble coh\u00e9rent d\u2019actions s\u2019inscrit telle rencontre, telle exposition, tel atelier&nbsp;? En bref, une programmation culturelle ne rel\u00e8ve pas d\u2019une accumulation d\u2019actions et d\u2019\u00e9v\u00e9nements, mais bien d\u2019une construction pens\u00e9e en amont et \u00e9labor\u00e9e avec exigence et discernement. J\u2019en ai acquis la conviction en \u0153uvrant aux c\u00f4t\u00e9s de Fran\u00e7oise Roques pendant mon ann\u00e9e de r\u00e9sidence \u00e0 la m\u00e9diath\u00e8que de Vert-le-Grand. C\u2019est pourquoi j\u2019ai tenu \u00e0 la citer au nombre des partenaires qui ont compt\u00e9 dans ma carri\u00e8re d\u2019\u00e9crivain et m\u2019ont fait progresser en tant qu\u2019acteur culturel.<\/p>\n\n\n\n<div class=\"wp-block-image\"><figure class=\"aligncenter\"><a href=\"https:\/\/jfpiquet.com\/wp-content\/uploads\/2020\/01\/Partenariat-3.jpg\"><img decoding=\"async\" loading=\"lazy\" width=\"569\" height=\"600\" src=\"https:\/\/jfpiquet.com\/wp-content\/uploads\/2020\/01\/Partenariat-3-569x600.jpg\" alt=\"\" class=\"wp-image-520\" srcset=\"https:\/\/jfpiquet.com\/wp-content\/uploads\/2020\/01\/Partenariat-3-569x600.jpg 569w, https:\/\/jfpiquet.com\/wp-content\/uploads\/2020\/01\/Partenariat-3-768x809.jpg 768w, https:\/\/jfpiquet.com\/wp-content\/uploads\/2020\/01\/Partenariat-3-972x1024.jpg 972w, https:\/\/jfpiquet.com\/wp-content\/uploads\/2020\/01\/Partenariat-3-830x875.jpg 830w, https:\/\/jfpiquet.com\/wp-content\/uploads\/2020\/01\/Partenariat-3-230x242.jpg 230w, https:\/\/jfpiquet.com\/wp-content\/uploads\/2020\/01\/Partenariat-3-350x369.jpg 350w, https:\/\/jfpiquet.com\/wp-content\/uploads\/2020\/01\/Partenariat-3-480x506.jpg 480w\" sizes=\"(max-width: 569px) 100vw, 569px\" \/><\/a><\/figure><\/div>\n","protected":false},"excerpt":{"rendered":"<p>Fran\u00e7oise Roques est biblioth\u00e9caire, directrice de la m\u00e9diath\u00e8que et du service culturel d\u2019un village de moins de trois mille habitants\u00a0: Vert-le-Grand, en [&hellip;]<\/p>\n","protected":false},"author":2,"featured_media":0,"parent":0,"menu_order":0,"comment_status":"closed","ping_status":"closed","template":"","meta":[],"_links":{"self":[{"href":"https:\/\/jfpiquet.com\/index.php?rest_route=\/wp\/v2\/pages\/517"}],"collection":[{"href":"https:\/\/jfpiquet.com\/index.php?rest_route=\/wp\/v2\/pages"}],"about":[{"href":"https:\/\/jfpiquet.com\/index.php?rest_route=\/wp\/v2\/types\/page"}],"author":[{"embeddable":true,"href":"https:\/\/jfpiquet.com\/index.php?rest_route=\/wp\/v2\/users\/2"}],"replies":[{"embeddable":true,"href":"https:\/\/jfpiquet.com\/index.php?rest_route=%2Fwp%2Fv2%2Fcomments&post=517"}],"version-history":[{"count":7,"href":"https:\/\/jfpiquet.com\/index.php?rest_route=\/wp\/v2\/pages\/517\/revisions"}],"predecessor-version":[{"id":536,"href":"https:\/\/jfpiquet.com\/index.php?rest_route=\/wp\/v2\/pages\/517\/revisions\/536"}],"wp:attachment":[{"href":"https:\/\/jfpiquet.com\/index.php?rest_route=%2Fwp%2Fv2%2Fmedia&parent=517"}],"curies":[{"name":"wp","href":"https:\/\/api.w.org\/{rel}","templated":true}]}}