{"id":380,"date":"2020-01-11T17:14:14","date_gmt":"2020-01-11T16:14:14","guid":{"rendered":"http:\/\/jfpiquet.com\/?page_id=380"},"modified":"2020-01-11T17:18:12","modified_gmt":"2020-01-11T16:18:12","slug":"hanna-zaworonko-olejniczak","status":"publish","type":"page","link":"https:\/\/jfpiquet.com\/?page_id=380","title":{"rendered":"Hanna Zaworonko-Olejniczak"},"content":{"rendered":"\n<div class=\"wp-block-image\"><figure class=\"aligncenter\"><a href=\"https:\/\/jfpiquet.com\/wp-content\/uploads\/2020\/01\/hz3.jpg\"><img decoding=\"async\" loading=\"lazy\" width=\"197\" height=\"300\" src=\"https:\/\/jfpiquet.com\/wp-content\/uploads\/2020\/01\/hz3-197x300.jpg\" alt=\"Hanna Zaworonko-Olejniczak\" class=\"wp-image-382\" srcset=\"https:\/\/jfpiquet.com\/wp-content\/uploads\/2020\/01\/hz3-197x300.jpg 197w, https:\/\/jfpiquet.com\/wp-content\/uploads\/2020\/01\/hz3.jpg 466w\" sizes=\"(max-width: 197px) 100vw, 197px\" \/><\/a><\/figure><\/div>\n\n\n\n<p>Hanna Zaworonko-Olejniczak est photographe et vit \u00e0 Paris depuis de nombreuses ann\u00e9es. Elle a initi\u00e9 ou particip\u00e9 \u00e0 de nombreux projets tant avec des jeunes qu\u2019avec des adultes, dans le cadre d\u2019actions scolaires, d\u2019ateliers, de missions sociales ou d\u2019insertion. Seule une visite fouill\u00e9e de son site Internet peut rendre compte de l\u2019\u00e9tendue et de la vari\u00e9t\u00e9 de son travail, ainsi que des nombreuses publications qu\u2019elle a sign\u00e9es\u00a0:<br><a href=\"http:\/\/hanna.zaworonko.free.fr\/\">http:\/\/hanna.zaworonko.free.fr\/<\/a><\/p>\n\n\n\n<hr class=\"wp-block-separator\"\/>\n\n\n\n<p><em>Un certain regard<\/em><br><br>Si l\u2019on en croit Andr\u00e9 Gide qui disait que l\u2019importance se doit d\u2019\u00eatre dans le regard et non dans la chose regard\u00e9e, il est \u00e9vident que celui d\u2019Hanna Zaworonko-Olejniczak est empreint d\u2019humanit\u00e9 et de bienveillance : ses photographies en t\u00e9moignent. Quand il s\u2019agit de personnages, elle sait comme nul autre installer entre elle et eux une sorte de complicit\u00e9 contagieuse qui fait que nous, spectateurs, ne nous sentons jamais exclus, jamais rel\u00e9gu\u00e9s au seul r\u00f4le de \u00ab\u00a0regardant\u00a0\u00bb mais partie prenante dans l\u2019aventure, aussi br\u00e8ve f\u00fbt-elle, qui s\u2019est jou\u00e9e au moment du d\u00e9clic. Quand il s\u2019agit de paysages ou d\u2019objets, l\u2019attention est la m\u00eame au point que l\u2019on s\u2019attend \u00e0 tout instant \u00e0 voir appara\u00eetre l\u2019\u00eatre humain qui \u00e9volue dans ce d\u00e9cor ou entretient un rapport privil\u00e9gi\u00e9 avec l\u2019objet en question, un peu comme si celui-ci se tenait juste \u00e0 la limite du hors champ, pr\u00eat \u00e0 intervenir, pr\u00eat \u00e0 reprendre possession de ce qui lui appartient. <\/p>\n\n\n\n<div class=\"wp-block-image\"><figure class=\"aligncenter\"><a href=\"https:\/\/jfpiquet.com\/wp-content\/uploads\/2020\/01\/hz1.jpg\"><img decoding=\"async\" loading=\"lazy\" width=\"204\" height=\"300\" src=\"https:\/\/jfpiquet.com\/wp-content\/uploads\/2020\/01\/hz1-204x300.jpg\" alt=\"Photo de HZO : l'int\u00e9rieur d'un bus laiss\u00e9 \u00e0 l'abandon\" class=\"wp-image-385\" srcset=\"https:\/\/jfpiquet.com\/wp-content\/uploads\/2020\/01\/hz1-204x300.jpg 204w, https:\/\/jfpiquet.com\/wp-content\/uploads\/2020\/01\/hz1.jpg 481w\" sizes=\"(max-width: 204px) 100vw, 204px\" \/><\/a><\/figure><\/div>\n\n\n\n<p>M\u00eame si Hanna Zaworonko-Olejniczak se dit issue d\u2019une famille de photographes &#8211; et donc implicitement h\u00e9riti\u00e8re d\u2019un savoir-faire, sinon d\u2019un talent &#8211; il n\u2019en demeure pas moins qu\u2019un tel regard n\u2019est jamais acquis, mais se forge au quotidien et doit sans cesse se remettre en question pour conserver sa justesse et son acuit\u00e9. Dans cette qu\u00eate exigeante, les projets conduits en partenariats avec des \u00e9crivains sont sources d\u2019\u00e9mulation et Hanna Zaworonko-Olejniczak les vit pleinement depuis leur \u00e9laboration jusqu\u2019\u00e0 leur r\u00e9alisation sous forme de livres qui la confortent, autant que le lecteur, dans l\u2019id\u00e9e qu\u2019images et mots participent du m\u00eame d\u00e9sir d\u2019exprimer un certain regard pos\u00e9 sur le monde. <\/p>\n\n\n\n<hr class=\"wp-block-separator\"\/>\n\n\n\n<p>Ensemble, nous avons particip\u00e9 \u00e0 deux projets dans le cadre de l\u2019op\u00e9ration\u00a0<em>Un moteur pour d\u00e9marrer<\/em>\u00a0mise en \u0153uvre par le Mus\u00e9e national de la voiture et du tourisme de Compi\u00e8gne en partenariat avec diverses collectivit\u00e9s locales, l\u2019\u00c9ducation nationale et la Maison des \u00c9crivains et de la Litt\u00e9rature. Si le premier s\u2019av\u00e9rait assez classique\u00a0dans sa forme\u00a0&#8211; atelier d\u2019\u00e9criture \u00e0 partir de photos avec les \u00e9l\u00e8ves du lyc\u00e9e professionnel Le Corbusier de Soissons et r\u00e9alisation d\u2019un carnet de voyage imaginaire publi\u00e9 sous le titre Loin de Soissons, la mer \u2013 le second l\u2019\u00e9tait beaucoup moins. Il s\u2019agissait d\u2019une mission de r\u00e9insertion pilot\u00e9e par le centre social Ronceray-Glonni\u00e8res du Mans, impliquant une douzaine de jeunes d\u00e9scolaris\u00e9s et quelques adultes en difficult\u00e9s. Sous la conduite de professionnels et d\u2019\u00e9ducateurs, ces derniers devaient restaurer un autocar Berliet des ann\u00e9es 50 afin d\u2019en faire un bibliobus pour les enfants de leur quartier. Hanna Zaworonko-Olejniczak et moi-m\u00eame \u00e9tions charg\u00e9s d\u2019animer le volet culturel de l\u2019op\u00e9ration (lecture, \u00e9criture, travail sur l\u2019image, visites \u00e0 la m\u00e9diath\u00e8que, au Mus\u00e9e de l\u2019Automobile, etc.) et d\u2019aider les participants \u00e0 tenir et illustrer un journal de bord de l\u2019op\u00e9ration. En un peu plus d\u2019un an, avec une rotation assez importante dans les effectifs, la mission \u00e9tait accomplie\u00a0: l\u2019autocar sortait du garage et roulait comme neuf, tandis que le livre sortait des presses et circulait de main en main. <\/p>\n\n\n\n<div class=\"wp-block-image\"><figure class=\"aligncenter\"><a href=\"https:\/\/jfpiquet.com\/wp-content\/uploads\/2020\/01\/hz2.jpg\"><img decoding=\"async\" loading=\"lazy\" width=\"300\" height=\"212\" src=\"https:\/\/jfpiquet.com\/wp-content\/uploads\/2020\/01\/hz2-300x212.jpg\" alt=\"Flyer de l'expo &quot;Un car Berliet en pole position au Mans&quot;\" class=\"wp-image-387\" srcset=\"https:\/\/jfpiquet.com\/wp-content\/uploads\/2020\/01\/hz2-300x212.jpg 300w, https:\/\/jfpiquet.com\/wp-content\/uploads\/2020\/01\/hz2-768x542.jpg 768w, https:\/\/jfpiquet.com\/wp-content\/uploads\/2020\/01\/hz2-1024x723.jpg 1024w, https:\/\/jfpiquet.com\/wp-content\/uploads\/2020\/01\/hz2.jpg 1077w\" sizes=\"(max-width: 300px) 100vw, 300px\" \/><\/a><\/figure><\/div>\n","protected":false},"excerpt":{"rendered":"<p>Hanna Zaworonko-Olejniczak est photographe et vit \u00e0 Paris depuis de nombreuses ann\u00e9es. Elle a initi\u00e9 ou particip\u00e9 \u00e0 de nombreux projets tant [&hellip;]<\/p>\n","protected":false},"author":2,"featured_media":0,"parent":0,"menu_order":0,"comment_status":"closed","ping_status":"closed","template":"","meta":[],"_links":{"self":[{"href":"https:\/\/jfpiquet.com\/index.php?rest_route=\/wp\/v2\/pages\/380"}],"collection":[{"href":"https:\/\/jfpiquet.com\/index.php?rest_route=\/wp\/v2\/pages"}],"about":[{"href":"https:\/\/jfpiquet.com\/index.php?rest_route=\/wp\/v2\/types\/page"}],"author":[{"embeddable":true,"href":"https:\/\/jfpiquet.com\/index.php?rest_route=\/wp\/v2\/users\/2"}],"replies":[{"embeddable":true,"href":"https:\/\/jfpiquet.com\/index.php?rest_route=%2Fwp%2Fv2%2Fcomments&post=380"}],"version-history":[{"count":5,"href":"https:\/\/jfpiquet.com\/index.php?rest_route=\/wp\/v2\/pages\/380\/revisions"}],"predecessor-version":[{"id":388,"href":"https:\/\/jfpiquet.com\/index.php?rest_route=\/wp\/v2\/pages\/380\/revisions\/388"}],"wp:attachment":[{"href":"https:\/\/jfpiquet.com\/index.php?rest_route=%2Fwp%2Fv2%2Fmedia&parent=380"}],"curies":[{"name":"wp","href":"https:\/\/api.w.org\/{rel}","templated":true}]}}