{"id":359,"date":"2020-01-11T17:04:13","date_gmt":"2020-01-11T16:04:13","guid":{"rendered":"http:\/\/jfpiquet.com\/?page_id=359"},"modified":"2020-01-11T17:24:12","modified_gmt":"2020-01-11T16:24:12","slug":"nicolas-rouxel-chaurey","status":"publish","type":"page","link":"https:\/\/jfpiquet.com\/?page_id=359","title":{"rendered":"Nicolas Rouxel-Chaurey"},"content":{"rendered":"\n<div class=\"wp-block-image\"><figure class=\"aligncenter\"><a href=\"https:\/\/jfpiquet.com\/wp-content\/uploads\/2020\/01\/nicolas_rc_4.jpg\"><img decoding=\"async\" loading=\"lazy\" width=\"199\" height=\"300\" src=\"https:\/\/jfpiquet.com\/wp-content\/uploads\/2020\/01\/nicolas_rc_4-199x300.jpg\" alt=\"Photo de NRC : une vieille pompe \u00e0 essence en noir et blanc\" class=\"wp-image-360\" srcset=\"https:\/\/jfpiquet.com\/wp-content\/uploads\/2020\/01\/nicolas_rc_4-199x300.jpg 199w, https:\/\/jfpiquet.com\/wp-content\/uploads\/2020\/01\/nicolas_rc_4.jpg 598w\" sizes=\"(max-width: 199px) 100vw, 199px\" \/><\/a><\/figure><\/div>\n\n\n\n<p>Nicolas Rouxel-Chaurey est plasticien photographe. Ci-apr\u00e8s le texte que m\u2019a inspir\u00e9 son travail d\u2019il y a dix ans, lequel est toujours en cours bien qu\u2019\u00e9voluant au fil des ann\u00e9es. <\/p>\n\n\n\n<hr class=\"wp-block-separator\"\/>\n\n\n\n<p><em>Traces de vie<\/em><\/p>\n\n\n\n<p>Nicolas Rouxel-Chaurey confectionne des cylindres de papier journal qu\u2019il soumet au temps en les d\u00e9posant ici et l\u00e0 tant\u00f4t en milieu urbain, tant\u00f4t en rase campagne, nich\u00e9s \u00e0 proximit\u00e9 de rails ou de routes, accroch\u00e9s \u00e0 branches d\u2019arbre, coinc\u00e9s entre rochers de montagne, ligot\u00e9s \u00e0 piquets de cl\u00f4ture\u2026 Il tient registre des dates et lieux de mise en place et suit l\u2019\u00e9volution du vieillissement des cylindres en les photographiant \u00e0 intervalles plus ou moins r\u00e9guliers. Il lui arrive \u00e9galement d\u2019en confectionner certains \u00e0 seule fin de les int\u00e9grer \u00e0 des installations qu\u2019il pr\u00e9sente lors d\u2019expositions&nbsp;: le temps alors s\u2019en trouve comme arr\u00eat\u00e9 et il appartient \u00e0 chacun d\u2019entre nous de se repr\u00e9senter l\u2019avant et l\u2019apr\u00e8s de ce qui est montr\u00e9, ainsi que la pens\u00e9e qui sous-tend la d\u00e9marche.<\/p>\n\n\n\n<p>D\u2019aucuns diront c\u2019est comme un jeu et il faudrait les reprendre, les corriger&nbsp;: un jeu, oui, peut-\u00eatre, encore que, mais en tout cas s\u00e9rieux, des plus s\u00e9rieux qui soient. Car ce que nous voyons l\u00e0, ces objets sans nom, sans forme d\u00e9finie, car toujours en devenir, fragiles au point que certains sont d\u00e9j\u00e0 pour moiti\u00e9 partis en poussi\u00e8re, que d\u2019autres s\u2019effritent au moindre souffle, que tous sont vou\u00e9s \u00e0 plus ou moins long terme \u00e0 une d\u00e9sint\u00e9gration totale \u2013 eh bien, ce sont traces de vie que le monde a laiss\u00e9es en nos m\u00e9moires et que le temps ensuite a travaill\u00e9es au jour le jour. Nicolas Rouxel-Chaurey s\u2019en veut le d\u00e9positaire.<\/p>\n\n\n\n<p>Bien que confectionn\u00e9es avec la m\u00eame attention, toutes ces traces de vie ne r\u00e9agissent pas de la m\u00eame mani\u00e8re au temps, du fait certes de leur condition d\u2019exposition et de leur mati\u00e8re constitutive, mais \u00e9galement en raison d\u2019un ph\u00e9nom\u00e8ne inexplicable qui est propre \u00e0 chacune. D\u2019o\u00f9 l\u2019\u00e9tonnement de l\u2019artiste \u2013 et le n\u00f4tre \u2013 en constatant que certaines, parmi les plus anciennes, paraissent presque intactes quand d\u2019autres, beaucoup plus r\u00e9centes, parfois en place depuis seulement quelques mois, sont d\u00e9j\u00e0 tr\u00e8s ab\u00eem\u00e9es, fragiles au point qu\u2019il faille les manipuler avec le plus grand soin.<\/p>\n\n\n\n<p>Que dire de celles qui disparaissent d\u00e8s les premi\u00e8res semaines, emport\u00e9es par le vent, d\u00e9rob\u00e9es ou vandalis\u00e9es \u2013 mais par qui&nbsp;? A l\u2019inverse, il en est d\u2019autres que le temps semble avoir choisies, qu\u2019il fa\u00e7onne \u00e0 son rythme et \u00e0 son go\u00fbt jusqu\u2019\u00e0 leur conf\u00e9rer la beaut\u00e9 de sculptures avec des vides et des reliefs, des patines et des reflets superbes. Pourquoi ce choix, pourquoi cet acharnement \u00e0 faire du beau, nul ne le sait et qu\u2019importe finalement puisque tout s\u2019inscrit dans l\u2019\u00e9ph\u00e9m\u00e8re. Viendra un jour o\u00f9 il ne restera plus que les photographies prises par Nicolas Rouxel-Chaurey, c\u2019est-\u00e0-dire non plus des traces, mais des images de traces&nbsp;: traces de traces en quelque sorte. Et puis un autre jour o\u00f9 les images elles-m\u00eames ne parleront plus. Ainsi en va-t-il de nos m\u00e9moires et de notre rapport individuel au monde. L\u2019artiste ne nous dit pas autre chose. <\/p>\n\n\n\n<div class=\"wp-block-image\"><figure class=\"aligncenter\"><a href=\"https:\/\/jfpiquet.com\/wp-content\/uploads\/2020\/01\/nicolas_rc_2.jpg\"><img decoding=\"async\" loading=\"lazy\" width=\"204\" height=\"300\" src=\"https:\/\/jfpiquet.com\/wp-content\/uploads\/2020\/01\/nicolas_rc_2-204x300.jpg\" alt=\"Photo de NRC : des magazines empaquet\u00e9s.\" class=\"wp-image-361\" srcset=\"https:\/\/jfpiquet.com\/wp-content\/uploads\/2020\/01\/nicolas_rc_2-204x300.jpg 204w, https:\/\/jfpiquet.com\/wp-content\/uploads\/2020\/01\/nicolas_rc_2-768x1132.jpg 768w, https:\/\/jfpiquet.com\/wp-content\/uploads\/2020\/01\/nicolas_rc_2-695x1024.jpg 695w, https:\/\/jfpiquet.com\/wp-content\/uploads\/2020\/01\/nicolas_rc_2.jpg 792w\" sizes=\"(max-width: 204px) 100vw, 204px\" \/><\/a><\/figure><\/div>\n\n\n\n<p>Le travail de Nicolas Rouxel-Chaurey a crois\u00e9 le mien lorsque j\u2019\u00e9crivais&nbsp;<em>Que fait-on du monde&nbsp;?<\/em>&nbsp;et plusieurs de ses photos ont \u00e9t\u00e9 publi\u00e9es en regard de mes textes dans le num\u00e9ro 3 de la revue&nbsp;<em>\u00c9ponyme<\/em>. Par ailleurs, nous avons collabor\u00e9 sur plusieurs projets d\u2019atelier d\u2019\u00e9criture, ainsi que sur un ouvrage r\u00e9alis\u00e9 \u00e0 partir d\u2019une collecte de paroles sur le th\u00e8me de \u00ab&nbsp;Mon endroit pr\u00e9f\u00e9r\u00e9&nbsp;\u00bb.<\/p>\n\n\n\n<p>En 1998, Nicolas Rouxel-Chaurey a publi\u00e9 un ouvrage intitul\u00e9\u00a0<em>En qu\u00eate d\u2019essence<\/em>\u00a0dont le concept lui a \u00e9t\u00e9 inspir\u00e9 par le tableau du peintre am\u00e9ricain Edward Hopper \u2013\u00a0<em>Gas<\/em>, 1940 \u2013 et qui est \u00e0 la fois journal de bord, r\u00e9flexions personnelles et inventaire photographique des anciennes pompes \u00e0 essence sur tout le territoire fran\u00e7ais. Avant-propos de Jacques R\u00e9da.<\/p>\n\n\n\n<p>Nicolas Rouxel-Chaurey expose r\u00e9guli\u00e8rement ses \u0153uvres plastiques dans le parc culturel de Rentilly (77). <\/p>\n\n\n\n<div class=\"wp-block-image\"><figure class=\"aligncenter\"><a href=\"https:\/\/jfpiquet.com\/wp-content\/uploads\/2020\/01\/nicolas_rc_3.jpg\"><img decoding=\"async\" loading=\"lazy\" width=\"695\" height=\"1024\" src=\"https:\/\/jfpiquet.com\/wp-content\/uploads\/2020\/01\/nicolas_rc_3-695x1024.jpg\" alt=\"Photo de NRC : un totem de bois, magazines et ficelle.\" class=\"wp-image-364\" srcset=\"https:\/\/jfpiquet.com\/wp-content\/uploads\/2020\/01\/nicolas_rc_3-695x1024.jpg 695w, https:\/\/jfpiquet.com\/wp-content\/uploads\/2020\/01\/nicolas_rc_3-204x300.jpg 204w, https:\/\/jfpiquet.com\/wp-content\/uploads\/2020\/01\/nicolas_rc_3-768x1131.jpg 768w, https:\/\/jfpiquet.com\/wp-content\/uploads\/2020\/01\/nicolas_rc_3.jpg 797w\" sizes=\"(max-width: 695px) 100vw, 695px\" \/><\/a><\/figure><\/div>\n","protected":false},"excerpt":{"rendered":"<p>Nicolas Rouxel-Chaurey est plasticien photographe. Ci-apr\u00e8s le texte que m\u2019a inspir\u00e9 son travail d\u2019il y a dix ans, lequel est toujours en [&hellip;]<\/p>\n","protected":false},"author":2,"featured_media":0,"parent":0,"menu_order":0,"comment_status":"closed","ping_status":"closed","template":"","meta":[],"_links":{"self":[{"href":"https:\/\/jfpiquet.com\/index.php?rest_route=\/wp\/v2\/pages\/359"}],"collection":[{"href":"https:\/\/jfpiquet.com\/index.php?rest_route=\/wp\/v2\/pages"}],"about":[{"href":"https:\/\/jfpiquet.com\/index.php?rest_route=\/wp\/v2\/types\/page"}],"author":[{"embeddable":true,"href":"https:\/\/jfpiquet.com\/index.php?rest_route=\/wp\/v2\/users\/2"}],"replies":[{"embeddable":true,"href":"https:\/\/jfpiquet.com\/index.php?rest_route=%2Fwp%2Fv2%2Fcomments&post=359"}],"version-history":[{"count":4,"href":"https:\/\/jfpiquet.com\/index.php?rest_route=\/wp\/v2\/pages\/359\/revisions"}],"predecessor-version":[{"id":397,"href":"https:\/\/jfpiquet.com\/index.php?rest_route=\/wp\/v2\/pages\/359\/revisions\/397"}],"wp:attachment":[{"href":"https:\/\/jfpiquet.com\/index.php?rest_route=%2Fwp%2Fv2%2Fmedia&parent=359"}],"curies":[{"name":"wp","href":"https:\/\/api.w.org\/{rel}","templated":true}]}}