{"id":351,"date":"2020-01-11T16:56:41","date_gmt":"2020-01-11T15:56:41","guid":{"rendered":"http:\/\/jfpiquet.com\/?page_id=351"},"modified":"2021-08-08T09:03:32","modified_gmt":"2021-08-08T07:03:32","slug":"julien-roturier","status":"publish","type":"page","link":"https:\/\/jfpiquet.com\/?page_id=351","title":{"rendered":"Julien Roturier"},"content":{"rendered":"\n<div class=\"wp-block-image\"><figure class=\"aligncenter\"><a href=\"https:\/\/jfpiquet.com\/wp-content\/uploads\/2020\/01\/jr01.jpg\"><img decoding=\"async\" loading=\"lazy\" width=\"300\" height=\"272\" src=\"https:\/\/jfpiquet.com\/wp-content\/uploads\/2020\/01\/jr01-300x272.jpg\" alt=\"Julien Roturier\" class=\"wp-image-354\" srcset=\"https:\/\/jfpiquet.com\/wp-content\/uploads\/2020\/01\/jr01-300x272.jpg 300w, https:\/\/jfpiquet.com\/wp-content\/uploads\/2020\/01\/jr01-768x695.jpg 768w, https:\/\/jfpiquet.com\/wp-content\/uploads\/2020\/01\/jr01.jpg 960w\" sizes=\"(max-width: 300px) 100vw, 300px\" \/><\/a><figcaption>Photo par Enthea<\/figcaption><\/figure><\/div>\n\n\n\n<p><strong>Par lui-m\u00eame&nbsp;:<\/strong>&nbsp;\u00ab&nbsp;Julien Roturier est (c&rsquo;est lui qui le dit) amateur professionnel pluridisciplinaire \u00e0 mi-temps. Apr\u00e8s avoir vainement tent\u00e9 un temps de subsister dans la soci\u00e9t\u00e9 de consommation en tant que n\u00e9gociateur en produits, services, concepts et fumisteries, il a pr\u00e9f\u00e9r\u00e9 t\u00e2cher de vivre \u2013 entre autres \u2013 de rock&rsquo;n&rsquo;roll, d&rsquo;\u00e9criture et de Photoshop.<\/p>\n\n\n\n<p>Cette d\u00e9marche l&rsquo;a amen\u00e9 \u00e0 jouer dans des groupes aussi nombreux qu&rsquo;\u00e9ph\u00e9m\u00e8res, \u00e0 faire quelques centaines de milliers de photos, \u00e0 noircir quelques centaines de pages et \u00e0 boire d&rsquo;innombrables verres avec des artistes plus ou moins connus et diversement maudits. Au hasard d&rsquo;une de ces belles rencontres, un certain Jacques-Fran\u00e7ois Piquet le pousse doucement dans les pattes amicales d&rsquo;un \u00e9diteur qui estime que ses talents d&rsquo;\u00e9criture ne sont pas par trop minables et l&rsquo;encourage \u00e0 continuer, d\u00e9marche de longue haleine qui donne naissance \u00e0&nbsp;<em>St\u00e9nop\u00e9<\/em>, un premier recueil de nouvelles fantastiques paru en 2014 aux \u00e9ditions Lucif\u00e9rines.<br>En 2017 sort&nbsp;<em>Vigor Mortis<\/em>, second recueil riche de quinze nouvelles, aux \u00e9ditions parisiennes Otherlands.<br>(NB : L&rsquo;automne 2016 voit l&rsquo;auto\u00e9dition d&rsquo;un petit journal intimiste intitul\u00e9 <em>Morceaux en forme d&rsquo;espoir<\/em>, r\u00e9cit d&rsquo;un s\u00e9jour en addictologie destin\u00e9 \u00e0 nettoyer corps et esprit obscurcis par une certaine boisson.  Augment\u00e9 et corrig\u00e9, il est publi\u00e9 aux \u00e9ditions Le Lys bleu en 2019 sous le titre <em>En Subtances<\/em>.)<\/p>\n\n\n\n<p>En parall\u00e8le, il cr\u00e9e et administre quelques sites internet (dont celui que vous parcourez en ce moment-m\u00eame), exprime sa cr\u00e9ativit\u00e9 en monnayant bricoles visuelles pour clients petits et gros et, quand l&rsquo;envie l&rsquo;en prend, \u00e9crit encore quelques textes.&nbsp;\u00bb<\/p>\n\n\n\n<hr class=\"wp-block-separator\"\/>\n\n\n\n<p><strong>Par le \u00ab&nbsp;certain JFP&nbsp;\u00bb mentionn\u00e9&nbsp;<em>supra<\/em>&nbsp;:<\/strong>&nbsp;Julien Roturier est un artiste dou\u00e9 et un homme de qualit\u00e9 qui sait se faire entendre quand il pousse un coup de gueule pour d\u00e9noncer les travers de notre soci\u00e9t\u00e9, d\u00e9rives racistes et autres, magouilles politiciennes et m\u00eame l\u2019ignorance des r\u00e8gles \u00e9l\u00e9mentaires de la langue fran\u00e7aise que lui-m\u00eame manie avec une fi\u00e8re \u00e9l\u00e9gance (de m\u00eame d\u2019ailleurs qu\u2019il se d\u00e9brouille plut\u00f4t bien \u2013&nbsp;et c\u2019est l\u00e0 euph\u00e9misme&nbsp;\u2013 avec l\u2019Anglais et l\u2019Italien&nbsp;!). Un gar\u00e7on dou\u00e9, vous disais-je, qui aime \u00e0 se v\u00eatir d\u2019une carapace de cuir pur loubard ou rocker pour faire oublier qu\u2019il est au fond tr\u00e8s sensible et peut-\u00eatre m\u00eame un peu fragile. En cela il ressemble \u00e0 sa chienne Zo\u00e9 qui a tout d\u2019un bull-terrier, m\u00eame t\u00eate \u00e0 grosse truffe, m\u00eame corps massif, mais qui s\u2019av\u00e8re aussi placide qu\u2019un koala. Peut-on alors parler de mim\u00e9tisme bilat\u00e9ral&nbsp;?<\/p>\n\n\n\n<p>J\u2019ai d\u2019abord connu Julien photographe et je dois dire que la sensibilit\u00e9 et la justesse de son regard m\u2019ont s\u00e9duit. Au point que lorsqu\u2019il m\u2019a dit s\u2019y conna\u00eetre \u00e9galement en cr\u00e9ation de site Internet, je n\u2019ai pas h\u00e9sit\u00e9 une seconde \u00e0 lui faire part de mon projet de repenser enti\u00e8rement le mien qui datait de plus de dix ans. Je n\u2019ai pas \u00e9t\u00e9 d\u00e9\u00e7u&nbsp;: Julien a su non seulement r\u00e9pondre \u00e0 mes d\u00e9sirs et besoins, mais a toujours \u00e9t\u00e9 de bon conseil pour en am\u00e9liorer l\u2019attrait et la lisibilit\u00e9. Depuis 2011, c\u2019est lui qui g\u00e8re mon site&nbsp;: en deux ou trois clics, chacun pourra en appr\u00e9cier la qualit\u00e9.<\/p>\n\n\n\n<p>Puis, j\u2019ai connu Julien \u00e9crivain et l\u00e0 ce fut plut\u00f4t une r\u00e9v\u00e9lation, car j\u2019ignorais qu\u2019il \u00e9criv\u00eet (ce subjonctif devrait lui faire plaisir) et surtout je ne l\u2019attendais pas dans le registre du fantastique. Pourtant c\u2019est l\u00e0 qu\u2019il excelle&nbsp;: un texte d\u2019une vingtaine de pages comme&nbsp;<em>La montre<\/em>&nbsp;fait \u00e9tat non seulement d\u2019une construction rigoureuse, mais d\u2019un vrai bon sens du suspense&nbsp;! Et que dire de&nbsp;<em>Double jeu<\/em>, construite en dix brefs chapitres, qui balade le lecteur entre virtuel et r\u00e9el, et fait na\u00eetre peu \u00e0 peu en lui un sentiment de malaise, voire d\u2019oppression. En plus d\u2019une langue qu\u2019il ma\u00eetrise, Julien a \u00e9galement dans sa trousse \u00e0 outils un humour tr\u00e8s noir dont il use ici et l\u00e0, parfois de mani\u00e8re d\u00e9concertante, parfois de mani\u00e8re provocante, mais toujours avec une efficacit\u00e9 certaine sur le lecteur. Je pense en avoir dit assez pour donner envie \u00e0 ceux qui liront cette page d\u2019aller \u00e9galement lire celles de Julien Roturier. Bons voyages \u00e0 ceux-l\u00e0, leur dis-je d\u00e8s \u00e0 pr\u00e9sent, faites de beaux cauchemars&nbsp;! <\/p>\n\n\n\n<div class=\"wp-block-image\"><figure class=\"aligncenter size-medium\"><a href=\"https:\/\/jfpiquet.com\/wp-content\/uploads\/2021\/08\/COUVERTURE-PUB.jpg\"><img decoding=\"async\" loading=\"lazy\" width=\"600\" height=\"240\" src=\"https:\/\/jfpiquet.com\/wp-content\/uploads\/2021\/08\/COUVERTURE-PUB-600x240.jpg\" alt=\"Couverture des livres de Julien Roturier et informations de commande\" class=\"wp-image-752\" srcset=\"https:\/\/jfpiquet.com\/wp-content\/uploads\/2021\/08\/COUVERTURE-PUB-600x240.jpg 600w, https:\/\/jfpiquet.com\/wp-content\/uploads\/2021\/08\/COUVERTURE-PUB-1024x410.jpg 1024w, https:\/\/jfpiquet.com\/wp-content\/uploads\/2021\/08\/COUVERTURE-PUB-300x120.jpg 300w, https:\/\/jfpiquet.com\/wp-content\/uploads\/2021\/08\/COUVERTURE-PUB-768x307.jpg 768w, https:\/\/jfpiquet.com\/wp-content\/uploads\/2021\/08\/COUVERTURE-PUB-1536x614.jpg 1536w, https:\/\/jfpiquet.com\/wp-content\/uploads\/2021\/08\/COUVERTURE-PUB-2048x819.jpg 2048w, https:\/\/jfpiquet.com\/wp-content\/uploads\/2021\/08\/COUVERTURE-PUB-830x332.jpg 830w, https:\/\/jfpiquet.com\/wp-content\/uploads\/2021\/08\/COUVERTURE-PUB-230x92.jpg 230w, https:\/\/jfpiquet.com\/wp-content\/uploads\/2021\/08\/COUVERTURE-PUB-350x140.jpg 350w, https:\/\/jfpiquet.com\/wp-content\/uploads\/2021\/08\/COUVERTURE-PUB-480x192.jpg 480w\" sizes=\"(max-width: 600px) 100vw, 600px\" \/><\/a><\/figure><\/div>\n\n\n\n<hr class=\"wp-block-separator\"\/>\n\n\n\n<p><strong>Juin 2021 : sortie du premier roman de l&rsquo;auteur, <em>Tandis que br\u00fblent les koalas<\/em>, aux \u00e9ditions Otherlands.<\/strong><\/p>\n\n\n\n<p>Par l&rsquo;auteur : <em>Pour pr\u00e9senter ce court roman, je n&rsquo;ai pas trouv\u00e9 mieux que ces quelques mots : <\/em>\u00ab si vous en avez assez que la soci\u00e9t\u00e9 se foute de votre gueule, foutez-vous de la sienne et achetez mon livre \u00bb<em>. Si ce petit ouvrage se moque d&rsquo;un futur dystopique o\u00f9 l&rsquo;idiotie et l&rsquo;absurdit\u00e9 r\u00e8gnent en ma\u00eetresses, personne ne s&rsquo;y trompera. Chacune et chacun reconna\u00eetra son \u00ab Jean \u00bb parmi ceux qui sont d\u00e9crits, reconna\u00eetra son voisin, sa rue, sa ville et sa France d&rsquo;aujourd&rsquo;hui, caricatur\u00e9s \u00e0 traits malheureusement \u00e0 peine grossis.<\/em><\/p>\n\n\n\n<p><em>J&rsquo;ai eu la grande chance que mon \u00e9diteur, dont le calendrier de sorties \u00e9tait plein quand il a re\u00e7u mon manuscrit, s&rsquo;enthousiasme tant qu&rsquo;il lui fasse une place en poussant un peu du coude et souhaite ardemment le sortir au plus t\u00f4t. Il en a dit ceci dans le plus joli mail qu&rsquo;un \u00e9diteur puisse adresser \u00e0 un auteur :<\/em><\/p>\n\n\n\n<p>\u00ab Avec ce qu&rsquo;il faut d&rsquo;humour, <em>Tandis que br\u00fblent les koalas<\/em> d\u00e9peint sans prendre de pincettes les d\u00e9rives et les travers de notre soci\u00e9t\u00e9\u2026 car m\u00eame si cela se passe dans un futur relativement proche, nous y retrouvons tout ce qui fait notre d\u00e9b\u00e2cle en ce moment. Et ce que Julien Roturier a r\u00e9ussi d&rsquo;une main de ma\u00eetre, c&rsquo;est que tout, tout, absolument tout, s&rsquo;encha\u00eene d&rsquo;une fa\u00e7on presque logique\u2026 il faudrait vraiment \u00eatre perdu au fin fond de la campagne pour ne pas se sentir concern\u00e9, voire interpel\u00e9 par les propos de son personnage. \u00bb &#8212; Nicholas Br\u00e9ard.<\/p>\n","protected":false},"excerpt":{"rendered":"<p>Par lui-m\u00eame&nbsp;:&nbsp;\u00ab&nbsp;Julien Roturier est (c&rsquo;est lui qui le dit) amateur professionnel pluridisciplinaire \u00e0 mi-temps. Apr\u00e8s avoir vainement tent\u00e9 un temps de subsister [&hellip;]<\/p>\n","protected":false},"author":2,"featured_media":0,"parent":0,"menu_order":0,"comment_status":"closed","ping_status":"closed","template":"","meta":[],"_links":{"self":[{"href":"https:\/\/jfpiquet.com\/index.php?rest_route=\/wp\/v2\/pages\/351"}],"collection":[{"href":"https:\/\/jfpiquet.com\/index.php?rest_route=\/wp\/v2\/pages"}],"about":[{"href":"https:\/\/jfpiquet.com\/index.php?rest_route=\/wp\/v2\/types\/page"}],"author":[{"embeddable":true,"href":"https:\/\/jfpiquet.com\/index.php?rest_route=\/wp\/v2\/users\/2"}],"replies":[{"embeddable":true,"href":"https:\/\/jfpiquet.com\/index.php?rest_route=%2Fwp%2Fv2%2Fcomments&post=351"}],"version-history":[{"count":8,"href":"https:\/\/jfpiquet.com\/index.php?rest_route=\/wp\/v2\/pages\/351\/revisions"}],"predecessor-version":[{"id":773,"href":"https:\/\/jfpiquet.com\/index.php?rest_route=\/wp\/v2\/pages\/351\/revisions\/773"}],"wp:attachment":[{"href":"https:\/\/jfpiquet.com\/index.php?rest_route=%2Fwp%2Fv2%2Fmedia&parent=351"}],"curies":[{"name":"wp","href":"https:\/\/api.w.org\/{rel}","templated":true}]}}