{"id":335,"date":"2020-01-11T16:50:18","date_gmt":"2020-01-11T15:50:18","guid":{"rendered":"http:\/\/jfpiquet.com\/?page_id=335"},"modified":"2020-01-18T19:22:18","modified_gmt":"2020-01-18T18:22:18","slug":"jean-pierre-pineau","status":"publish","type":"page","link":"https:\/\/jfpiquet.com\/?page_id=335","title":{"rendered":"Jean-Pierre Pineau"},"content":{"rendered":"\n<div class=\"wp-block-image\"><figure class=\"aligncenter\"><a href=\"https:\/\/jfpiquet.com\/wp-content\/uploads\/2020\/01\/jpp0.jpg\"><img decoding=\"async\" loading=\"lazy\" width=\"300\" height=\"234\" src=\"https:\/\/jfpiquet.com\/wp-content\/uploads\/2020\/01\/jpp0-300x234.jpg\" alt=\"JP Pineau devant une de ses toiles pour le festival L'Art prend l'air, \u00e9dition 2013\" class=\"wp-image-338\" srcset=\"https:\/\/jfpiquet.com\/wp-content\/uploads\/2020\/01\/jpp0-300x234.jpg 300w, https:\/\/jfpiquet.com\/wp-content\/uploads\/2020\/01\/jpp0-768x598.jpg 768w, https:\/\/jfpiquet.com\/wp-content\/uploads\/2020\/01\/jpp0.jpg 986w\" sizes=\"(max-width: 300px) 100vw, 300px\" \/><\/a><figcaption>Festival&nbsp;<em>L&rsquo;Art prend l&rsquo;air&nbsp;<\/em>\u00e9dition 2013. <\/figcaption><\/figure><\/div>\n\n\n\n<p> Jean-Pierre Pineau est peintre et r\u00e9side dans la campagne castelbriantaise o\u00f9 il a trouv\u00e9 son \u00e9quilibre entre travaux physiques en ext\u00e9rieur et cr\u00e9ations picturales en atelier. A l\u2019huile et au couteau, il r\u00e9alise des peintures abstraites mais suggestives, \u00e9voquant des paysages citadins par les volumes dans l\u2019espace, d\u00e9voilant une recherche d\u2019\u00e9quilibre et d\u2019harmonisation des couleurs.<br><\/p>\n\n\n\n<hr class=\"wp-block-separator\"\/>\n\n\n\n<p>Il y a une dizaine d\u2019ann\u00e9es, Jean-Pierre Pineau a r\u00e9alis\u00e9 une s\u00e9rie de toiles sur le th\u00e8me de la fen\u00eatre, lesquelles ont \u00e9t\u00e9 expos\u00e9es au Th\u00e9\u00e2tre de Verre de Ch\u00e2teaubriant lors de la mise en voix des textes de mon recueil&nbsp;<em>Fen\u00eatres<\/em>&nbsp;par Anne Brodard et de la cr\u00e9ation de ma pi\u00e8ce&nbsp;<em>Trio en mode majeur<\/em>&nbsp;par la Compagnie de la Mansarde avec les com\u00e9diens Jacqueline Pellerin et Serge Lambert.<\/p>\n\n\n\n<p>Quelque temps plus tard, Jean-Pierre Pineau et moi-m\u00eame avons mont\u00e9 une exposition-lecture intitul\u00e9e&nbsp;<em>Regards sur la ville<\/em>&nbsp;dont voici un extrait du texte de pr\u00e9sentation&nbsp;:<\/p>\n\n\n\n<p><em>\u00ab&nbsp;De la part d\u2019un artiste qui a fait choix de vivre \u00e0 la campagne, on aurait pu attendre la repr\u00e9sentation de paysages champ\u00eatres, de sc\u00e8nes rurales avec la ville en arri\u00e8re plan, comme une sombre menace, comme une diabolique tentation&nbsp;; on aurait pu attendre \u00e0 tout le moins une palette plus verte. Or, il n\u2019en est rien&nbsp;: les couleurs dominantes sont ici l\u2019ocre de terres arides et le jaune des sables du d\u00e9sert&nbsp;; quant aux villes repr\u00e9sent\u00e9es, toujours \u00e0 la limite de l\u2019abstrait, dans un flou qui les fait para\u00eetre lointaines et irr\u00e9elles, comme s\u2019il s\u2019agissait de visions oniriques ou de mirages, on peut se demander si elles traduisent le d\u00e9sir d\u2019un ailleurs inaccessible ou si l\u2019artiste les a ramen\u00e9es d\u2019un voyage effectu\u00e9 il y a longtemps et qu\u2019apr\u00e8s les avoir port\u00e9es en lui pendant trop d\u2019ann\u00e9es il ne peut plus aujourd\u2019hui les repr\u00e9senter telles qu\u2019il les a vues, mais telles qu\u2019il se souvient ou croit se souvenir les avoir vues, un peu comme si le temps avait pos\u00e9 sur son regard, par-dessus le verre de ses lunettes, un filtre, puis un autre et encore un autre\u2026&nbsp;\u00bb<\/em><\/p>\n\n\n\n<div class=\"wp-block-image\"><figure class=\"aligncenter\"><a href=\"https:\/\/jfpiquet.com\/wp-content\/uploads\/2020\/01\/jpp2.jpg\"><img decoding=\"async\" loading=\"lazy\" width=\"1024\" height=\"689\" src=\"https:\/\/jfpiquet.com\/wp-content\/uploads\/2020\/01\/jpp2-1024x689.jpg\" alt=\"Une toile de JJ Pineau\" class=\"wp-image-340\" srcset=\"https:\/\/jfpiquet.com\/wp-content\/uploads\/2020\/01\/jpp2-1024x689.jpg 1024w, https:\/\/jfpiquet.com\/wp-content\/uploads\/2020\/01\/jpp2-300x202.jpg 300w, https:\/\/jfpiquet.com\/wp-content\/uploads\/2020\/01\/jpp2-768x517.jpg 768w, https:\/\/jfpiquet.com\/wp-content\/uploads\/2020\/01\/jpp2.jpg 1270w\" sizes=\"(max-width: 1024px) 100vw, 1024px\" \/><\/a><\/figure><\/div>\n","protected":false},"excerpt":{"rendered":"<p>Jean-Pierre Pineau est peintre et r\u00e9side dans la campagne castelbriantaise o\u00f9 il a trouv\u00e9 son \u00e9quilibre entre travaux physiques en ext\u00e9rieur et [&hellip;]<\/p>\n","protected":false},"author":2,"featured_media":0,"parent":0,"menu_order":0,"comment_status":"closed","ping_status":"closed","template":"","meta":[],"_links":{"self":[{"href":"https:\/\/jfpiquet.com\/index.php?rest_route=\/wp\/v2\/pages\/335"}],"collection":[{"href":"https:\/\/jfpiquet.com\/index.php?rest_route=\/wp\/v2\/pages"}],"about":[{"href":"https:\/\/jfpiquet.com\/index.php?rest_route=\/wp\/v2\/types\/page"}],"author":[{"embeddable":true,"href":"https:\/\/jfpiquet.com\/index.php?rest_route=\/wp\/v2\/users\/2"}],"replies":[{"embeddable":true,"href":"https:\/\/jfpiquet.com\/index.php?rest_route=%2Fwp%2Fv2%2Fcomments&post=335"}],"version-history":[{"count":6,"href":"https:\/\/jfpiquet.com\/index.php?rest_route=\/wp\/v2\/pages\/335\/revisions"}],"predecessor-version":[{"id":503,"href":"https:\/\/jfpiquet.com\/index.php?rest_route=\/wp\/v2\/pages\/335\/revisions\/503"}],"wp:attachment":[{"href":"https:\/\/jfpiquet.com\/index.php?rest_route=%2Fwp%2Fv2%2Fmedia&parent=335"}],"curies":[{"name":"wp","href":"https:\/\/api.w.org\/{rel}","templated":true}]}}