{"id":325,"date":"2020-01-11T16:46:30","date_gmt":"2020-01-11T15:46:30","guid":{"rendered":"http:\/\/jfpiquet.com\/?page_id=325"},"modified":"2020-01-18T19:20:50","modified_gmt":"2020-01-18T18:20:50","slug":"claire-monestier","status":"publish","type":"page","link":"https:\/\/jfpiquet.com\/?page_id=325","title":{"rendered":"Claire Monestier"},"content":{"rendered":"\n<div class=\"wp-block-image\"><figure class=\"aligncenter\"><a href=\"https:\/\/jfpiquet.com\/wp-content\/uploads\/2020\/01\/monest1.jpg\"><img decoding=\"async\" loading=\"lazy\" width=\"200\" height=\"300\" src=\"https:\/\/jfpiquet.com\/wp-content\/uploads\/2020\/01\/monest1-200x300.jpg\" alt=\"Claire Monestier aux structures Baschet (1)\n\" class=\"wp-image-328\" srcset=\"https:\/\/jfpiquet.com\/wp-content\/uploads\/2020\/01\/monest1-200x300.jpg 200w, https:\/\/jfpiquet.com\/wp-content\/uploads\/2020\/01\/monest1.jpg 512w\" sizes=\"(max-width: 200px) 100vw, 200px\" \/><\/a><\/figure><\/div>\n\n\n\n<p>Claire Monestier est musicienne et travaille dans plusieurs conservatoires o\u00f9 elle initie les plus jeunes \u00e0 la musique et monte avec eux des spectacles de d\u00e9couvertes. Apr\u00e8s une formation au piano, elle s\u2019est tourn\u00e9e vers le violon dont elle joue dans le r\u00e9pertoire classique, mais \u00e9galement au sein de groupes de musiques traditionnelles, notamment des pays balkans. Depuis une vingtaine d\u2019ann\u00e9es, elle travaille \u00e0 faire conna\u00eetre et d\u00e9velopper les structures sonores de l\u2019instrumentarium cr\u00e9\u00e9 par les deux fr\u00e8res Baschett.<\/p>\n\n\n\n<p>Pour en savoir plus \u00e0 ce sujet, consulter le site&nbsp;<a href=\"http:\/\/www.baschet.org\/\">www.baschet.org<\/a>. <\/p>\n\n\n\n<hr class=\"wp-block-separator\"\/>\n\n\n\n<p>Avec Claire Monestier, nous avons pr\u00e9sent\u00e9 une lecture spectacle autour de\u00a0<em>Noms de Nantes<\/em>, \u00e0 deux voix avec une musique sp\u00e9cialement compos\u00e9e au violon. C\u2019\u00e9tait en 2004-2006. Plus r\u00e9cemment, nous avons lu ensemble trois sc\u00e8nes tir\u00e9es de ma pi\u00e8ce\u00a0<em>Cit\u00e9 Funambule<\/em>\u00a0avec un accompagnement sur trois structures sonores de l\u2019instrumentarium Baschet (le petit cristal, les cordes et le sifflant). L\u2019utilisation de ces instruments aux r\u00e9sonances \u00e9tranges nous a paru parfaitement convenir pour ces textes qui s\u2019attachent \u00e0 dire ce que peut \u00eatre la maladie mentale \u00ab\u00a0v\u00e9cue de l\u2019int\u00e9rieur\u00a0\u00bb.  Un enregistrement de deux de ces lectures a \u00e9t\u00e9 r\u00e9alis\u00e9 par la m\u00e9diath\u00e8que de Vert-le-Grand.<\/p>\n\n\n\n<div class=\"wp-block-image\"><figure class=\"aligncenter\"><img decoding=\"async\" loading=\"lazy\" width=\"300\" height=\"219\" src=\"https:\/\/jfpiquet.com\/wp-content\/uploads\/2020\/01\/monest3-300x219.jpg\" alt=\"Claire Monestier et JFP\" class=\"wp-image-330\" srcset=\"https:\/\/jfpiquet.com\/wp-content\/uploads\/2020\/01\/monest3-300x219.jpg 300w, https:\/\/jfpiquet.com\/wp-content\/uploads\/2020\/01\/monest3.jpg 535w\" sizes=\"(max-width: 300px) 100vw, 300px\" \/><\/figure><\/div>\n\n\n\n<div class=\"wp-block-image\"><figure class=\"aligncenter\"><a href=\"https:\/\/jfpiquet.com\/wp-content\/uploads\/2020\/01\/monest2.jpg\"><img decoding=\"async\" loading=\"lazy\" width=\"300\" height=\"199\" src=\"https:\/\/jfpiquet.com\/wp-content\/uploads\/2020\/01\/monest2-300x199.jpg\" alt=\"Gros plan sur l'une des structures Baschet\" class=\"wp-image-332\" srcset=\"https:\/\/jfpiquet.com\/wp-content\/uploads\/2020\/01\/monest2-300x199.jpg 300w, https:\/\/jfpiquet.com\/wp-content\/uploads\/2020\/01\/monest2-768x509.jpg 768w, https:\/\/jfpiquet.com\/wp-content\/uploads\/2020\/01\/monest2-1024x679.jpg 1024w, https:\/\/jfpiquet.com\/wp-content\/uploads\/2020\/01\/monest2.jpg 1159w\" sizes=\"(max-width: 300px) 100vw, 300px\" \/><\/a><\/figure><\/div>\n\n\n\n<p>\u00ab&nbsp;Car je marche dans un tunnel, voyez-vous\u2026 depuis longtemps je marche dans un tunnel\u2026 au d\u00e9but, j\u2019avais quinze ans\u2026 Oooh\u00e9\u00e9\u00e9\u00e9\u2026 Vous entendez l\u2019\u00e9cho&nbsp;? Comme si une autre en moi s\u2019exprimait\u2026 et tout mon corps en r\u00e9sonne \u00e0 la mani\u00e8re d\u2019une caisse vide\u2026 bon qu\u2019\u00e0 \u00e7a, peut-\u00eatre, mon corps\u2026 oooh\u00e9\u00e9\u00e9\u00e9\u2026 y\u2019a quelqu\u2019un&nbsp;? Non, y\u2019a pas quelqu\u2019un\u2026 y\u2019a personne\u2026 Pourtant ils sont l\u00e0, je les sens, je les vois\u2026 derri\u00e8re ces sortes de hublots qui jalonnent mon tunnel\u2026 je les vois \u00e9voluer\u2026 p\u00e8re et m\u00e8re funambules, droits sur leur fil bien tendu\u2026 mais aussi les autres\u2026 camarades de classe\u2026 voisins\u2026 inconnus\u2026 comme vous\u2026 oooh\u00e9\u00e9\u00e9\u00e9\u2026&nbsp;\u00bb<br>Extrait de&nbsp;<em>Cit\u00e9 Funambule<\/em>, Acte III, Marie de B\u00e9telgeuse. <\/p>\n","protected":false},"excerpt":{"rendered":"<p>Claire Monestier est musicienne et travaille dans plusieurs conservatoires o\u00f9 elle initie les plus jeunes \u00e0 la musique et monte avec eux [&hellip;]<\/p>\n","protected":false},"author":2,"featured_media":0,"parent":0,"menu_order":0,"comment_status":"closed","ping_status":"closed","template":"","meta":[],"_links":{"self":[{"href":"https:\/\/jfpiquet.com\/index.php?rest_route=\/wp\/v2\/pages\/325"}],"collection":[{"href":"https:\/\/jfpiquet.com\/index.php?rest_route=\/wp\/v2\/pages"}],"about":[{"href":"https:\/\/jfpiquet.com\/index.php?rest_route=\/wp\/v2\/types\/page"}],"author":[{"embeddable":true,"href":"https:\/\/jfpiquet.com\/index.php?rest_route=\/wp\/v2\/users\/2"}],"replies":[{"embeddable":true,"href":"https:\/\/jfpiquet.com\/index.php?rest_route=%2Fwp%2Fv2%2Fcomments&post=325"}],"version-history":[{"count":5,"href":"https:\/\/jfpiquet.com\/index.php?rest_route=\/wp\/v2\/pages\/325\/revisions"}],"predecessor-version":[{"id":501,"href":"https:\/\/jfpiquet.com\/index.php?rest_route=\/wp\/v2\/pages\/325\/revisions\/501"}],"wp:attachment":[{"href":"https:\/\/jfpiquet.com\/index.php?rest_route=%2Fwp%2Fv2%2Fmedia&parent=325"}],"curies":[{"name":"wp","href":"https:\/\/api.w.org\/{rel}","templated":true}]}}