{"id":315,"date":"2020-01-11T16:42:20","date_gmt":"2020-01-11T15:42:20","guid":{"rendered":"http:\/\/jfpiquet.com\/?page_id=315"},"modified":"2020-01-18T19:20:06","modified_gmt":"2020-01-18T18:20:06","slug":"dominique-masse","status":"publish","type":"page","link":"https:\/\/jfpiquet.com\/?page_id=315","title":{"rendered":"Dominique Masse"},"content":{"rendered":"\n<div class=\"wp-block-image\"><figure class=\"aligncenter\"><a href=\"https:\/\/jfpiquet.com\/wp-content\/uploads\/2020\/01\/portraits_1.jpg\"><img decoding=\"async\" loading=\"lazy\" width=\"223\" height=\"300\" src=\"https:\/\/jfpiquet.com\/wp-content\/uploads\/2020\/01\/portraits_1-223x300.jpg\" alt=\"Peinture de Dominique Masse, un des &quot;Portraits soign\u00e9s&quot;\" class=\"wp-image-317\" srcset=\"https:\/\/jfpiquet.com\/wp-content\/uploads\/2020\/01\/portraits_1-223x300.jpg 223w, https:\/\/jfpiquet.com\/wp-content\/uploads\/2020\/01\/portraits_1.jpg 382w\" sizes=\"(max-width: 223px) 100vw, 223px\" \/><\/a><\/figure><\/div>\n\n\n\n<p>Dominique Masse est peintre et, \u00e0 ce titre, anime un atelier de cr\u00e9ation en milieu psychiatrique depuis une quinzaine d\u2019ann\u00e9es. C\u2019est \u00e0 la suite d\u2019une lecture de Portraits Soign\u00e9s que je faisais au ch\u00e2teau de Draveil, alors que le texte \u00e9tait encore \u00e0 l\u2019\u00e9tat de manuscrit, qu\u2019il m\u2019a parl\u00e9 de sa propre exp\u00e9rience et m\u2019a montr\u00e9 la s\u00e9rie de portraits grands formats qu\u2019il avait r\u00e9alis\u00e9 au fil des ann\u00e9es. A partir de l\u00e0, le fait s\u2019est impos\u00e9 que nous devions pr\u00e9senter nos travaux ensemble dans le cadre d\u2019une exposition-lecture \u00e0 laquelle nous ajouterions un volet \u00ab&nbsp;d\u00e9bat&nbsp;\u00bb sur nos parcours respectifs en milieu psychiatrique et sur notre positionnement en tant qu\u2019artistes dans ce contexte. Ce temps d\u2019\u00e9change avec le public permet d\u2019expliciter la d\u00e9marche de chacun et de pr\u00e9ciser les enjeux humains et artistiques qui la sous-tendent. C\u2019est aussi l\u2019occasion de partager sur la question plus vaste de l\u2019artiste et de son rapport au monde.<\/p>\n\n\n\n<p>L\u2019exposition-lecture Portraits Soign\u00e9s a \u00e9t\u00e9 \u00e0 ce jour pr\u00e9sent\u00e9e une dizaine de fois en m\u00e9diath\u00e8ques, institutions psychiatriques et centres culturels. Un dossier complet peut \u00eatre envoy\u00e9 en pdf sur simple demande aupr\u00e8s de <a href=\"mailto:dom.masse@yahoo.fr\">Dominique Masse<\/a> ou de\u00a0<a href=\"mailto:contact@jfpiquet.com\">Jacques-Fran\u00e7ois Piquet<\/a>.<\/p>\n\n\n\n<p>Certains extraits des portraits \u00e9crits ont \u00e9t\u00e9 imprim\u00e9s en lithographie \u00e0 tirage limit\u00e9 sur papier Arche. <\/p>\n\n\n\n<div class=\"wp-block-image\"><figure class=\"aligncenter\"><a href=\"https:\/\/jfpiquet.com\/wp-content\/uploads\/2020\/01\/portraits_2.jpg\"><img decoding=\"async\" loading=\"lazy\" width=\"300\" height=\"200\" src=\"https:\/\/jfpiquet.com\/wp-content\/uploads\/2020\/01\/portraits_2-300x200.jpg\" alt=\"Dominique Masse \u00e0 la lithographie\" class=\"wp-image-320\" srcset=\"https:\/\/jfpiquet.com\/wp-content\/uploads\/2020\/01\/portraits_2-300x200.jpg 300w, https:\/\/jfpiquet.com\/wp-content\/uploads\/2020\/01\/portraits_2.jpg 742w\" sizes=\"(max-width: 300px) 100vw, 300px\" \/><\/a><figcaption> Dominique Masse sur l\u2019une des presses manuelles, dites \u00ab&nbsp;b\u00eates \u00e0 cornes&nbsp;\u00bb de l\u2019atelier d\u2019Emmanuelle Auss\u00e9dat, Paris XXe. <\/figcaption><\/figure><\/div>\n\n\n\n<p><em>Pr\u00e9sentation<\/em><\/p>\n\n\n\n<p>Ces \u00ab&nbsp;portraits soign\u00e9s&nbsp;\u00bb ont \u00e9t\u00e9 inspir\u00e9s dans leur \u00e9criture et dans leur dessin par la fr\u00e9quentation de patients en institution psychiatrique, soit au cours d\u2019ateliers de lecture, \u00e9criture et parole, soit au cours d\u2019animation d\u2019ateliers de peinture. Ces personnes sur la br\u00e8che de la vie et de la raison, dont l\u2019\u00e2me et les traits refl\u00e8tent une souffrance indicible, nous interpellent quant \u00e0 notre \u00ab&nbsp;normalit\u00e9, et ce, par une r\u00e9flexion ou un comportement en d\u00e9calage \u2013 parfois l\u00e9ger &#8211; qui suscite notre attention comme le ferait quelque chose qui n\u2019est pas \u00e0 sa place. Il nous importe alors de comprendre, de scruter ces destins particuliers, d\u2019interpr\u00e9ter ces grands voyages int\u00e9rieurs dont nous ne percevons que des bribes, des fulgurances. Puis nous tentons de traduire ce ressenti avec nos moyens d\u2019expression pour entrer en empathie, \u00e9tablir des passerelles qui fassent que pour un temps nous ayons le sentiment d\u2019\u00eatre de la m\u00eame communaut\u00e9 humaine. L\u2019art est aussi invitation \u00e0 partager ce sentiment avec les autres, hors les murs, spectateurs et simples curieux, \u00ab&nbsp;voyageurs immobiles&nbsp;\u00bb. Bien qu\u2019intervenant dans des \u00e9tablissements diff\u00e9rents, la rencontre de nos disciplines respectives, \u00e9criture et peinture, s\u2019est faite gr\u00e2ce \u00e0 ce m\u00eame regard que nous portons sur les patients en psychiatrie \u00e0 travers le filtre de nos pratiques artistiques. Celles-ci nous permettent une \u00ab&nbsp;proche distance&nbsp;\u00bb avec la personne en difficult\u00e9 mentale permanente ou temporaire&nbsp;: proche par les notes et croquis saisis sur le vif&nbsp;; distance du fait que nous travaillons ensuite \u00e0 l\u2019atelier et \u00e0 la table pour transcrire l\u2019\u00e9motion \u00e9prouv\u00e9e.<br>Dominique Masse, peintre.<br>Jacques-Fran\u00e7ois Piquet, \u00e9crivain. <\/p>\n\n\n\n<div class=\"wp-block-image\"><figure class=\"aligncenter\"><a href=\"https:\/\/jfpiquet.com\/wp-content\/uploads\/2020\/01\/expo_portraits.jpg\"><img decoding=\"async\" loading=\"lazy\" width=\"300\" height=\"210\" src=\"https:\/\/jfpiquet.com\/wp-content\/uploads\/2020\/01\/expo_portraits-300x210.jpg\" alt=\"Accrochage \u00e0 l\u2019espace priv\u00e9 \u00ab La Chartreuse \u00bb, S\u00e8vres, mars 2011.\" class=\"wp-image-322\" srcset=\"https:\/\/jfpiquet.com\/wp-content\/uploads\/2020\/01\/expo_portraits-300x210.jpg 300w, https:\/\/jfpiquet.com\/wp-content\/uploads\/2020\/01\/expo_portraits.jpg 700w\" sizes=\"(max-width: 300px) 100vw, 300px\" \/><\/a><figcaption> Accrochage \u00e0 l\u2019espace priv\u00e9 \u00ab&nbsp;La Chartreuse&nbsp;\u00bb, S\u00e8vres, mars 2011. <\/figcaption><\/figure><\/div>\n","protected":false},"excerpt":{"rendered":"<p>Dominique Masse est peintre et, \u00e0 ce titre, anime un atelier de cr\u00e9ation en milieu psychiatrique depuis une quinzaine d\u2019ann\u00e9es. C\u2019est \u00e0 [&hellip;]<\/p>\n","protected":false},"author":2,"featured_media":0,"parent":0,"menu_order":0,"comment_status":"closed","ping_status":"closed","template":"","meta":[],"_links":{"self":[{"href":"https:\/\/jfpiquet.com\/index.php?rest_route=\/wp\/v2\/pages\/315"}],"collection":[{"href":"https:\/\/jfpiquet.com\/index.php?rest_route=\/wp\/v2\/pages"}],"about":[{"href":"https:\/\/jfpiquet.com\/index.php?rest_route=\/wp\/v2\/types\/page"}],"author":[{"embeddable":true,"href":"https:\/\/jfpiquet.com\/index.php?rest_route=\/wp\/v2\/users\/2"}],"replies":[{"embeddable":true,"href":"https:\/\/jfpiquet.com\/index.php?rest_route=%2Fwp%2Fv2%2Fcomments&post=315"}],"version-history":[{"count":6,"href":"https:\/\/jfpiquet.com\/index.php?rest_route=\/wp\/v2\/pages\/315\/revisions"}],"predecessor-version":[{"id":500,"href":"https:\/\/jfpiquet.com\/index.php?rest_route=\/wp\/v2\/pages\/315\/revisions\/500"}],"wp:attachment":[{"href":"https:\/\/jfpiquet.com\/index.php?rest_route=%2Fwp%2Fv2%2Fmedia&parent=315"}],"curies":[{"name":"wp","href":"https:\/\/api.w.org\/{rel}","templated":true}]}}