{"id":304,"date":"2020-01-11T16:34:44","date_gmt":"2020-01-11T15:34:44","guid":{"rendered":"http:\/\/jfpiquet.com\/?page_id=304"},"modified":"2020-01-11T16:40:55","modified_gmt":"2020-01-11T15:40:55","slug":"christian-lemoine","status":"publish","type":"page","link":"https:\/\/jfpiquet.com\/?page_id=304","title":{"rendered":"Christian Lemoine"},"content":{"rendered":"\n<div class=\"wp-block-image\"><figure class=\"aligncenter\"><a href=\"blob:https:\/\/jfpiquet.com\/bd217cd6-2bc6-426e-9f31-1b0395213073\"><img decoding=\"async\" loading=\"lazy\" width=\"279\" height=\"300\" src=\"https:\/\/jfpiquet.com\/wp-content\/uploads\/2020\/01\/cl1-279x300.jpg\" alt=\"\" class=\"wp-image-306\" srcset=\"https:\/\/jfpiquet.com\/wp-content\/uploads\/2020\/01\/cl1-279x300.jpg 279w, https:\/\/jfpiquet.com\/wp-content\/uploads\/2020\/01\/cl1-768x824.jpg 768w, https:\/\/jfpiquet.com\/wp-content\/uploads\/2020\/01\/cl1-954x1024.jpg 954w, https:\/\/jfpiquet.com\/wp-content\/uploads\/2020\/01\/cl1.jpg 1186w\" sizes=\"(max-width: 279px) 100vw, 279px\" \/><\/a><figcaption>Autoportrait de C. Lemoine<\/figcaption><\/figure><\/div>\n\n\n\n<p>Christian Lemoine est dessinateur, po\u00e8te, parolier et auteur d\u2019un recueil de nouvelles et d\u2019un roman. Quand on lui demande\u00a0: \u00ab\u00a0Et \u00e0 part \u00e7a, vous faites quoi dans la vie\u00a0?\u00a0\u00bb Il r\u00e9pond\u00a0: \u00ab\u00a0\u00c9ducateur sp\u00e9cialis\u00e9\u00a0\u00bb.<\/p>\n\n\n\n<p>L\u2019un de ses textes \u2013\u00a0<em>Le nom du vent<\/em>\u00a0\u2013 a \u00e9t\u00e9 mis en musique et figure sur l\u2019album\u00a0<em>Les perches du Nil<\/em>\u00a0de Dan Ar Braz (2007). Ses dessins d\u2019actualit\u00e9, toujours engag\u00e9s, souvent mordants, sont visibles sur le blog et la page Facebook\u00a0: \u00ab\u00a0lesactuschristianlemoine\u00a0\u00bb. Enfin, son roman \u2013<em>Une fille entre deux \u00e9quinoxes<\/em>\u00a0\u2013 est disponible <a href=\"http:\/\/www.leseditionsdunet.com\/\">sur le site des \u00c9ditions du Net<\/a>.<\/p>\n\n\n\n<hr class=\"wp-block-separator\"\/>\n\n\n\n<p>Avant d\u2019\u00eatre artistique, notre collaboration s\u2019est rod\u00e9e dans le domaine de la pu\u00e9riculture, plus pr\u00e9cis\u00e9ment au sein d\u2019une cr\u00e8che parentale o\u00f9 nous avons exerc\u00e9 nos talents de p\u00e8res en nourrissant, torchant et lavant (dans cet ordre) une douzaine de bambins dont l\u2019un s\u2019appelait Dorian et l\u2019autre Annabelle. <\/p>\n\n\n\n<div class=\"wp-block-image\"><figure class=\"aligncenter\"><a href=\"blob:https:\/\/jfpiquet.com\/71b30d74-0074-4379-889a-c807171a1bb9\"><img decoding=\"async\" loading=\"lazy\" width=\"300\" height=\"174\" src=\"https:\/\/jfpiquet.com\/wp-content\/uploads\/2020\/01\/cl4-300x174.jpg\" alt=\"\" class=\"wp-image-309\" srcset=\"https:\/\/jfpiquet.com\/wp-content\/uploads\/2020\/01\/cl4-300x174.jpg 300w, https:\/\/jfpiquet.com\/wp-content\/uploads\/2020\/01\/cl4-768x445.jpg 768w, https:\/\/jfpiquet.com\/wp-content\/uploads\/2020\/01\/cl4-1024x593.jpg 1024w, https:\/\/jfpiquet.com\/wp-content\/uploads\/2020\/01\/cl4-1568x908.jpg 1568w\" sizes=\"(max-width: 300px) 100vw, 300px\" \/><\/a><\/figure><\/div>\n\n\n\n<p>De la pu\u00e9riculture \u00e0 la culture, il n\u2019y avait apparemment qu\u2019un pas \u00e0 franchir. Pourtant, ce n\u2019est que bien plus tard que nous sommes intervenus de concert en milieu scolaire pour pr\u00e9senter les liens et la compl\u00e9mentarit\u00e9 entre texte et illustration \u00e0 partir de nos propres travaux. <\/p>\n\n\n\n<hr class=\"wp-block-separator\"\/>\n\n\n\n<p>\u00c0 l\u2019occasion d\u2019une exposition sur les m\u00e9tiers du livre, Christian Lemoine a r\u00e9alis\u00e9 plusieurs caricatures de son partenaire \u00e9crivain\u00a0: j\u2019en ris encore chaque fois qu\u2019elles me tombent sous les yeux\u00a0! <\/p>\n\n\n\n<div class=\"wp-block-image\"><figure class=\"aligncenter\"><a href=\"https:\/\/jfpiquet.com\/wp-content\/uploads\/2020\/01\/cl3.gif\"><img decoding=\"async\" loading=\"lazy\" width=\"218\" height=\"300\" src=\"https:\/\/jfpiquet.com\/wp-content\/uploads\/2020\/01\/cl3-218x300.gif\" alt=\"Caricature de JFP par Christian Lemoine (1)\" class=\"wp-image-310\" srcset=\"https:\/\/jfpiquet.com\/wp-content\/uploads\/2020\/01\/cl3-218x300.gif 218w, https:\/\/jfpiquet.com\/wp-content\/uploads\/2020\/01\/cl3-768x1057.gif 768w, https:\/\/jfpiquet.com\/wp-content\/uploads\/2020\/01\/cl3-744x1024.gif 744w\" sizes=\"(max-width: 218px) 100vw, 218px\" \/><\/a><\/figure><\/div>\n\n\n\n<div class=\"wp-block-image\"><figure class=\"aligncenter\"><img decoding=\"async\" loading=\"lazy\" width=\"300\" height=\"218\" src=\"https:\/\/jfpiquet.com\/wp-content\/uploads\/2020\/01\/cl2-300x218.gif\" alt=\"Caricature de JFP par Christian Lemoine (2)\" class=\"wp-image-312\" srcset=\"https:\/\/jfpiquet.com\/wp-content\/uploads\/2020\/01\/cl2-300x218.gif 300w, https:\/\/jfpiquet.com\/wp-content\/uploads\/2020\/01\/cl2-768x558.gif 768w, https:\/\/jfpiquet.com\/wp-content\/uploads\/2020\/01\/cl2-1024x744.gif 1024w, https:\/\/jfpiquet.com\/wp-content\/uploads\/2020\/01\/cl2-1568x1139.gif 1568w\" sizes=\"(max-width: 300px) 100vw, 300px\" \/><\/figure><\/div>\n","protected":false},"excerpt":{"rendered":"<p>Christian Lemoine est dessinateur, po\u00e8te, parolier et auteur d\u2019un recueil de nouvelles et d\u2019un roman. Quand on lui demande\u00a0: \u00ab\u00a0Et \u00e0 part [&hellip;]<\/p>\n","protected":false},"author":2,"featured_media":0,"parent":0,"menu_order":0,"comment_status":"closed","ping_status":"closed","template":"","meta":[],"_links":{"self":[{"href":"https:\/\/jfpiquet.com\/index.php?rest_route=\/wp\/v2\/pages\/304"}],"collection":[{"href":"https:\/\/jfpiquet.com\/index.php?rest_route=\/wp\/v2\/pages"}],"about":[{"href":"https:\/\/jfpiquet.com\/index.php?rest_route=\/wp\/v2\/types\/page"}],"author":[{"embeddable":true,"href":"https:\/\/jfpiquet.com\/index.php?rest_route=\/wp\/v2\/users\/2"}],"replies":[{"embeddable":true,"href":"https:\/\/jfpiquet.com\/index.php?rest_route=%2Fwp%2Fv2%2Fcomments&post=304"}],"version-history":[{"count":5,"href":"https:\/\/jfpiquet.com\/index.php?rest_route=\/wp\/v2\/pages\/304\/revisions"}],"predecessor-version":[{"id":313,"href":"https:\/\/jfpiquet.com\/index.php?rest_route=\/wp\/v2\/pages\/304\/revisions\/313"}],"wp:attachment":[{"href":"https:\/\/jfpiquet.com\/index.php?rest_route=%2Fwp%2Fv2%2Fmedia&parent=304"}],"curies":[{"name":"wp","href":"https:\/\/api.w.org\/{rel}","templated":true}]}}