{"id":295,"date":"2020-01-11T16:32:46","date_gmt":"2020-01-11T15:32:46","guid":{"rendered":"http:\/\/jfpiquet.com\/?page_id=295"},"modified":"2020-01-18T19:18:41","modified_gmt":"2020-01-18T18:18:41","slug":"roberte-lamy","status":"publish","type":"page","link":"https:\/\/jfpiquet.com\/?page_id=295","title":{"rendered":"Roberte Lamy"},"content":{"rendered":"\n<div class=\"wp-block-image\"><figure class=\"aligncenter\"><a href=\"https:\/\/jfpiquet.com\/wp-content\/uploads\/2020\/01\/roberte-_lamy_1.jpg\"><img decoding=\"async\" loading=\"lazy\" width=\"212\" height=\"300\" src=\"https:\/\/jfpiquet.com\/wp-content\/uploads\/2020\/01\/roberte-_lamy_1-212x300.jpg\" alt=\"Affiche : &quot;L'Oeil de b\u0153uf&quot; par Roberte Lamy et JFP\" class=\"wp-image-296\" srcset=\"https:\/\/jfpiquet.com\/wp-content\/uploads\/2020\/01\/roberte-_lamy_1-212x300.jpg 212w, https:\/\/jfpiquet.com\/wp-content\/uploads\/2020\/01\/roberte-_lamy_1.jpg 707w\" sizes=\"(max-width: 212px) 100vw, 212px\" \/><\/a><\/figure><\/div>\n\n\n\n<p>Roberte Lamy est com\u00e9dienne et conteuse, membre de la Compagnie th\u00e9\u00e2trale La Douce Am\u00e8re. Form\u00e9e \u00e0 l\u2019\u00e9cole du mime Etienne Decroux et au th\u00e9\u00e2tre corporel, elle a jou\u00e9 dans une trentaine de cr\u00e9ations pour divers publics. Depuis quinze ans, elle tourne et conte aux quatre coins de la France avec des spectacles dont elle est souvent l\u2019auteur et la metteur en sc\u00e8ne.<\/p>\n\n\n\n<p>Ensemble, nous avons donn\u00e9 en lecture de larges extraits de&nbsp;<em>L\u2019\u0153il-de-b\u0153uf<\/em>&nbsp;\u00e0 l\u2019occasion de sa r\u00e9\u00e9dition chez Joca Seria en 2004. Nous avons lu \u00e9galement plusieurs sc\u00e8nes de&nbsp;<em>Qui d\u2019autre ?<\/em>&nbsp;en librairie, en m\u00e9diath\u00e8que et au Salon du livre de Paris. Enfin, c\u2019est pour elle que j\u2019ai \u00e9crit le monologue&nbsp;<em>L\u2019heure avant l\u2019heure<\/em>&nbsp;dont elle a assur\u00e9 la cr\u00e9ation \u00e0 l\u2019Espace Jean-Louis Barrault de Vert-le-Petit, avant une s\u00e9rie de repr\u00e9sentations en Ile-de-France. Pour la saison 2013-2014, la compagnie La Douce Am\u00e8re envisage de reprendre ce monologue, toujours avec Roberte Lamy, mais dans une version sans d\u00e9cor ni mise en sc\u00e8ne, privil\u00e9giant ainsi le texte. <\/p>\n\n\n\n<div class=\"wp-block-image\"><figure class=\"aligncenter\"><a href=\"https:\/\/jfpiquet.com\/wp-content\/uploads\/2020\/01\/roberte_lamy_3.jpg\"><img decoding=\"async\" loading=\"lazy\" width=\"300\" height=\"225\" src=\"https:\/\/jfpiquet.com\/wp-content\/uploads\/2020\/01\/roberte_lamy_3-300x225.jpg\" alt=\"Th\u00e9\u00e2tre c\u00f4t\u00e9 jardin : Roberte Lamy dans L\u2019heure avant l\u2019heure, mise en sc\u00e8ne de l\u2019auteur, juillet 2007.\" class=\"wp-image-298\" srcset=\"https:\/\/jfpiquet.com\/wp-content\/uploads\/2020\/01\/roberte_lamy_3-300x225.jpg 300w, https:\/\/jfpiquet.com\/wp-content\/uploads\/2020\/01\/roberte_lamy_3-768x576.jpg 768w, https:\/\/jfpiquet.com\/wp-content\/uploads\/2020\/01\/roberte_lamy_3-1024x768.jpg 1024w, https:\/\/jfpiquet.com\/wp-content\/uploads\/2020\/01\/roberte_lamy_3.jpg 1280w\" sizes=\"(max-width: 300px) 100vw, 300px\" \/><\/a><figcaption> Th\u00e9\u00e2tre c\u00f4t\u00e9 jardin&nbsp;: Roberte Lamy dans&nbsp;<em>L\u2019heure avant l\u2019heure<\/em>, mise en sc\u00e8ne de l\u2019auteur, juillet 2007. <\/figcaption><\/figure><\/div>\n\n\n\n<div class=\"wp-block-image\"><figure class=\"aligncenter\"><a href=\"https:\/\/jfpiquet.com\/wp-content\/uploads\/2020\/01\/roberte_lamy_2.jpg\"><img decoding=\"async\" loading=\"lazy\" width=\"300\" height=\"225\" src=\"https:\/\/jfpiquet.com\/wp-content\/uploads\/2020\/01\/roberte_lamy_2-300x225.jpg\" alt=\"\" class=\"wp-image-300\" srcset=\"https:\/\/jfpiquet.com\/wp-content\/uploads\/2020\/01\/roberte_lamy_2-300x225.jpg 300w, https:\/\/jfpiquet.com\/wp-content\/uploads\/2020\/01\/roberte_lamy_2-768x576.jpg 768w, https:\/\/jfpiquet.com\/wp-content\/uploads\/2020\/01\/roberte_lamy_2-1024x768.jpg 1024w, https:\/\/jfpiquet.com\/wp-content\/uploads\/2020\/01\/roberte_lamy_2.jpg 1280w\" sizes=\"(max-width: 300px) 100vw, 300px\" \/><\/a><figcaption><em>L\u2019heure avant l\u2019heure, voyez, vous, c\u2019est la pire.<br>Parce qu\u2019on n\u2019est d\u00e9j\u00e0 plus soi-m\u00eame\u2026 mais pas encore cette autre\u2026 seule en sc\u00e8ne avec l\u2019ombre de celles qui lui ont dit un jour&nbsp;:&nbsp; \u00ab&nbsp;Vas-y&nbsp;, c\u2019est \u00e0 toi de jouer, maintenant\u2026 \u00e0 toi&nbsp;!&nbsp;\u00bb\u2026 et le public en face\u2026 dans la p\u00e9nombre\u2026<\/em> <\/figcaption><\/figure><\/div>\n","protected":false},"excerpt":{"rendered":"<p>Roberte Lamy est com\u00e9dienne et conteuse, membre de la Compagnie th\u00e9\u00e2trale La Douce Am\u00e8re. Form\u00e9e \u00e0 l\u2019\u00e9cole du mime Etienne Decroux et [&hellip;]<\/p>\n","protected":false},"author":2,"featured_media":0,"parent":0,"menu_order":0,"comment_status":"closed","ping_status":"closed","template":"","meta":[],"_links":{"self":[{"href":"https:\/\/jfpiquet.com\/index.php?rest_route=\/wp\/v2\/pages\/295"}],"collection":[{"href":"https:\/\/jfpiquet.com\/index.php?rest_route=\/wp\/v2\/pages"}],"about":[{"href":"https:\/\/jfpiquet.com\/index.php?rest_route=\/wp\/v2\/types\/page"}],"author":[{"embeddable":true,"href":"https:\/\/jfpiquet.com\/index.php?rest_route=\/wp\/v2\/users\/2"}],"replies":[{"embeddable":true,"href":"https:\/\/jfpiquet.com\/index.php?rest_route=%2Fwp%2Fv2%2Fcomments&post=295"}],"version-history":[{"count":4,"href":"https:\/\/jfpiquet.com\/index.php?rest_route=\/wp\/v2\/pages\/295\/revisions"}],"predecessor-version":[{"id":498,"href":"https:\/\/jfpiquet.com\/index.php?rest_route=\/wp\/v2\/pages\/295\/revisions\/498"}],"wp:attachment":[{"href":"https:\/\/jfpiquet.com\/index.php?rest_route=%2Fwp%2Fv2%2Fmedia&parent=295"}],"curies":[{"name":"wp","href":"https:\/\/api.w.org\/{rel}","templated":true}]}}