{"id":275,"date":"2020-01-11T16:21:43","date_gmt":"2020-01-11T15:21:43","guid":{"rendered":"http:\/\/jfpiquet.com\/?page_id=275"},"modified":"2020-01-11T16:26:35","modified_gmt":"2020-01-11T15:26:35","slug":"chantal-danjou","status":"publish","type":"page","link":"https:\/\/jfpiquet.com\/?page_id=275","title":{"rendered":"Chantal Danjou"},"content":{"rendered":"\n<div class=\"wp-block-image\"><figure class=\"aligncenter\"><a href=\"https:\/\/jfpiquet.com\/wp-content\/uploads\/2020\/01\/cd1.jpg\"><img decoding=\"async\" loading=\"lazy\" width=\"300\" height=\"225\" src=\"https:\/\/jfpiquet.com\/wp-content\/uploads\/2020\/01\/cd1-300x225.jpg\" alt=\"Chantal Danjou (1)\" class=\"wp-image-281\" srcset=\"https:\/\/jfpiquet.com\/wp-content\/uploads\/2020\/01\/cd1-300x225.jpg 300w, https:\/\/jfpiquet.com\/wp-content\/uploads\/2020\/01\/cd1-768x577.jpg 768w, https:\/\/jfpiquet.com\/wp-content\/uploads\/2020\/01\/cd1-1024x769.jpg 1024w, https:\/\/jfpiquet.com\/wp-content\/uploads\/2020\/01\/cd1.jpg 1298w\" sizes=\"(max-width: 300px) 100vw, 300px\" \/><\/a><\/figure><\/div>\n\n\n\n<p>\n\nAuteur d\u2019une vingtaine de titres, Chantal Danjou est po\u00e8te, nouvelliste et critique litt\u00e9raire. Par ailleurs membre du conseil de r\u00e9daction des \u00c9ditions&nbsp;<em>Encres Vives<\/em>, elle vit et travaille aujourd\u2019hui dans le Var apr\u00e8s avoir longtemps s\u00e9journ\u00e9 \u00e0 Paris. Docteur \u00e8s lettres, professeur durant de nombreuses ann\u00e9es, elle intervient d\u00e9sormais dans des instituts universitaires de formation d\u2019enseignants sur des projets en lien avec la lecture et l\u2019exp\u00e9rience po\u00e9tiques. Elle anime aussi des ateliers d\u2019\u00e9criture et, depuis 1989, elle contribue \u00e0 faire conna\u00eetre la po\u00e9sie contemporaine avec l\u2019association&nbsp;<em>La Roue Traversi\u00e8re<\/em>&nbsp;dont elle est co-fondatrice.<\/p>\n\n\n\n<p>Ses derni\u00e8res parutions sont\u00a0:\u00a0<em>La mer int\u00e9rieure, entre les \u00eeles<\/em>, aux \u00e9ditions M\u00e9moire Vivante\u00a0;\u00a0<em>Femme qui tend la torche<\/em>, aux m\u00eames \u00e9ditions\u00a0;\u00a0<em>Formes \u2013 R\u00e9cits du feu<\/em>, avec le plasticien Henri Y\u00e9ru, dans la collection des Cahiers du Museur\u00a0;\u00a0<em>L\u2019Oreille coup\u00e9e<\/em>, aux \u00e9ditions Encres Vives.<br>Pour plus de d\u00e9tails sur la bibliographie et les interventions de Chantal Danjou, voir sa page de pr\u00e9sentation sur le site de la Maison des \u00c9crivains et de la Litt\u00e9rature\u00a0:\u00a0<a href=\"http:\/\/www.m-e-l.fr\/chantal-danjou,ec,70\">www.m-e-l.fr<\/a>. <\/p>\n\n\n\n<hr class=\"wp-block-separator\"\/>\n\n\n\n<p>C\u2019est dans le cadre associatif de\u00a0<em>La Roue Traversi\u00e8re<\/em>\u00a0que Chantal Danjou m\u2019a d\u2019abord propos\u00e9 un espace de parole autour de mon recueil\u00a0<em>Fen\u00eatres<\/em>. Par la suite, lors de formations, nous avons collabor\u00e9 sur un projet questionnant la lecture et l\u2019\u00e9criture po\u00e9tiques.<br>\u00ab\u00a0Il s\u2019agissait de confronter le travail de l\u2019\u00e9crivain et celui de l\u2019enseignant, explique Chantal, et de r\u00e9fl\u00e9chir sur le r\u00f4le de l\u2019auteur invit\u00e9 dans le cadre scolaire. Une telle r\u00e9flexion a pu \u00eatre men\u00e9e complic\u00e9ment dans un partenariat sensible et intellectuel. Conduire un atelier, c\u2019est avant tout amener la personne, quelle que soit sa profession, quel que soit son \u00e2ge, \u00e0 habiter son espace, son lieu, son temps, \u00e0 s\u2019\u00e9tonner\u00a0; c\u2019est l\u2019interroger et la faire s\u2019interroger.\u00a0\u00bb <\/p>\n\n\n\n<div class=\"wp-block-image\"><figure class=\"aligncenter\"><a href=\"https:\/\/jfpiquet.com\/wp-content\/uploads\/2020\/01\/cd2.jpg\"><img decoding=\"async\" loading=\"lazy\" width=\"225\" height=\"300\" src=\"https:\/\/jfpiquet.com\/wp-content\/uploads\/2020\/01\/cd2-225x300.jpg\" alt=\"Chantal Danjou (2)\" class=\"wp-image-284\" srcset=\"https:\/\/jfpiquet.com\/wp-content\/uploads\/2020\/01\/cd2-225x300.jpg 225w, https:\/\/jfpiquet.com\/wp-content\/uploads\/2020\/01\/cd2-768x1024.jpg 768w, https:\/\/jfpiquet.com\/wp-content\/uploads\/2020\/01\/cd2-1568x2091.jpg 1568w\" sizes=\"(max-width: 225px) 100vw, 225px\" \/><\/a><\/figure><\/div>\n\n\n\n<p>Deux extraits de\u00a0<em>Femme qui tend la torche<\/em><br>\u00c9ditions M\u00e9moire Vivante, juin 2014<\/p>\n\n\n\n<p><strong>I<\/strong><br>\u00e0 commencer le texte fait \u00e9tat de ce qui meurt<br>et meurt ne disant jamais plus<br>n\u2019en voulions rien savoir<br>comme si passer d\u2019une langue \u00e0 l\u2019autre<br>d\u2019une rue \u00e0 la suivante<br>portes sans cesse verniss\u00e9es<br>rendait fou l\u2019espoir<\/p>\n\n\n\n<p><strong>II<\/strong><br>mais la lune\u2026<br>tendant sa torche de douani\u00e8re<br>intercepte les mondes d\u2019en haut<br>d\u2019en bas soul\u00e8ve les paupi\u00e8res ferm\u00e9es<br>reconna\u00eet le plus mort (ou la plus morte) plus aim\u00e9(e) plus dor\u00e9(e)<br>et bruissant(e) et lune tendant sa torche efface les signes<br>du commencement et de la fin y compris de son propre commencement<br>ce demi-visage ce demi-regard cette bouche tordue<br>cette parcelle du Comt\u00e9 de Joyce<br>cet entreb\u00e2illement d\u2019ajoncs de roseaux<br>o\u00f9 l\u2019on voit \u00e0 pr\u00e9sent que tout vogue rampe affleure\n\n<\/p>\n","protected":false},"excerpt":{"rendered":"<p>Auteur d\u2019une vingtaine de titres, Chantal Danjou est po\u00e8te, nouvelliste et critique litt\u00e9raire. Par ailleurs membre du conseil de r\u00e9daction des \u00c9ditions&nbsp;Encres [&hellip;]<\/p>\n","protected":false},"author":2,"featured_media":0,"parent":0,"menu_order":0,"comment_status":"closed","ping_status":"closed","template":"","meta":[],"_links":{"self":[{"href":"https:\/\/jfpiquet.com\/index.php?rest_route=\/wp\/v2\/pages\/275"}],"collection":[{"href":"https:\/\/jfpiquet.com\/index.php?rest_route=\/wp\/v2\/pages"}],"about":[{"href":"https:\/\/jfpiquet.com\/index.php?rest_route=\/wp\/v2\/types\/page"}],"author":[{"embeddable":true,"href":"https:\/\/jfpiquet.com\/index.php?rest_route=\/wp\/v2\/users\/2"}],"replies":[{"embeddable":true,"href":"https:\/\/jfpiquet.com\/index.php?rest_route=%2Fwp%2Fv2%2Fcomments&post=275"}],"version-history":[{"count":5,"href":"https:\/\/jfpiquet.com\/index.php?rest_route=\/wp\/v2\/pages\/275\/revisions"}],"predecessor-version":[{"id":286,"href":"https:\/\/jfpiquet.com\/index.php?rest_route=\/wp\/v2\/pages\/275\/revisions\/286"}],"wp:attachment":[{"href":"https:\/\/jfpiquet.com\/index.php?rest_route=%2Fwp%2Fv2%2Fmedia&parent=275"}],"curies":[{"name":"wp","href":"https:\/\/api.w.org\/{rel}","templated":true}]}}