{"id":235,"date":"2020-01-11T15:54:28","date_gmt":"2020-01-11T14:54:28","guid":{"rendered":"http:\/\/jfpiquet.com\/?page_id=235"},"modified":"2020-01-11T15:56:16","modified_gmt":"2020-01-11T14:56:16","slug":"elegie-a-la-memoire-de-trois-etrangeres","status":"publish","type":"page","link":"https:\/\/jfpiquet.com\/?page_id=235","title":{"rendered":"\u00c9l\u00e9gie \u00e0 la m\u00e9moire de trois \u00e9trang\u00e8res"},"content":{"rendered":"\n<p>Trois proses en \u00ab\u00a0tir\u00e9 \u00e0 part\u00a0\u00bb.<br>\u00c9ditions Isabelle Sauvage, 2005.<br>Photo de Jean-Yves Cousseau. <\/p>\n\n\n\n<div class=\"wp-block-image\"><figure class=\"aligncenter\"><a href=\"https:\/\/jfpiquet.com\/wp-content\/uploads\/2020\/01\/elegie.jpg\"><img decoding=\"async\" loading=\"lazy\" width=\"238\" height=\"300\" src=\"https:\/\/jfpiquet.com\/wp-content\/uploads\/2020\/01\/elegie-238x300.jpg\" alt=\"\" class=\"wp-image-238\" srcset=\"https:\/\/jfpiquet.com\/wp-content\/uploads\/2020\/01\/elegie-238x300.jpg 238w, https:\/\/jfpiquet.com\/wp-content\/uploads\/2020\/01\/elegie.jpg 560w\" sizes=\"(max-width: 238px) 100vw, 238px\" \/><\/a><\/figure><\/div>\n\n\n\n<p> \u00ab\u00a0Les lecteurs de\u00a0<em>D\u00e9charge<\/em>\u00a0ont d\u00e9couvert dans le num\u00e9ro 126, le d\u00e9but du journal de Jacques-Fran\u00e7ois Piquet, \u00e9ph\u00e9m\u00e9ride d\u2019une ann\u00e9e 2004 particuli\u00e8rement bouleversante. Cette \u00e9l\u00e9gie est un tir\u00e9 \u00e0 part de trois autres journ\u00e9es. La grande originalit\u00e9 de l\u2019auteur tient \u00e0 son positionnement par rapport aux \u00e9v\u00e9nements, \u00e0 sa compassion au sens fort. Car, \u00e9voquant ici l\u2019accident d\u2019avion de Charm El Cheikh, l\u2019attentat de Madrid ou, apr\u00e8s Aragon, l\u2019Olga de l\u2019Affiche Rouge, Jacques-Fran\u00e7ois Piquet entre dans le drame, devient personnage, sinon acteur du moins un t\u00e9moin intime du destin des trois femmes dont il anime les derniers instants. Loin des Choses vues de Hugo, ce journal, qu\u2019on esp\u00e8re d\u00e9couvrir bient\u00f4t dans son int\u00e9gralit\u00e9, est une alchimie d\u2019une \u00e9mouvante beaut\u00e9. Comment moi, homme ordinaire du 21e si\u00e8cle, puis-je accueillir ces morts lointaines,\u00a0 me nouer \u00e0 elles, en faire une part de ma propre histoire, compatir, oui, et exprimer cette souffrance qui d\u2019\u00e9trang\u00e8re devient mienne. Un mot encore, pour souligner le travail remarquable de la composition d\u2019Isabelle Sauvage, d\u2019une \u00e9l\u00e9gance discr\u00e8te, faisant de ce \u00ab\u00a0livre\u00a0\u00bb pli\u00e9 comme une lettre avec son enveloppe et rehauss\u00e9 d\u2019une photographie de Jean-Yves Cousseau, une invite suppl\u00e9mentaire, au lecteur cette fois, \u00e0 recevoir.\u00a0\u00bb<br>Alain KEWES<br>Revue\u00a0<em>D\u00e9charge<\/em>\u00a0n\u00b0 127, septembre 2005 <\/p>\n","protected":false},"excerpt":{"rendered":"<p>Trois proses en \u00ab\u00a0tir\u00e9 \u00e0 part\u00a0\u00bb.\u00c9ditions Isabelle Sauvage, 2005.Photo de Jean-Yves Cousseau. \u00ab\u00a0Les lecteurs de\u00a0D\u00e9charge\u00a0ont d\u00e9couvert dans le num\u00e9ro 126, le d\u00e9but [&hellip;]<\/p>\n","protected":false},"author":2,"featured_media":0,"parent":0,"menu_order":0,"comment_status":"closed","ping_status":"closed","template":"","meta":[],"_links":{"self":[{"href":"https:\/\/jfpiquet.com\/index.php?rest_route=\/wp\/v2\/pages\/235"}],"collection":[{"href":"https:\/\/jfpiquet.com\/index.php?rest_route=\/wp\/v2\/pages"}],"about":[{"href":"https:\/\/jfpiquet.com\/index.php?rest_route=\/wp\/v2\/types\/page"}],"author":[{"embeddable":true,"href":"https:\/\/jfpiquet.com\/index.php?rest_route=\/wp\/v2\/users\/2"}],"replies":[{"embeddable":true,"href":"https:\/\/jfpiquet.com\/index.php?rest_route=%2Fwp%2Fv2%2Fcomments&post=235"}],"version-history":[{"count":3,"href":"https:\/\/jfpiquet.com\/index.php?rest_route=\/wp\/v2\/pages\/235\/revisions"}],"predecessor-version":[{"id":240,"href":"https:\/\/jfpiquet.com\/index.php?rest_route=\/wp\/v2\/pages\/235\/revisions\/240"}],"wp:attachment":[{"href":"https:\/\/jfpiquet.com\/index.php?rest_route=%2Fwp%2Fv2%2Fmedia&parent=235"}],"curies":[{"name":"wp","href":"https:\/\/api.w.org\/{rel}","templated":true}]}}