{"id":194,"date":"2020-01-11T15:36:16","date_gmt":"2020-01-11T14:36:16","guid":{"rendered":"http:\/\/jfpiquet.com\/?page_id=194"},"modified":"2020-01-18T19:06:37","modified_gmt":"2020-01-18T18:06:37","slug":"qui-dautre","status":"publish","type":"page","link":"https:\/\/jfpiquet.com\/?page_id=194","title":{"rendered":"Qui d&rsquo;autre ?"},"content":{"rendered":"\n<p> \u00c9ditions Le bruit des autres, 2007.<br>Peinture de couverture&nbsp;: Jean-Pierre Pineau. <\/p>\n\n\n\n<div class=\"wp-block-image\"><figure class=\"aligncenter\"><img decoding=\"async\" loading=\"lazy\" width=\"185\" height=\"300\" src=\"https:\/\/jfpiquet.com\/wp-content\/uploads\/2020\/01\/qui_d_autre-185x300.jpg\" alt=\"Couverture de &quot;Qui d'autre ?&quot;\" class=\"wp-image-198\" srcset=\"https:\/\/jfpiquet.com\/wp-content\/uploads\/2020\/01\/qui_d_autre-185x300.jpg 185w, https:\/\/jfpiquet.com\/wp-content\/uploads\/2020\/01\/qui_d_autre.jpg 319w\" sizes=\"(max-width: 185px) 100vw, 185px\" \/><\/figure><\/div>\n\n\n\n<p><em>Pr\u00e9sentation<\/em><\/p>\n\n\n\n<p>La pi\u00e8ce est pens\u00e9e pour un seul couple, mais elle peut \u00e9ventuellement \u00eatre jou\u00e9e par deux couples (cf notamment sc\u00e8ne 7) dont on soulignera alors les ressemblances.<\/p>\n\n\n\n<p>Les noms de famille des protagonistes \u2013 Quenemarch et Qu\u00e9nemarch \u2013 ont la m\u00eame orthographe \u00e0 l\u2019exception d\u2019un accent aigu pour le deuxi\u00e8me. En revanche, la prononciation diff\u00e8re&nbsp;: Quennemarche pour l\u2019un, Quou\u00e9nmar pour l\u2019autre. Le couple 1 tient \u00e0 cette distinction&nbsp;; le couple 2 se satisfait d\u2019une prononciation neutre, \u00e0 savoir&nbsp;: Quennemar. <\/p>\n\n\n\n<hr class=\"wp-block-separator\"\/>\n\n\n\n<p><em>Premi\u00e8res r\u00e9pliques<\/em><\/p>\n\n\n\n<p>L\u2019homme :&nbsp;On pourrait dire qu\u2019on n\u2019a rien vu venir\u2026 On pourrait dire \u00e7a, oui\u2026 Et c\u2019est vrai qu\u2019on \u00e9tait l\u00e0 comme chaque soir en train de d\u00eener avec notre plateau devant la t\u00e9l\u00e9 quand soudain \u00e0 la porte&nbsp;: ding-dong\u2026<br>La femme :&nbsp;Toc-toc-toc.<br>L\u2019homme :&nbsp;?<br>La femme :&nbsp;Eh bien oui, toc-toc-toc, nous n\u2019avions pas de sonnette \u00e0 l\u2019\u00e9poque&nbsp;!<br>L\u2019homme :&nbsp;Est-ce si important&nbsp;?<br>La femme :&nbsp;Tout est important quand on fait l\u2019effort de se souvenir&nbsp;! Surtout les d\u00e9tails&nbsp;!<br>L\u2019homme :&nbsp;Soit&nbsp;! Je reprends donc&nbsp;: quand soudain \u00e0 la porte&nbsp;: toc-toc-toc\u2026 <\/p>\n\n\n\n<hr class=\"wp-block-separator\"\/>\n\n\n\n<p><em>Coupures de presse<\/em><\/p>\n\n\n\n<p>\u00ab&nbsp;Avec cette pi\u00e8ce en un acte, Piquet poursuit une r\u00e9flexion entam\u00e9e depuis quelques livres autour de la m\u00e9moire, de l\u2019oubli et de la responsabilit\u00e9. Sur sc\u00e8ne, un couple dans son appartement, lequel sera tant\u00f4t celui du dessus tant\u00f4t celui du dessous, identique, et qu\u2019il a \u00ab&nbsp;emprunt\u00e9 \u00e0 long terme&nbsp;\u00bb aux pr\u00e9c\u00e9dents occupants, emport\u00e9s par une rafle. Bien s\u00fbr, un appartement inoccup\u00e9 est une absurdit\u00e9 quand on vit soi-m\u00eame \u00e0 l\u2019\u00e9troit. Bien s\u00fbr, ils n\u2019y sont pour rien, ou si peu, une simple question d\u2019accent. Chacun son destin. Mais quand m\u00eame. La trappe de communication creus\u00e9e pour agrandir leur territoire devient une terrible bouche d\u2019ombre, une mauvaise conscience qu\u2019ils ont bien du mal \u00e0 faire taire. Surtout quand les occupants du dessous semblent revenir. Jacques-Fran\u00e7ois Piquet m\u00e8ne cette intrigue avec un sens parfait des silences qui envahissent le discours, corrodent les mots et font grincer la v\u00e9rit\u00e9. Quelle diff\u00e9rence peut justifier que le sort de l\u2019autre m\u2019indiff\u00e8re&nbsp;? L\u2019in\u00e9luctable d\u00e9nouement r\u00e9pondra \u00e0 ma place.&nbsp;\u00bb<br>Alain KEWES<br>revue&nbsp;<em>D\u00e9charge<\/em>&nbsp;134, juin 2007.<br><\/p>\n\n\n\n<hr class=\"wp-block-separator\"\/>\n\n\n\n<p>\u00ab&nbsp;Ce texte renvoie aux interrogations et aux sentiments de chacun face aux souffrances qui nous entourent et aux menaces qui se profilent. Sommes-nous assez attentifs aux signes avant-coureurs des drames ? Un texte tout \u00e0 fait d\u2019actualit\u00e9 au moment o\u00f9 beaucoup d\u2019acquis sont remis en cause, o\u00f9 tant de d\u00e9cisions tr\u00e8s bizarres et dangereuses pour l\u2019avenir sont prises ? R\u00e9agissons-nous assez ? Ne sommes-nous pas trop passifs au moment o\u00f9 il est encore temps d\u2019agir ? Ne sommes-nous pas coupables de ne pas nous opposer clairement et violemment aux atteintes \u00e0 la libert\u00e9, au droit d\u2019asile, au droit aux soins, au logement\u2026 ? Faut-il attendre comme ce couple?<br>Une pi\u00e8ce de grande port\u00e9e que celle que nous offre Jacques-Fran\u00e7ois Piquet. La litt\u00e9rature est l\u00e0 pour nous aiguillonner :<br><em>\u00ab&nbsp;Pourquoi tu dis \u00e7a ? On ne s\u2019en fout pas, nous. Mais on ne peut pas non plus se sentir coupable pour quelque chose qu\u2019on n\u2019a pas vu venir\u2026 ou, si tu pr\u00e9f\u00e8res, qu\u2019on pourrait dire ne pas avoir vu venir ! Quant \u00e0 ce qui restait dans l\u2019appartement, tu sais tr\u00e8s bien que \u00e7a n\u2019avait pas beaucoup de valeur\u2026&nbsp;\u00bb<\/em><br>Brigitte AUBONNET<br>revue&nbsp;<em><a href=\"http:\/\/www.encres-vagabondes.com\/theatre\/piquet.htm\">Encres vagabondes<\/a><\/em>, 21 mars 2008<br><\/p>\n\n\n\n<hr class=\"wp-block-separator\"\/>\n\n\n\n<p>\u00ab&nbsp;<em>On pourrait dire qu\u2019on a rien vu venir\u2026<\/em>&nbsp;\u00bb, c\u2019est ainsi que commence cette \u00e9trange pi\u00e8ce et c\u2019est ainsi qu\u2019on pourrait la r\u00e9sumer. (\u2026) L\u2019\u00e9criture tout \u00e0 fait aboutie et juste, avec un sens parfait des pleins et des d\u00e9li\u00e9s, des silences et encha\u00eenements, nous entra\u00eene, au-del\u00e0 d\u2019un simple t\u00e9moignage, vers une vraie repr\u00e9sentation th\u00e9\u00e2trale, offrant plusieurs axes de lectures et de mises en sc\u00e8ne sur le th\u00e8me de la culpabilit\u00e9, du racisme passif, de la responsabilit\u00e9 et de l\u2019eug\u00e9nisme. Entre Calaferte et Ionesco, Jacques-Fran\u00e7ois Piquet nous interroge l\u2019air de rien dans ce texte surprenant et d\u00e9routant sur notre \u00e9gocentrisme et notre indiff\u00e9rence aux souffrances des autres. Une pi\u00e8ce sans doute d\u00e9licate \u00e0 mettre en sc\u00e8ne mais qui m\u00e9riterait de trouver son public.&nbsp;\u00bb<br>\u00c9lisabeth GENTET-RAVASCO<br><em>L&rsquo;Agapante, revue Atelier Th\u00e9\u00e2tre<\/em>&nbsp;n\u00b034, printemps 2009. <\/p>\n","protected":false},"excerpt":{"rendered":"<p>\u00c9ditions Le bruit des autres, 2007.Peinture de couverture&nbsp;: Jean-Pierre Pineau. Pr\u00e9sentation La pi\u00e8ce est pens\u00e9e pour un seul couple, mais elle peut [&hellip;]<\/p>\n","protected":false},"author":2,"featured_media":198,"parent":0,"menu_order":0,"comment_status":"closed","ping_status":"closed","template":"","meta":[],"_links":{"self":[{"href":"https:\/\/jfpiquet.com\/index.php?rest_route=\/wp\/v2\/pages\/194"}],"collection":[{"href":"https:\/\/jfpiquet.com\/index.php?rest_route=\/wp\/v2\/pages"}],"about":[{"href":"https:\/\/jfpiquet.com\/index.php?rest_route=\/wp\/v2\/types\/page"}],"author":[{"embeddable":true,"href":"https:\/\/jfpiquet.com\/index.php?rest_route=\/wp\/v2\/users\/2"}],"replies":[{"embeddable":true,"href":"https:\/\/jfpiquet.com\/index.php?rest_route=%2Fwp%2Fv2%2Fcomments&post=194"}],"version-history":[{"count":4,"href":"https:\/\/jfpiquet.com\/index.php?rest_route=\/wp\/v2\/pages\/194\/revisions"}],"predecessor-version":[{"id":486,"href":"https:\/\/jfpiquet.com\/index.php?rest_route=\/wp\/v2\/pages\/194\/revisions\/486"}],"wp:featuredmedia":[{"embeddable":true,"href":"https:\/\/jfpiquet.com\/index.php?rest_route=\/wp\/v2\/media\/198"}],"wp:attachment":[{"href":"https:\/\/jfpiquet.com\/index.php?rest_route=%2Fwp%2Fv2%2Fmedia&parent=194"}],"curies":[{"name":"wp","href":"https:\/\/api.w.org\/{rel}","templated":true}]}}