{"id":18,"date":"2020-01-10T15:54:48","date_gmt":"2020-01-10T14:54:48","guid":{"rendered":"http:\/\/jfpiquet.com\/?page_id=18"},"modified":"2020-01-20T13:23:07","modified_gmt":"2020-01-20T12:23:07","slug":"partenariats","status":"publish","type":"page","link":"https:\/\/jfpiquet.com\/?page_id=18","title":{"rendered":"Partenariats"},"content":{"rendered":"\n<ul><li><a href=\"https:\/\/jfpiquet.com\/?page_id=275\">Chantal Danjou<\/a><\/li><li><a href=\"https:\/\/jfpiquet.com\/?page_id=287\">Sophie K\u00e9p\u00e8s<\/a><\/li><li><a href=\"https:\/\/jfpiquet.com\/?page_id=295\">Roberte Lamy<\/a><\/li><li><a href=\"https:\/\/jfpiquet.com\/?page_id=304\">Christian Lemoine<\/a><\/li><li><a href=\"https:\/\/jfpiquet.com\/?page_id=315\">Dominique Masse<\/a><\/li><li><a href=\"https:\/\/jfpiquet.com\/?page_id=325\">Claire Monestier<\/a><\/li><li><a href=\"https:\/\/jfpiquet.com\/?page_id=335\">Jean-Pierre Pineau<\/a><\/li><li><a href=\"https:\/\/jfpiquet.com\/?page_id=345\">Marc Roger<\/a><\/li><li><a href=\"https:\/\/jfpiquet.com\/?page_id=517\">Fran\u00e7oise Roques<\/a><\/li><li><a href=\"https:\/\/jfpiquet.com\/?page_id=351\">Julien Roturier<\/a><\/li><li><a href=\"https:\/\/jfpiquet.com\/?page_id=359\">Nicolas Rouxel-Chaurey<\/a><\/li><li><a href=\"https:\/\/jfpiquet.com\/?page_id=367\">Sabine Stellittano &amp; Olivier Gonti\u00e8s<\/a><\/li><li><a href=\"https:\/\/jfpiquet.com\/?page_id=380\">Hanna Zaworonko-Olejniczak<\/a><\/li><\/ul>\n","protected":false},"excerpt":{"rendered":"<p>Chantal Danjou Sophie K\u00e9p\u00e8s Roberte Lamy Christian Lemoine Dominique Masse Claire Monestier Jean-Pierre Pineau Marc Roger Fran\u00e7oise Roques Julien Roturier Nicolas Rouxel-Chaurey [&hellip;]<\/p>\n","protected":false},"author":2,"featured_media":340,"parent":0,"menu_order":0,"comment_status":"closed","ping_status":"closed","template":"","meta":[],"_links":{"self":[{"href":"https:\/\/jfpiquet.com\/index.php?rest_route=\/wp\/v2\/pages\/18"}],"collection":[{"href":"https:\/\/jfpiquet.com\/index.php?rest_route=\/wp\/v2\/pages"}],"about":[{"href":"https:\/\/jfpiquet.com\/index.php?rest_route=\/wp\/v2\/types\/page"}],"author":[{"embeddable":true,"href":"https:\/\/jfpiquet.com\/index.php?rest_route=\/wp\/v2\/users\/2"}],"replies":[{"embeddable":true,"href":"https:\/\/jfpiquet.com\/index.php?rest_route=%2Fwp%2Fv2%2Fcomments&post=18"}],"version-history":[{"count":17,"href":"https:\/\/jfpiquet.com\/index.php?rest_route=\/wp\/v2\/pages\/18\/revisions"}],"predecessor-version":[{"id":524,"href":"https:\/\/jfpiquet.com\/index.php?rest_route=\/wp\/v2\/pages\/18\/revisions\/524"}],"wp:featuredmedia":[{"embeddable":true,"href":"https:\/\/jfpiquet.com\/index.php?rest_route=\/wp\/v2\/media\/340"}],"wp:attachment":[{"href":"https:\/\/jfpiquet.com\/index.php?rest_route=%2Fwp%2Fv2%2Fmedia&parent=18"}],"curies":[{"name":"wp","href":"https:\/\/api.w.org\/{rel}","templated":true}]}}