{"id":176,"date":"2020-01-11T15:25:25","date_gmt":"2020-01-11T14:25:25","guid":{"rendered":"http:\/\/jfpiquet.com\/?page_id=176"},"modified":"2020-01-11T15:29:08","modified_gmt":"2020-01-11T14:29:08","slug":"en-pieces","status":"publish","type":"page","link":"https:\/\/jfpiquet.com\/?page_id=176","title":{"rendered":"En pi\u00e8ces"},"content":{"rendered":"\n<p>\u00c9ditions Le Bruit des Autres, 2000 (Publi\u00e9 avec l&rsquo;aide du Centre national du livre)<br>Cet ouvrage rassemble trois pi\u00e8ces qui ont en commun le th\u00e8me de la dualit\u00e9 (et constituent \u00e0 ce titre une trilogie) mais abord\u00e9 sous des angles diff\u00e9rents. Chaque pi\u00e8ce peut \u00eatre jou\u00e9e ind\u00e9pendamment.<br>Peinture de couverture\u00a0: Michel M\u00e9nard. <\/p>\n\n\n\n<div class=\"wp-block-image\"><figure class=\"aligncenter\"><img decoding=\"async\" loading=\"lazy\" width=\"203\" height=\"300\" src=\"https:\/\/jfpiquet.com\/wp-content\/uploads\/2020\/01\/EP2000-203x300.jpg\" alt=\"Couverture de &quot;En pi\u00e8ces&quot;\" class=\"wp-image-180\" srcset=\"https:\/\/jfpiquet.com\/wp-content\/uploads\/2020\/01\/EP2000-203x300.jpg 203w, https:\/\/jfpiquet.com\/wp-content\/uploads\/2020\/01\/EP2000-768x1133.jpg 768w, https:\/\/jfpiquet.com\/wp-content\/uploads\/2020\/01\/EP2000-694x1024.jpg 694w, https:\/\/jfpiquet.com\/wp-content\/uploads\/2020\/01\/EP2000.jpg 1021w\" sizes=\"(max-width: 203px) 100vw, 203px\" \/><\/figure><\/div>\n\n\n\n<p><em>Quatri\u00e8me de couverture<\/em><\/p>\n\n\n\n<p>Trois textes. Qui racontent chacun une histoire&nbsp;: un enfant n\u00e9 de la guerre, une ville haute entour\u00e9e d\u2019un mur, un couple au moment des aveux. Il \u00e9tait une fois trois histoires\u2026 Trois histoires en pi\u00e8ces. Qui n\u2019en racontent qu\u2019une&nbsp;: celle de l\u2019Autre, son \u00e9mergence, son d\u00e9sir d\u2019absolu, sa chute. Il \u00e9tait une fois trois pi\u00e8ces d\u2019une histoire.<\/p>\n\n\n\n<p><em>Cimeti\u00e8re de Mis\u00e9ricorde<\/em><br>(sous-titr\u00e9e&nbsp;<em>L\u2019\u00e9mergence de l\u2019Autre<\/em>) pose le th\u00e8me de la dualit\u00e9 homme\/artiste&nbsp;; ce dernier est incarn\u00e9 par la figure de l\u2019Autre que l\u2019on voit na\u00eetre ici.<\/p>\n\n\n\n<p><em>Metaphor-City<\/em><br>(sous-titr\u00e9e&nbsp;<em>Le d\u00e9sir d\u2019absolu de l\u2019Autre<\/em>) se pr\u00e9sente comme un r\u00e9cit \u00e0 trois voix&nbsp;: au premier degr\u00e9, cela peut se comprendre comme une fable urbanistique&nbsp;; au second degr\u00e9, c\u2019est une m\u00e9taphore sur la condition de l\u2019artiste qui se replie sur soi et passe \u00e0 c\u00f4t\u00e9 de la vie.<\/p>\n\n\n\n<p><em>Trio en mode majeur<\/em><br>(sous-titr\u00e9e\u00a0<em>La chute de l\u2019Autre<\/em>) est une pi\u00e8ce intimiste qui met en sc\u00e8ne un couple au moment des aveux. <\/p>\n\n\n\n<hr class=\"wp-block-separator\"\/>\n\n\n\n<p><em>En pi\u00e8ces<\/em><br>a \u00e9t\u00e9 pr\u00e9sent\u00e9e int\u00e9gralement en lecture-spectacle par le Th\u00e9\u00e2tre La Ch\u00e9lidoine le dimanche 20 mars 2005 \u00e0 Lestrade (St-Angel &#8211; Ussel 19200)<\/p>\n\n\n\n<p><em>Trio en mode majeur<\/em><br>a \u00e9t\u00e9 cr\u00e9\u00e9e au Th\u00e9\u00e2tre de Verre de Ch\u00e2teaubriant le 7 f\u00e9vrier 2003 par la Compagnie La Mansarde, puis s\u00e9lectionn\u00e9e au niveau national pour le Festival Festh\u00e9a \u00e0 Tours (2\/4\/2004) et pour le Festival des Arlequins \u00e0 Cholet (6\/4\/2004).<\/p>\n\n\n\n<p><em>Metaphor City<\/em><br>a \u00e9t\u00e9 mise en sc\u00e8ne par la troupe lyc\u00e9enne tch\u00e8que Les tr\u00e9teaux d\u2019Olomouc et pr\u00e9sent\u00e9e dans le cadre du Festival Francophone de Brno en 2006 (R\u00e9publique Tch\u00e8que) o\u00f9 elle a obtenu le Premier prix. Elle a ensuite \u00e9t\u00e9 jou\u00e9e au Festival des Festivals de la Francophonie \u00e0 Agadir en 2007. <\/p>\n\n\n\n<hr class=\"wp-block-separator\"\/>\n\n\n\n<p> \u00ab Entre prose et po\u00e9sie, roman et th\u00e9\u00e2tre, Jacques-Fran\u00e7ois Piquet creuse le chemin d&rsquo;une aventure litt\u00e9raire tr\u00e8s personnelle.\u00a0\u00bb<br>Brigitte ADDE <\/p>\n","protected":false},"excerpt":{"rendered":"<p>\u00c9ditions Le Bruit des Autres, 2000 (Publi\u00e9 avec l&rsquo;aide du Centre national du livre)Cet ouvrage rassemble trois pi\u00e8ces qui ont en commun [&hellip;]<\/p>\n","protected":false},"author":2,"featured_media":180,"parent":0,"menu_order":0,"comment_status":"closed","ping_status":"closed","template":"","meta":[],"_links":{"self":[{"href":"https:\/\/jfpiquet.com\/index.php?rest_route=\/wp\/v2\/pages\/176"}],"collection":[{"href":"https:\/\/jfpiquet.com\/index.php?rest_route=\/wp\/v2\/pages"}],"about":[{"href":"https:\/\/jfpiquet.com\/index.php?rest_route=\/wp\/v2\/types\/page"}],"author":[{"embeddable":true,"href":"https:\/\/jfpiquet.com\/index.php?rest_route=\/wp\/v2\/users\/2"}],"replies":[{"embeddable":true,"href":"https:\/\/jfpiquet.com\/index.php?rest_route=%2Fwp%2Fv2%2Fcomments&post=176"}],"version-history":[{"count":6,"href":"https:\/\/jfpiquet.com\/index.php?rest_route=\/wp\/v2\/pages\/176\/revisions"}],"predecessor-version":[{"id":185,"href":"https:\/\/jfpiquet.com\/index.php?rest_route=\/wp\/v2\/pages\/176\/revisions\/185"}],"wp:featuredmedia":[{"embeddable":true,"href":"https:\/\/jfpiquet.com\/index.php?rest_route=\/wp\/v2\/media\/180"}],"wp:attachment":[{"href":"https:\/\/jfpiquet.com\/index.php?rest_route=%2Fwp%2Fv2%2Fmedia&parent=176"}],"curies":[{"name":"wp","href":"https:\/\/api.w.org\/{rel}","templated":true}]}}