{"id":17,"date":"2020-01-10T15:54:48","date_gmt":"2020-01-10T14:54:48","guid":{"rendered":"http:\/\/jfpiquet.com\/?page_id=17"},"modified":"2024-01-06T15:21:29","modified_gmt":"2024-01-06T14:21:29","slug":"bibliographie","status":"publish","type":"page","link":"https:\/\/jfpiquet.com\/?page_id=17","title":{"rendered":"Bibliographie"},"content":{"rendered":"<div class=\"wp-block-image\">\n<figure class=\"aligncenter\"><img decoding=\"async\" loading=\"lazy\" width=\"600\" height=\"399\" src=\"https:\/\/jfpiquet.com\/wp-content\/uploads\/2020\/01\/DSC_1548-600x399.jpg\" alt=\"\" class=\"wp-image-464\" srcset=\"https:\/\/jfpiquet.com\/wp-content\/uploads\/2020\/01\/DSC_1548-600x399.jpg 600w, https:\/\/jfpiquet.com\/wp-content\/uploads\/2020\/01\/DSC_1548-768x511.jpg 768w, https:\/\/jfpiquet.com\/wp-content\/uploads\/2020\/01\/DSC_1548-1024x681.jpg 1024w, https:\/\/jfpiquet.com\/wp-content\/uploads\/2020\/01\/DSC_1548-830x552.jpg 830w, https:\/\/jfpiquet.com\/wp-content\/uploads\/2020\/01\/DSC_1548-230x153.jpg 230w, https:\/\/jfpiquet.com\/wp-content\/uploads\/2020\/01\/DSC_1548-350x233.jpg 350w, https:\/\/jfpiquet.com\/wp-content\/uploads\/2020\/01\/DSC_1548-480x319.jpg 480w, https:\/\/jfpiquet.com\/wp-content\/uploads\/2020\/01\/DSC_1548.jpg 1440w\" sizes=\"(max-width: 600px) 100vw, 600px\" \/><figcaption class=\"wp-element-caption\"> <br>Photo :  Roland Boyer <\/figcaption><\/figure><\/div>\n\n\n<p>Romans et r\u00e9cits :<\/p>\n\n\n\n<ul>\n<li><em><a href=\"https:\/\/jfpiquet.com\/?page_id=86\">L&rsquo;\u0152il-de-b\u0153uf<\/a><\/em><\/li>\n\n\n\n<li><em> <a href=\"https:\/\/jfpiquet.com\/?page_id=112\">Rue Stern<\/a><\/em><\/li>\n\n\n\n<li><em> <a href=\"https:\/\/jfpiquet.com\/?page_id=119\">Rupture de r\u00eave<\/a><\/em><\/li>\n\n\n\n<li><em> <a href=\"https:\/\/jfpiquet.com\/?page_id=93\">L&rsquo;\u0152il-de-b\u0153uf<\/a><\/em><a href=\"https:\/\/jfpiquet.com\/?page_id=93\"> <\/a> (\u00e9dition revue et corrig\u00e9e, 2004)<\/li>\n\n\n\n<li><em> <a href=\"https:\/\/jfpiquet.com\/?page_id=131\">Portraits soign\u00e9s<\/a><\/em> (\u00e9dition revue et augment\u00e9e, 2023)<\/li>\n\n\n\n<li><em> <a href=\"https:\/\/jfpiquet.com\/?page_id=141\">Dans les pas de l&rsquo;autre<\/a><\/em><\/li>\n\n\n\n<li><em> <a href=\"https:\/\/jfpiquet.com\/?page_id=151\">Suite nantaise<\/a><\/em><\/li>\n\n\n\n<li><em> <a href=\"https:\/\/jfpiquet.com\/?page_id=160\">Vers la mer<\/a><\/em><\/li>\n\n\n\n<li><em> <a href=\"https:\/\/jfpiquet.com\/?page_id=167\">L&rsquo;\u00c9preuve du temps<\/a><\/em><\/li>\n\n\n\n<li><em><a href=\"https:\/\/jfpiquet.com\/?page_id=742\"><strong>Une photo existe<\/strong><\/a><\/em> <strong>(vient de para\u00eetre)<\/strong><\/li>\n<\/ul>\n\n\n\n<p>Th\u00e9\u00e2tre :<\/p>\n\n\n\n<ul>\n<li><em><a href=\"https:\/\/jfpiquet.com\/?page_id=176\">En Pi\u00e8ces<\/a><\/em><\/li>\n\n\n\n<li><em><a href=\"https:\/\/jfpiquet.com\/?page_id=194\">Qui d&rsquo;autre ?<\/a><\/em><\/li>\n\n\n\n<li><em><a href=\"https:\/\/jfpiquet.com\/?page_id=202\">L&rsquo;Heure avant l&rsquo;heure<\/a><\/em><\/li>\n\n\n\n<li><em><a href=\"https:\/\/jfpiquet.com\/?page_id=208\">Cit\u00e9 funambule<\/a><\/em><\/li>\n<\/ul>\n\n\n\n<p>Po\u00e9sie et proses :<\/p>\n\n\n\n<ul>\n<li><em><a href=\"https:\/\/jfpiquet.com\/?page_id=215\">Une histoire d&rsquo;Alibelle<\/a><\/em>  (conte illustr\u00e9)<\/li>\n\n\n\n<li> <em><a href=\"https:\/\/jfpiquet.com\/?page_id=223\">Fen\u00eatres<\/a><\/em><\/li>\n\n\n\n<li> <em><a href=\"https:\/\/jfpiquet.com\/?page_id=235\">\u00c9l\u00e9gie \u00e0 la m\u00e9moire de trois \u00e9trang\u00e8res<\/a><\/em><\/li>\n\n\n\n<li> <em><a href=\"https:\/\/jfpiquet.com\/?page_id=241\">Noms de Nantes<\/a><\/em><\/li>\n\n\n\n<li> <em><a href=\"https:\/\/jfpiquet.com\/?page_id=249\">Que fait-on du monde ?<\/a><\/em><\/li>\n\n\n\n<li> <em><a href=\"https:\/\/jfpiquet.com\/?page_id=260\">Que fait-on du monde ?<\/a><\/em><a href=\"https:\/\/jfpiquet.com\/?page_id=260\"> <\/a>(r\u00e9\u00e9dition 2016, revue et augment\u00e9e)<\/li>\n\n\n\n<li><em><a href=\"https:\/\/jfpiquet.com\/?page_id=723\">\u00c9crits en marge<\/a><\/em><\/li>\n<\/ul>\n\n\n\n<p><a href=\"https:\/\/jfpiquet.com\/?page_id=265\">Commandes et traductions<\/a><\/p>\n","protected":false},"excerpt":{"rendered":"<p>Romans et r\u00e9cits : Th\u00e9\u00e2tre : Po\u00e9sie et proses : Commandes et traductions<\/p>\n","protected":false},"author":2,"featured_media":46,"parent":0,"menu_order":0,"comment_status":"closed","ping_status":"closed","template":"","meta":[],"_links":{"self":[{"href":"https:\/\/jfpiquet.com\/index.php?rest_route=\/wp\/v2\/pages\/17"}],"collection":[{"href":"https:\/\/jfpiquet.com\/index.php?rest_route=\/wp\/v2\/pages"}],"about":[{"href":"https:\/\/jfpiquet.com\/index.php?rest_route=\/wp\/v2\/types\/page"}],"author":[{"embeddable":true,"href":"https:\/\/jfpiquet.com\/index.php?rest_route=\/wp\/v2\/users\/2"}],"replies":[{"embeddable":true,"href":"https:\/\/jfpiquet.com\/index.php?rest_route=%2Fwp%2Fv2%2Fcomments&post=17"}],"version-history":[{"count":36,"href":"https:\/\/jfpiquet.com\/index.php?rest_route=\/wp\/v2\/pages\/17\/revisions"}],"predecessor-version":[{"id":888,"href":"https:\/\/jfpiquet.com\/index.php?rest_route=\/wp\/v2\/pages\/17\/revisions\/888"}],"wp:featuredmedia":[{"embeddable":true,"href":"https:\/\/jfpiquet.com\/index.php?rest_route=\/wp\/v2\/media\/46"}],"wp:attachment":[{"href":"https:\/\/jfpiquet.com\/index.php?rest_route=%2Fwp%2Fv2%2Fmedia&parent=17"}],"curies":[{"name":"wp","href":"https:\/\/api.w.org\/{rel}","templated":true}]}}