{"id":16,"date":"2020-01-10T15:54:48","date_gmt":"2020-01-10T14:54:48","guid":{"rendered":"http:\/\/jfpiquet.com\/?page_id=16"},"modified":"2024-01-06T15:23:09","modified_gmt":"2024-01-06T14:23:09","slug":"biographie","status":"publish","type":"page","link":"https:\/\/jfpiquet.com\/?page_id=16","title":{"rendered":"Biographie"},"content":{"rendered":"<div class=\"wp-block-image\">\n<figure class=\"aligncenter\"><a href=\"https:\/\/jfpiquet.com\/wp-content\/uploads\/2020\/01\/oct201607.jpg\"><img decoding=\"async\" loading=\"lazy\" width=\"300\" height=\"200\" src=\"https:\/\/jfpiquet.com\/wp-content\/uploads\/2020\/01\/oct201607-300x200.jpg\" alt=\"\" class=\"wp-image-393\" srcset=\"https:\/\/jfpiquet.com\/wp-content\/uploads\/2020\/01\/oct201607-300x200.jpg 300w, https:\/\/jfpiquet.com\/wp-content\/uploads\/2020\/01\/oct201607-768x511.jpg 768w, https:\/\/jfpiquet.com\/wp-content\/uploads\/2020\/01\/oct201607-1024x681.jpg 1024w, https:\/\/jfpiquet.com\/wp-content\/uploads\/2020\/01\/oct201607-1568x1044.jpg 1568w, https:\/\/jfpiquet.com\/wp-content\/uploads\/2020\/01\/oct201607.jpg 2000w\" sizes=\"(max-width: 300px) 100vw, 300px\" \/><\/a><\/figure><\/div>\n\n<div class=\"wp-block-image\">\n<figure class=\"aligncenter is-resized\"><a href=\"https:\/\/jfpiquet.com\/wp-content\/uploads\/2020\/01\/Lecture-JF-Piquet-9.jpg\"><img decoding=\"async\" loading=\"lazy\" src=\"https:\/\/jfpiquet.com\/wp-content\/uploads\/2020\/01\/Lecture-JF-Piquet-9-600x399.jpg\" alt=\"\" class=\"wp-image-492\" width=\"300\" height=\"200\" srcset=\"https:\/\/jfpiquet.com\/wp-content\/uploads\/2020\/01\/Lecture-JF-Piquet-9-600x399.jpg 600w, https:\/\/jfpiquet.com\/wp-content\/uploads\/2020\/01\/Lecture-JF-Piquet-9-768x511.jpg 768w, https:\/\/jfpiquet.com\/wp-content\/uploads\/2020\/01\/Lecture-JF-Piquet-9-1024x681.jpg 1024w, https:\/\/jfpiquet.com\/wp-content\/uploads\/2020\/01\/Lecture-JF-Piquet-9-830x552.jpg 830w, https:\/\/jfpiquet.com\/wp-content\/uploads\/2020\/01\/Lecture-JF-Piquet-9-230x153.jpg 230w, https:\/\/jfpiquet.com\/wp-content\/uploads\/2020\/01\/Lecture-JF-Piquet-9-350x233.jpg 350w, https:\/\/jfpiquet.com\/wp-content\/uploads\/2020\/01\/Lecture-JF-Piquet-9-480x319.jpg 480w, https:\/\/jfpiquet.com\/wp-content\/uploads\/2020\/01\/Lecture-JF-Piquet-9.jpg 2000w\" sizes=\"(max-width: 300px) 100vw, 300px\" \/><\/a><figcaption class=\"wp-element-caption\"> En lecture avec <a href=\"https:\/\/jfpiquet.com\/?page_id=517\">Fran\u00e7oise Roques<\/a> &#8212; photos par Roland Boyer.<\/figcaption><\/figure><\/div>\n\n\n<p>N\u00e9 le 2 juin 1953 \u00e0 Nantes. Auteur d&rsquo;une quinzaine d&rsquo;ouvrages &#8211; romans, pi\u00e8ces et proses &#8211; publi\u00e9s chez divers \u00e9diteurs (cf. page\u00a0<a href=\"https:\/\/jfpiquet.com\/?page_id=17\">Bibliographie<\/a>). Apr\u00e8s un s\u00e9jour \u00e0 Londres,\u00a0r\u00e9side d\u00e9sormais \u00e0 Gentilly (94). Anime des ateliers d&rsquo;\u00e9criture et des rencontres litt\u00e9raires (cf. page\u00a0<a href=\"https:\/\/jfpiquet.com\/?page_id=13\">\u00c9crire\u00a0avec\u00a0un\u00a0\u00e9crivain<\/a>). Fait lecture publique de ses \u0153uvres, seul ou dans le cadre de partenariat avec des musiciens, com\u00e9diens, peintres ou photographes (cf. page\u00a0<a href=\"https:\/\/jfpiquet.com\/?page_id=18\">Partenariats<\/a>).<br><br>Membre soci\u00e9taire de la Soci\u00e9t\u00e9 des\u00a0Gens\u00a0de\u00a0Lettres (SGDL).<br><br>A traduit de l\u2019Anglais de nombreux ouvrages d\u2019art pour le compte des \u00c9ditions Hazan.<br><br>Au nombre des exp\u00e9riences remarquables v\u00e9cues ces derni\u00e8res ann\u00e9es : deux saisons d&rsquo;intervention dans un h\u00f4pital psychiatrique pour y animer\u00a0un atelier de lecture, \u00e9criture et parole. Le recueil\u00a0<em>Portraits soign\u00e9s<\/em>\u00a0est tir\u00e9 de cette exp\u00e9rience, de m\u00eame que la pi\u00e8ce\u00a0<em>Cit\u00e9 Funambule<\/em>\u00a0(cf. page\u00a0<a href=\"https:\/\/jfpiquet.com\/?page_id=17\">Bibliographie<\/a>).<br><br>En 2007, obtention d&rsquo;une bourse d&rsquo;aide \u00e0 la cr\u00e9ation de la part du Centre National du Livre, suivie d\u2019une r\u00e9sidence d&rsquo;un mois \u00e0 la Chartreuse de Villeneuve-lez-Avignon afin de\u00a0terminer dans de bonnes conditions la r\u00e9daction de\u00a0<em>Cit\u00e9 Funambule<\/em>.<br><br>En 2009, obtention d&rsquo;une bourse de r\u00e9sidence de la part de la R\u00e9gion \u00cele-de-France pour un projet en partenariat avec l&rsquo;association\u00a0Les temps m\u00eal\u00e9s\u00a0bas\u00e9e \u00e0 Morsang-sur-Orge.<br><br>2009 &#8211; 2020, propose et anime des stages de formation \u00e0 l\u2019adresse des personnels de biblioth\u00e8que et autres responsables culturels (cf. page\u00a0<a href=\"https:\/\/jfpiquet.com\/?page_id=13\">\u00c9crire\u00a0avec\u00a0un\u00a0\u00e9crivain<\/a>).\u00a0<br><br>2010 &#8211; 2020, dispense deux cours d&rsquo;\u00e9criture cr\u00e9ative et un cours sur le r\u00e9cit de vie \u00e0 l&rsquo;Universit\u00e9 de Paris 3 Sorbonne Nouvelle.<br><br>En 2015, obtention d&rsquo;une bourse de r\u00e9sidence de la part de la R\u00e9gion \u00cele-de-France pour un projet de partenariat avec la m\u00e9diath\u00e8que de Vert-le-Grand (91). D\u00e9tails et comptes-rendus des actions sur le <a href=\"http:\/\/residence-2015.blogspot.fr\/\ufeff\">blog de la m\u00e9diath\u00e8que.<\/a> <\/p>\n\n\n\n<p>Depuis 2010, anime un atelier r\u00e9gulier au Caf\u00e9 Curieux (Morsang-sur-Orge) avec des personnes en fragilit\u00e9 psychiatrique.<\/p>\n\n\n\n<p>Depuis 2020, anime des ateliers d&rsquo;\u00e9criture ponctuels sur diff\u00e9rents th\u00e8mes en fonction des demandes.<\/p>\n\n\n<div class=\"wp-block-image\">\n<figure class=\"aligncenter\"><a href=\"https:\/\/jfpiquet.com\/wp-content\/uploads\/2020\/01\/en_lecture.jpg\"><img decoding=\"async\" loading=\"lazy\" width=\"300\" height=\"225\" src=\"https:\/\/jfpiquet.com\/wp-content\/uploads\/2020\/01\/en_lecture-300x225.jpg\" alt=\"JFP en lecture\" class=\"wp-image-272\" srcset=\"https:\/\/jfpiquet.com\/wp-content\/uploads\/2020\/01\/en_lecture-300x225.jpg 300w, https:\/\/jfpiquet.com\/wp-content\/uploads\/2020\/01\/en_lecture.jpg 640w\" sizes=\"(max-width: 300px) 100vw, 300px\" \/><\/a><figcaption class=\"wp-element-caption\">JFP en lecture&#8230;<\/figcaption><\/figure><\/div>\n\n\n<p class=\"has-text-align-center\"><em>Jacques-Fran\u00e7ois Piquet<\/em><\/p>\n","protected":false},"excerpt":{"rendered":"<p>N\u00e9 le 2 juin 1953 \u00e0 Nantes. Auteur d&rsquo;une quinzaine d&rsquo;ouvrages &#8211; romans, pi\u00e8ces et proses &#8211; publi\u00e9s chez divers \u00e9diteurs (cf. [&hellip;]<\/p>\n","protected":false},"author":2,"featured_media":393,"parent":0,"menu_order":0,"comment_status":"closed","ping_status":"closed","template":"","meta":[],"_links":{"self":[{"href":"https:\/\/jfpiquet.com\/index.php?rest_route=\/wp\/v2\/pages\/16"}],"collection":[{"href":"https:\/\/jfpiquet.com\/index.php?rest_route=\/wp\/v2\/pages"}],"about":[{"href":"https:\/\/jfpiquet.com\/index.php?rest_route=\/wp\/v2\/types\/page"}],"author":[{"embeddable":true,"href":"https:\/\/jfpiquet.com\/index.php?rest_route=\/wp\/v2\/users\/2"}],"replies":[{"embeddable":true,"href":"https:\/\/jfpiquet.com\/index.php?rest_route=%2Fwp%2Fv2%2Fcomments&post=16"}],"version-history":[{"count":15,"href":"https:\/\/jfpiquet.com\/index.php?rest_route=\/wp\/v2\/pages\/16\/revisions"}],"predecessor-version":[{"id":890,"href":"https:\/\/jfpiquet.com\/index.php?rest_route=\/wp\/v2\/pages\/16\/revisions\/890"}],"wp:featuredmedia":[{"embeddable":true,"href":"https:\/\/jfpiquet.com\/index.php?rest_route=\/wp\/v2\/media\/393"}],"wp:attachment":[{"href":"https:\/\/jfpiquet.com\/index.php?rest_route=%2Fwp%2Fv2%2Fmedia&parent=16"}],"curies":[{"name":"wp","href":"https:\/\/api.w.org\/{rel}","templated":true}]}}