{"id":14,"date":"2020-01-10T15:54:47","date_gmt":"2020-01-10T14:54:47","guid":{"rendered":"http:\/\/jfpiquet.com\/?page_id=14"},"modified":"2020-08-06T18:02:12","modified_gmt":"2020-08-06T16:02:12","slug":"audio","status":"publish","type":"page","link":"https:\/\/jfpiquet.com\/?page_id=14","title":{"rendered":"Audio"},"content":{"rendered":"\n<ul><li><em><a href=\"http:\/\/www.jfpiquet.com\/Audio\/le-renard.mp3\">Le Renard<\/a><\/em> &#8211; 18 min 6 s<\/li><\/ul>\n\n\n\n<p><em>Le renard<\/em>, nouvelle lue par l&rsquo;auteur, publi\u00e9e dans le recueil <em>\u00c9crits en marge<\/em>, \u00c9ditions Rhubarbe, septembre 2020.<\/p>\n\n\n\n<hr class=\"wp-block-separator\"\/>\n\n\n\n<ul><li><em><a href=\"http:\/\/www.jfpiquet.com\/Audio\/qui-d-autre.mp3\">Qui d&rsquo;autre ?<\/a><\/em> &#8211; 22 min 49 s<\/li><li><em><a href=\"http:\/\/www.jfpiquet.com\/Audio\/piquet-cite-funambule.mp3\">Cit\u00e9 Funambule<\/a><\/em> &#8211; 21 min 14 s<\/li><\/ul>\n\n\n\n<p>Lecture par Jacques-Fran\u00e7ois Piquet<br>accompagn\u00e9 \u00e0 la voix et aux structures sonores Baschet<br>par Claire Monestier.<\/p>\n\n\n\n<p>Jacques-Fran\u00e7ois Piquet a b\u00e9n\u00e9fici\u00e9 d\u2019une r\u00e9sidence d\u2019\u00e9crivain financ\u00e9e par la R\u00e9gion \u00cele-de-France en partenariat avec la m\u00e9diath\u00e8que de Vert-le-Grand (91).<br>Le pr\u00e9sent enregistrement a \u00e9t\u00e9 r\u00e9alis\u00e9 le 17 janvier 2015 lors de la soir\u00e9e d\u2019inauguration de la r\u00e9sidence.<br>L\u2019association Structures Sonores Baschet, cr\u00e9\u00e9e en 1982, a pour objectif de faire vivre l\u2019\u0153uvre des fr\u00e8res Baschet. Claire Monestier en est membre actif depuis plusieurs ann\u00e9es et travaille \u00e0 sensibiliser le jeune public aux diverses sonorit\u00e9s de l\u2019Instrumentarium Baschet.<br>Le pr\u00e9sent enregistrement comprend trois des quatorze Structures Sonores qui composent cet Instrumentarium&nbsp;: le Petit Cristal, le Sifflant et le Disque.<br>Pour plus de renseignements, voir le site&nbsp;: <a href=\"http:\/\/baschet.org\/site\/?lang=fr\">www.baschet.org<\/a><br>Les textes lus sont extraits de deux ouvrages de Jacques-Fran\u00e7ois Piquet, <em>Qui d\u2019autre<\/em> et <em>Cit\u00e9 Funambule<\/em>, publi\u00e9s aux \u00c9ditions Le bruit des autres jusqu\u2019\u00e0 leur cessation d\u2019activit\u00e9s, aujourd\u2019hui disponibles uniquement chez l\u2019auteur. Ce dernier a par ailleurs publi\u00e9 une quinzaine d\u2019ouvrages dont les derniers figurent au catalogue des <a href=\"http:\/\/www.editions-rhubarbe.com\/\">\u00c9ditions Rhubarbe<\/a>.<\/p>\n\n\n\n<hr class=\"wp-block-separator\"\/>\n\n\n\n<ul><li><em><a href=\"http:\/\/www.jfpiquet.com\/Audio\/Cit\u00e9 Funambule.mp3\">Cit\u00e9 Funambule<\/a><\/em> &#8211; 57 min 24 s<\/li><\/ul>\n\n\n\n<p class=\"has-text-align-left\">Texte publi\u00e9 par les d\u00e9funtes \u00c9ditions Le Bruit des autres.<br>Lu par l&rsquo;auteur.<\/p>\n\n\n\n<p>     <em>La pi\u00e8ce est \u00e9crite pour sept com\u00e9diens dont certains cumulent deux ou trois r\u00f4les. Elle se d\u00e9cline sur quatre actes respectivement intitul\u00e9s Printemps, \u00c9t\u00e9, Automne et Hiver, introduisant ainsi la notion de cycle et soulignant le caract\u00e8re r\u00e9p\u00e9titif de la vie dans la Cit\u00e9 Funambule&nbsp;; l\u2019absence d\u2019indices spatio-temporels induit en outre l\u2019id\u00e9e que la Cit\u00e9 Funambule se situe \u00ab&nbsp;ailleurs&nbsp;\u00bb et hors du temps. La description qui en est donn\u00e9e renforce cette id\u00e9e, puisque il y est dit que les pavillons qu\u2019elle abrite portent chacun le nom d\u2019une \u00e9toile et que ceux qui y r\u00e9sident sont d\u00e9sign\u00e9s par leur pr\u00e9nom accol\u00e9 au nom de leur lieu de vie (par ex. Marie de B\u00e9telgeuse). Si ces derniers y gagnent une particule nobiliaire qui leur conf\u00e8re une certaine dignit\u00e9, ils y perdent en revanche le premier des signes de reconnaissance qu\u2019est le patronyme.<\/em><\/p>\n\n\n\n<p>     <em>Trois personnages r\u00e9currents&nbsp;: le Guide, le G\u00e9rant g\u00e9n\u00e9ral et la Femme de m\u00e9nage&nbsp;; tous trois travaillent \u00e0 la Cit\u00e9 Funambule mais n\u2019y r\u00e9sident pas, encore qu\u2019on n\u2019en sache rien pour les deux derniers&nbsp;; en tout cas, aucun d\u2019entre eux ne se consid\u00e8re comme \u00ab&nbsp;Funambule&nbsp;\u00bb. Contrairement \u00e0 ces derniers, on ne les d\u00e9signe jamais ni par leur pr\u00e9nom ni par leur nom, mais par leur fonction.<\/em><\/p>\n\n\n\n<p>     <em>Une douzaine d\u2019autres personnages occupe la sc\u00e8ne plus ou moins longtemps. Parmi eux, six Funambules porteurs de la seule histoire qui vaille \u00e0 leurs yeux, \u00e0 savoir celle de la chute qui les a conduits \u00e0 la Cit\u00e9 Funambule. Aucun ne se raconte de la m\u00eame mani\u00e8re, car tous n\u2019ont pas la m\u00eame ma\u00eetrise ou le m\u00eame rapport au langage&nbsp;: quand l\u2019un en joue pour se dire par le biais d\u2019un r\u00e9cit romanesque, un autre doit recourir \u00e0 un interpr\u00e8te car il en a perdu l\u2019usage.<\/em><\/p>\n\n\n\n<p>     <em>Sur les trois personnages r\u00e9currents, le guide est sans conteste celui qui tient le r\u00f4le le plus important en terme de pr\u00e9sence et pour ce qu\u2019il incarne. Son travail consiste \u00e0 faire visiter la Cit\u00e9 Funambule \u00e0 un groupe de visiteurs\/touristes, lesquels ne sont pas tant int\u00e9ress\u00e9s par les b\u00e2timent ou le parc arbor\u00e9 que par les r\u00e9sidents eux-m\u00eames, ou plut\u00f4t par l\u2019id\u00e9e qu\u2019ils se font d\u2019individus \u00ab&nbsp;qui ont un jour chut\u00e9&nbsp;\u00bb. Toutefois, il n\u2019y a l\u00e0 rien de \u00ab&nbsp;spectaculaire&nbsp;\u00bb, d\u2019o\u00f9 un certain d\u00e9calage entre les attentes des uns et la r\u00e9alit\u00e9 des autres, r\u00e9alit\u00e9 qui est tout \u2013 d\u00e9tresse int\u00e9rieure, d\u00e9r\u00e8glement des sens, mal-\u00eatre, etc. \u2013 sauf \u00ab&nbsp;spectaculaire&nbsp;\u00bb. Ce d\u00e9calage faire que guide et visiteurs ne sont jamais au bon endroit au bon moment, comme s\u2019ils ne savaient ou ne pouvaient pas voir cette r\u00e9alit\u00e9 ou comme si elle se d\u00e9robait \u00e0 eux. Seul le public dans la salle y a droit, ce qui nous ram\u00e8ne au th\u00e9\u00e2tre en signifiant que la r\u00e9alit\u00e9 pour les uns fait spectacle pour les autres.<\/em><\/p>\n\n\n\n<p class=\"has-text-align-right\">Jacques-Fran\u00e7ois Piquet<\/p>\n\n\n\n<p class=\"has-text-align-center\">Enregistrement r\u00e9alis\u00e9 \u00e0 la M\u00e9diath\u00e8que Hermeland<br>de Saint-Herblain (Loire-Atlantique)<br>le 8 novembre 2011.<\/p>\n\n\n\n<ul><li><em>Pr\u00e9sentation<\/em>&nbsp;: 00 min<\/li><li><em>Acte I<\/em>&nbsp;: 03 min 32 <\/li><li><em>Acte II<\/em>&nbsp;: 20 min 45 s<\/li><li><em>Acte III<\/em>&nbsp;: 29 min 45 s<\/li><li><em>Acte IV<\/em>&nbsp;: 43 min 10 s<\/li><\/ul>\n\n\n\n<hr class=\"wp-block-separator\"\/>\n\n\n\n<p><\/p>\n\n\n\n<ul><li><em><a rel=\"noreferrer noopener\" aria-label=\"L'\u00e9preuve du temps (2) (s\u2019ouvre dans un nouvel onglet)\" href=\"http:\/\/www.jfpiquet.com\/Audio\/epreuve.mp3\" target=\"_blank\">L&rsquo;\u00e9preuve du temps<\/a><\/em>&nbsp;&#8211;&nbsp;32&nbsp;min&nbsp;2&nbsp;s<\/li><li><em><a rel=\"noreferrer noopener\" href=\"http:\/\/www.jfpiquet.com\/Audio\/epreuve2.mp3\" target=\"_blank\">L&rsquo;\u00e9preuve du temps (2)<\/a><\/em>&nbsp;&#8211;&nbsp;22&nbsp;min&nbsp;3&nbsp;s <\/li><\/ul>\n\n\n\n<p>\u00c9ditions Rhubarbe, 2018, extraits <br>Voix&nbsp;: Fran\u00e7oise Roques et l&rsquo;auteur. <\/p>\n\n\n\n<p> \u00ab&nbsp;<em>L&rsquo;\u00c9preuve du temps<\/em>&nbsp;est le journal v\u00e9ridique d&rsquo;un homme qui n&rsquo;est ni tout \u00e0 fait moi ni tout \u00e0 fait un autre.&nbsp;\u00bb JFP <\/p>\n\n\n\n<hr class=\"wp-block-separator\"\/>\n\n\n\n<ul><li><em><a rel=\"noreferrer noopener\" aria-label=\"Le Cr\u00e9puscule d'Abal de Maraboule (s\u2019ouvre dans un nouvel onglet)\" href=\"http:\/\/www.jfpiquet.com\/Audio\/crepusculedabal.mp3\" target=\"_blank\">Le Cr\u00e9puscule d&rsquo;Abal de Maraboule<\/a><\/em>&nbsp;&#8211;&nbsp;33&nbsp;min&nbsp;59&nbsp;s<\/li><\/ul>\n\n\n\n<p>Voix : Gr\u00e2ce Youlou Nkouelolo, com\u00e9dienne <\/p>\n\n\n\n<p><em>Rien \u00e0 voir entre ce que nous avons fait ici et l\u00e0, sur ce continent ou sur un autre, dans ce pays ou dans un autre, dans cette ville ou dans ce village, rien si ce n&rsquo;est cette m\u00eame propension \u00e0 nier l\u2019Autre dans sa diff\u00e9rence et \u00e0 vouloir tout contr\u00f4ler, tout, jusqu\u2019\u00e0 l\u2019absurde et notre propre destruction\u2026<\/em><\/p>\n\n\n\n<hr class=\"wp-block-separator\"\/>\n\n\n\n<ul><li><em><a rel=\"noreferrer noopener\" aria-label=\"Vers la mer (s\u2019ouvre dans un nouvel onglet)\" href=\"http:\/\/www.jfpiquet.com\/Audio\/verslamer1.mp3\" target=\"_blank\">Vers la mer<\/a><\/em>&nbsp;&#8211;&nbsp;9&nbsp;min&nbsp;47&nbsp;s &#8211; R\u00e9cit, premier jour<\/li><li><em><a rel=\"noreferrer noopener\" aria-label=\" (s\u2019ouvre dans un nouvel onglet)\" href=\"http:\/\/www.jfpiquet.com\/Audio\/verslamer2.mp3\" target=\"_blank\">Vers la mer<\/a><\/em>&nbsp;&#8211;&nbsp;9&nbsp;min&nbsp;55&nbsp;s &#8211; R\u00e9cit, deuxi\u00e8me jour <\/li><li><em><a rel=\"noreferrer noopener\" aria-label=\" (s\u2019ouvre dans un nouvel onglet)\" href=\"http:\/\/www.jfpiquet.com\/Audio\/verslamer3.mp3\" target=\"_blank\">Vers la mer<\/a><\/em>&nbsp;&#8211;&nbsp;9&nbsp;min&nbsp;7&nbsp;s &#8211; R\u00e9cit, troisi\u00e8me jour <\/li><\/ul>\n\n\n\n<p>\u00c9ditions Rhubarbe, 2015<br>Voix&nbsp;: Nicolas Piot, com\u00e9dien <\/p>\n\n\n\n<p><em>\u00ab&nbsp;Quel que soit le paysage que nous traversons, tu t\u2019extasies devant la beaut\u00e9 des choses, la qualit\u00e9 de la lumi\u00e8re, la richesse des couleurs, la majest\u00e9 des arbres. Tout te ravit, tout te fait plaisir, tout t\u2019enchante : tu regardes le monde non comme si tu savais devoir trop t\u00f4t le quitter mais avec les yeux de la premi\u00e8re fois. &nbsp;\u00bb<\/em><\/p>\n\n\n\n<hr class=\"wp-block-separator\"\/>\n\n\n\n<ul><li><em><a rel=\"noreferrer noopener\" aria-label=\"L\u2019heure avant l\u2019heure (s\u2019ouvre dans un nouvel onglet)\" href=\"http:\/\/www.jfpiquet.com\/Audio\/Roberte.mp3\" target=\"_blank\">L\u2019heure avant l\u2019heure<\/a><\/em>&nbsp;&#8211;&nbsp;17&nbsp;min&nbsp;50<\/li><\/ul>\n\n\n\n<p>Monologue th\u00e9\u00e2tral &#8211; extrait pp. 17-27<br>\u00c9ditions Le bruit des Autres, 2008<br>Lu par la com\u00e9dienne&nbsp;<a href=\"https:\/\/jfpiquet.com\/wp-admin\/part2.htm\">Roberte Lamy<\/a>&nbsp;le 8 mars 2015 \u00e0 la m\u00e9diath\u00e8que de Vert-le-Grand (91) dans le cadre de ma r\u00e9sidence d\u2019\u00e9crivain.<\/p>\n\n\n\n<p><em>\u00ab&nbsp;L\u2019heure avant l\u2019heure est celle qui pr\u00e9c\u00e8de le lever du rideau. La com\u00e9dienne se pr\u00e9pare dans sa loge et pense \u00e0 ce que fut sa vie, \u00e0 l\u2019histoire qu\u2019elle s\u2019appr\u00eate \u00e0 raconter, au public auquel elle s\u2019adresse d\u00e9j\u00e0\u2026&nbsp;\u00bb<\/em><\/p>\n\n\n\n<hr class=\"wp-block-separator\"\/>\n\n\n\n<ul><li><em><a rel=\"noreferrer noopener\" aria-label=\"Quentin d\u2019Hassaleh (s\u2019ouvre dans un nouvel onglet)\" href=\"http:\/\/www.jfpiquet.com\/Audio\/quentin.mp3\" target=\"_blank\">Quentin d\u2019Hassaleh<\/a><\/em>&nbsp;&#8211;&nbsp;11&nbsp;min&nbsp;44&nbsp;s<\/li><\/ul>\n\n\n\n<p>Extrait de&nbsp;<em>Cit\u00e9 Funambule<\/em>, Acte II<br>\u00c9ditions Le bruit des Autres, 2010<br>Voix&nbsp;&nbsp;:&nbsp;<a href=\"part6.htm\">Claire Monestier<\/a>&nbsp;et l&rsquo;auteur \/  Cristal Baschet : Claire Monestier<\/p>\n\n\n\n<p>La Cit\u00e9 Funambule abrite des individus de tous \u00e2ges et de tous milieux qui ont en commun d\u2019avoir un jour chut\u00e9. Elle comprend sept pavillons qui portent chacun le nom d\u2019une \u00e9toile. Par commodit\u00e9, on accole au pr\u00e9nom de ceux qui y r\u00e9sident le nom du pavillon o\u00f9 ils s\u00e9journent.<br>Ainsi Marie de B\u00e9telgeuse&nbsp;; ainsi Quentin d\u2019Hassaleh\u2026 <\/p>\n\n\n\n<p><em>Note de l\u2019auteur&nbsp;: Je ne sais plus ce qu\u2019est la Cit\u00e9 Funambule. J\u2019ai d\u2019abord cru qu\u2019il s\u2019agissait d\u2019un lieu o\u00f9 l\u2019on enfermait des Funambules qui, au cours de leur num\u00e9ro, seraient tomb\u00e9s sur la t\u00eate&nbsp;; je me demande aujourd\u2019hui s\u2019il ne s\u2019agirait pas plut\u00f4t de la repr\u00e9sentation microcosmique d\u2019un monde qui aurait perdu la raison.<\/em><\/p>\n","protected":false},"excerpt":{"rendered":"<p>Le Renard &#8211; 18 min 6 s Le renard, nouvelle lue par l&rsquo;auteur, publi\u00e9e dans le recueil \u00c9crits en marge, \u00c9ditions Rhubarbe, [&hellip;]<\/p>\n","protected":false},"author":2,"featured_media":70,"parent":0,"menu_order":0,"comment_status":"closed","ping_status":"closed","template":"","meta":[],"_links":{"self":[{"href":"https:\/\/jfpiquet.com\/index.php?rest_route=\/wp\/v2\/pages\/14"}],"collection":[{"href":"https:\/\/jfpiquet.com\/index.php?rest_route=\/wp\/v2\/pages"}],"about":[{"href":"https:\/\/jfpiquet.com\/index.php?rest_route=\/wp\/v2\/types\/page"}],"author":[{"embeddable":true,"href":"https:\/\/jfpiquet.com\/index.php?rest_route=\/wp\/v2\/users\/2"}],"replies":[{"embeddable":true,"href":"https:\/\/jfpiquet.com\/index.php?rest_route=%2Fwp%2Fv2%2Fcomments&post=14"}],"version-history":[{"count":43,"href":"https:\/\/jfpiquet.com\/index.php?rest_route=\/wp\/v2\/pages\/14\/revisions"}],"predecessor-version":[{"id":720,"href":"https:\/\/jfpiquet.com\/index.php?rest_route=\/wp\/v2\/pages\/14\/revisions\/720"}],"wp:featuredmedia":[{"embeddable":true,"href":"https:\/\/jfpiquet.com\/index.php?rest_route=\/wp\/v2\/media\/70"}],"wp:attachment":[{"href":"https:\/\/jfpiquet.com\/index.php?rest_route=%2Fwp%2Fv2%2Fmedia&parent=14"}],"curies":[{"name":"wp","href":"https:\/\/api.w.org\/{rel}","templated":true}]}}