{"id":13,"date":"2020-01-10T15:54:47","date_gmt":"2020-01-10T14:54:47","guid":{"rendered":"http:\/\/jfpiquet.com\/?page_id=13"},"modified":"2024-01-06T15:29:28","modified_gmt":"2024-01-06T14:29:28","slug":"ecrire-avec-un-ecrivain","status":"publish","type":"page","link":"https:\/\/jfpiquet.com\/?page_id=13","title":{"rendered":"\u00c9crire avec un \u00e9crivain"},"content":{"rendered":"\n<p>&nbsp;&nbsp;&nbsp;&nbsp;J\u2019ai choisi cet intitul\u00e9 pour mes ateliers afin de signaler d\u2019embl\u00e9e que je ne suis pas seulement animateur mais \u00e9galement \u00e9crivain. Cela ne garantit en rien la qualit\u00e9 de mes animations, mais laisse entendre que je connais \u00ab&nbsp;de l\u2019int\u00e9rieur&nbsp;\u00bb les difficult\u00e9s et les exigences du m\u00e9tier d\u2019\u00e9crire, et que cela m\u2019a peut-\u00eatre rendu meilleur lecteur, de moi-m\u00eame pour commencer, des autres sans aucun doute. Et c\u2019est important, voire essentiel en atelier de savoir bien lire, car autrement comment conseiller, comment guider ceux qui ne se contentent pas d\u2019un premier jet mais souhaitent aller plus loin, revoir leurs textes, comprendre ce qui se passe et ce qui se dit vraiment quand on en appelle aux mots sur un papier ou un \u00e9cran. Ainsi, en quelque vingt-cinq ann\u00e9es d\u2019animation d\u2019atelier, j\u2019ai fait beaucoup \u00e9crire mais surtout j\u2019ai fait beaucoup lire et de cela je tire grande satisfaction, car j\u2019ai pu partager des bonheurs de lectures et sortir de l\u2019ombre certains auteurs qui le m\u00e9ritent.<\/p>\n\n\n\n<p>\u00a0\u00a0\u00a0\u00a0Aujourd\u2019hui, je propose une d\u00e9marche d\u2019atelier d\u2019\u00e9criture qui s\u2019adresse aussi bien \u00e0 ceux qui sont novices en la mati\u00e8re qu\u2019\u00e0 ceux qui ont d\u00e9j\u00e0 une pratique d\u2019\u00e9criture mais souhaitent aller plus loin. Les s\u00e9ances durent environ trois heures, pour huit \u00e0 dix participants maximum. .<\/p>\n\n\n\n<p><\/p>\n\n\n\n<ul>\n<li>Pour tout compl\u00e9ment d\u2019information\u00a0: piquet.ecrivain@gmail.com <\/li>\n\n\n\n<li><\/li>\n<\/ul>\n\n\n<div class=\"wp-block-image\">\n<figure class=\"aligncenter\"><img decoding=\"async\" loading=\"lazy\" width=\"150\" height=\"150\" src=\"https:\/\/jfpiquet.com\/wp-content\/uploads\/2020\/01\/que_fait_on-150x150.jpg\" alt=\"\" class=\"wp-image-256\"\/><figcaption class=\"wp-element-caption\">\u00a9 Nicolas Rouxel-Chaurey<\/figcaption><\/figure><\/div>","protected":false},"excerpt":{"rendered":"<p>&nbsp;&nbsp;&nbsp;&nbsp;J\u2019ai choisi cet intitul\u00e9 pour mes ateliers afin de signaler d\u2019embl\u00e9e que je ne suis pas seulement animateur mais \u00e9galement \u00e9crivain. Cela [&hellip;]<\/p>\n","protected":false},"author":2,"featured_media":0,"parent":0,"menu_order":0,"comment_status":"closed","ping_status":"closed","template":"","meta":[],"_links":{"self":[{"href":"https:\/\/jfpiquet.com\/index.php?rest_route=\/wp\/v2\/pages\/13"}],"collection":[{"href":"https:\/\/jfpiquet.com\/index.php?rest_route=\/wp\/v2\/pages"}],"about":[{"href":"https:\/\/jfpiquet.com\/index.php?rest_route=\/wp\/v2\/types\/page"}],"author":[{"embeddable":true,"href":"https:\/\/jfpiquet.com\/index.php?rest_route=\/wp\/v2\/users\/2"}],"replies":[{"embeddable":true,"href":"https:\/\/jfpiquet.com\/index.php?rest_route=%2Fwp%2Fv2%2Fcomments&post=13"}],"version-history":[{"count":11,"href":"https:\/\/jfpiquet.com\/index.php?rest_route=\/wp\/v2\/pages\/13\/revisions"}],"predecessor-version":[{"id":892,"href":"https:\/\/jfpiquet.com\/index.php?rest_route=\/wp\/v2\/pages\/13\/revisions\/892"}],"wp:attachment":[{"href":"https:\/\/jfpiquet.com\/index.php?rest_route=%2Fwp%2Fv2%2Fmedia&parent=13"}],"curies":[{"name":"wp","href":"https:\/\/api.w.org\/{rel}","templated":true}]}}