{"id":112,"date":"2020-01-10T19:32:23","date_gmt":"2020-01-10T18:32:23","guid":{"rendered":"http:\/\/jfpiquet.com\/?page_id=112"},"modified":"2020-01-11T15:31:05","modified_gmt":"2020-01-11T14:31:05","slug":"rue-stern","status":"publish","type":"page","link":"https:\/\/jfpiquet.com\/?page_id=112","title":{"rendered":"Rue Stern"},"content":{"rendered":"\n<p>\u00c9ditions de la Diff\u00e9rence, 1993.<br>Ouvrage \u00e9puis\u00e9 chez l\u2019\u00e9diteur. Quelques exemplaires encore disponibles \u00e0 commander directement aupr\u00e8s de l\u2019auteur. <\/p>\n\n\n\n<p style=\"text-align:center\"><\/p>\n\n\n\n<div class=\"wp-block-image\"><figure class=\"aligncenter\"><img decoding=\"async\" loading=\"lazy\" width=\"198\" height=\"300\" src=\"https:\/\/jfpiquet.com\/wp-content\/uploads\/2020\/01\/RStern_93-198x300.jpg\" alt=\"Couverture de &quot;Rue Stern&quot;\" class=\"wp-image-116\" srcset=\"https:\/\/jfpiquet.com\/wp-content\/uploads\/2020\/01\/RStern_93-198x300.jpg 198w, https:\/\/jfpiquet.com\/wp-content\/uploads\/2020\/01\/RStern_93-768x1164.jpg 768w, https:\/\/jfpiquet.com\/wp-content\/uploads\/2020\/01\/RStern_93-676x1024.jpg 676w, https:\/\/jfpiquet.com\/wp-content\/uploads\/2020\/01\/RStern_93.jpg 1000w\" sizes=\"(max-width: 198px) 100vw, 198px\" \/><\/figure><\/div>\n\n\n\n<p><em>Quatri\u00e8me de couverture<\/em><\/p>\n\n\n\n<p>\u00ab&nbsp;La rue Stern est l\u2019ultime refuge de l\u2019\u00e9crivain&nbsp;: son imaginaire. Elle traverse le dernier vieux quartier de la Ville, celui-l\u00e0 m\u00eame dont Madame Lhakariez, la logeuse, dit qu\u2019il qu\u2019on ne pourra jamais le d\u00e9truire, car il est la m\u00e9moire de la Ville. Les personnages que l\u2019on y rencontre sont arriv\u00e9s l\u00e0 au terme d\u2019une fuite ou d\u2019une qu\u00eate, ou parce qu\u2019ils ne pouvaient aller plus loin. La rue Stern se termine en cul-de-sac au pied du mur d\u2019enceinte qui prot\u00e8ge la Ville tout autant qu\u2019il l\u2019emprisonne. C\u2019est sur ce mur que l\u2019\u00e9crivain a trac\u00e9 ces mots&nbsp;: \u2018Notre vie ressemble \u00e0 la ville invent\u00e9e&nbsp;: nous en avons chass\u00e9 les Gueux et les Indiens l\u2019ont d\u00e9sert\u00e9e.\u2019&nbsp;\u00bb <\/p>\n\n\n\n<hr class=\"wp-block-separator\"\/>\n\n\n\n<p><em>Premi\u00e8re page<\/em><\/p>\n\n\n\n<p>\u00ab&nbsp;Je viens d\u2019emm\u00e9nager dans le 8\u00e8me District du quartier sud-ouest, le dernier vieux district de la ville, la derni\u00e8re pustule sur son visage moderne. Il se situe dans l\u2019angle aigu form\u00e9 par le 9\u00e8me Boulevard et la 5\u00e8me Avenue, lesquels d\u00e9bouchent sur la voie p\u00e9riph\u00e9rique&nbsp;; au-del\u00e0 de celle-ci s\u2019\u00e9l\u00e8ve un rempart cr\u00e9nel\u00e9 de b\u00e2timents d\u00e9saffect\u00e9s aux fa\u00e7ades fuligineuses&nbsp;; derri\u00e8re, il y a le Mur.<br>Certaines rues du 8\u00e8me District sont encore pav\u00e9es. Aucune construction \u2013 \u00e0 l\u2019exception des b\u00e2timents qui bordent le Mur \u2013 ne poss\u00e8de plus de quatre \u00e9tages. Beaucoup de logements sont vides et les Autorit\u00e9s veillent \u00e0 ce qu\u2019ils le restent. Le 8\u00e8me District vit en sursis. Encore quelques ann\u00e9es, puis il dispara\u00eetra.<br>J\u2019ai rencontr\u00e9 Gil dans le bar-tabac du Capitaine. C\u2019est lui qui m\u2019a indiqu\u00e9 l\u2019adresse de Madame Lhakariez. Je n\u2019aurais trouv\u00e9 nulle part ailleurs de logement \u00e0 si bon march\u00e9. Bien s\u00fbr, le confort s\u2019en ressent et je d\u00e9teste le vieux, l\u2019incommode et le sale. Mais peu importe, je ne sais pas combien de temps je resterai ici. Ces derni\u00e8res semaines, j\u2019ai habit\u00e9 dans l\u2019un des h\u00f4tels-r\u00e9sidences dont s\u2019occupe le Bureau des H\u00f4tes de la ville. L\u00e0 non plus, je ne savais pas combien de temps j\u2019allais rester.&nbsp;\u00bb <\/p>\n\n\n\n<hr class=\"wp-block-separator\"\/>\n\n\n\n<p><em>Coupures de presse<\/em><\/p>\n\n\n\n<p>\u00ab &#8230;ce qui retient dans cette&nbsp;<em>Rue Stern<\/em>, c&rsquo;est le souffle, l&rsquo;urgence, l&rsquo;intensit\u00e9, l&rsquo;in\u00e9luctable n\u00e9cessit\u00e9 qui conduit le r\u00e9cit. Un livre rare.&nbsp;\u00bb<br>Thierry ALTMAN,<br><em>La Cit\u00e9<\/em>, 1er avril 1993<br><\/p>\n\n\n\n<hr class=\"wp-block-separator\"\/>\n\n\n\n<p>\u00ab Ce que nous faisons avec nos villes, nous le faisons avec nos vies. Et r\u00e9ciproquement. Piquet, sans compromission, en fait le constat avec talent et sobri\u00e9t\u00e9. Un constat plus d\u00e9sesp\u00e9r\u00e9 que nostalgique, qui met le lecteur au pied de son mur int\u00e9rieur.&nbsp;\u00bb<br>Louise LAMBERT,<br><em>La Croix<\/em>, 22 f\u00e9vrier 1993<br><\/p>\n\n\n\n<hr class=\"wp-block-separator\"\/>\n\n\n\n<p>\u00ab &#8230;un gros travail d&rsquo;\u00e9criture. Les mots sonnent juste et l&rsquo;on sent derri\u00e8re chacun d&rsquo;eux une grande application. Beaucoup de soins, de r\u00e9flexion. Cela donne une gravit\u00e9 au r\u00e9cit qui devient dense.&nbsp;\u00bb<br>Anne ROHOU,<br><em>Le R\u00e9publicain<\/em>, 18 f\u00e9vrier 1993<br><\/p>\n\n\n\n<hr class=\"wp-block-separator\"\/>\n\n\n\n<p>\u00ab (\u2026) Ce roman, s\u2019il n\u2019\u00e9tait m\u00e9lancolique, serait une bonne satire de la d\u00e9confiture urbanistique actuelle, et des soci\u00e9t\u00e9s dont elle d\u00e9coule&nbsp;; tel qu\u2019il est, c\u2019est aussi un r\u00e9quisitoire. C\u2019est un ouvrage qui appelle les traductions d&rsquo;un continent \u00e0 l&rsquo;autre, il a l&rsquo;air d&rsquo;avoir \u00e9t\u00e9 \u00e9crit pr\u00e9cis\u00e9ment pour chacune des grandes capitales.&nbsp;\u00bb<br>Mich\u00e8le BERNSTEIN,<br><em>Lib\u00e9ration<\/em>, 13 mai 1993<br><\/p>\n\n\n\n<hr class=\"wp-block-separator\"\/>\n\n\n\n<p>Rue Stern a \u00e9t\u00e9 pr\u00e9sent\u00e9 sur plusieurs radios locales, ainsi que sur France-Culture par Gilbert Lascault (<em>Panorama<\/em>, le 3\/3\/1993).\n\n<\/p>\n","protected":false},"excerpt":{"rendered":"<p>\u00c9ditions de la Diff\u00e9rence, 1993.Ouvrage \u00e9puis\u00e9 chez l\u2019\u00e9diteur. Quelques exemplaires encore disponibles \u00e0 commander directement aupr\u00e8s de l\u2019auteur. Quatri\u00e8me de couverture \u00ab&nbsp;La [&hellip;]<\/p>\n","protected":false},"author":2,"featured_media":0,"parent":0,"menu_order":0,"comment_status":"closed","ping_status":"closed","template":"","meta":[],"_links":{"self":[{"href":"https:\/\/jfpiquet.com\/index.php?rest_route=\/wp\/v2\/pages\/112"}],"collection":[{"href":"https:\/\/jfpiquet.com\/index.php?rest_route=\/wp\/v2\/pages"}],"about":[{"href":"https:\/\/jfpiquet.com\/index.php?rest_route=\/wp\/v2\/types\/page"}],"author":[{"embeddable":true,"href":"https:\/\/jfpiquet.com\/index.php?rest_route=\/wp\/v2\/users\/2"}],"replies":[{"embeddable":true,"href":"https:\/\/jfpiquet.com\/index.php?rest_route=%2Fwp%2Fv2%2Fcomments&post=112"}],"version-history":[{"count":4,"href":"https:\/\/jfpiquet.com\/index.php?rest_route=\/wp\/v2\/pages\/112\/revisions"}],"predecessor-version":[{"id":186,"href":"https:\/\/jfpiquet.com\/index.php?rest_route=\/wp\/v2\/pages\/112\/revisions\/186"}],"wp:attachment":[{"href":"https:\/\/jfpiquet.com\/index.php?rest_route=%2Fwp%2Fv2%2Fmedia&parent=112"}],"curies":[{"name":"wp","href":"https:\/\/api.w.org\/{rel}","templated":true}]}}